{"id":400,"date":"2021-08-09T08:52:17","date_gmt":"2021-08-09T08:52:17","guid":{"rendered":"https:\/\/www.intimexcoffee.com.vn\/instant-coffee\/"},"modified":"2022-09-08T08:38:39","modified_gmt":"2022-09-08T08:38:39","slug":"ca-phe-hoa-tan","status":"publish","type":"page","link":"https:\/\/www.intimexcoffee.com.vn\/vi\/ca-phe-hoa-tan\/","title":{"rendered":"C\u00c0 PH\u00ca H\u00d2A TAN"},"content":{"rendered":"<div class=\"wpb-content-wrapper\">[mk_page_section bg_position=&#8221;center center&#8221; bg_repeat=&#8221;no-repeat&#8221; bg_stretch=&#8221;true&#8221; full_width=&#8221;true&#8221; padding_top=&#8221;0&#8243; padding_bottom=&#8221;0&#8243; el_class=&#8221;green_beans_page_section_hero_banner&#8221; sidebar=&#8221;sidebar-1&#8243;][vc_column][mk_slideshow_box images=&#8221;1086,1088,1090&#8243; section_height=&#8221;100&#8243; full_height=&#8221;true&#8221;][\/mk_slideshow_box][\/vc_column][\/mk_page_section][mk_page_section bg_color=&#8221;#404d87&#8243; el_class=&#8221;section-padding section-plant&#8221; sidebar=&#8221;sidebar-1&#8243;][vc_column][vc_row_inner el_class=&#8221;row-plant&#8221;][vc_column_inner el_class=&#8221;order-2&#8243; width=&#8221;1\/2&#8243;][vc_column_text css=&#8221;.vc_custom_1638755246303{margin-bottom: 0px !important;}&#8221;]\n<h1><span class=\"--color-white\">NH\u00c0 M\u00c1Y<br \/>\nC\u00c0 PH\u00ca H\u00d2A TAN<\/span><\/h1>\n[\/vc_column_text][vc_separator color=&#8221;custom&#8221; align=&#8221;align_left&#8221; border_width=&#8221;6&#8243; el_width=&#8221;20&#8243; accent_color=&#8221;#aee4ff&#8221;][mk_padding_divider size=&#8221;20&#8243;][vc_column_text css=&#8221;.vc_custom_1638755032233{margin-bottom: 0px !important;}&#8221;]<span class=\"--color-white\">Ch\u00ednh th\u1ee9c \u0111i v\u00e0o ho\u1ea1t \u0111\u1ed9ng v\u00e0o th\u00e1ng 12 n\u0103m 2019, Nh\u00e0 m\u00e1y c\u00e0 ph\u00ea h\u00f2a tan Intimex n\u1eb1m t\u1ea1i khu c\u00f4ng nghi\u1ec7p Vi\u1ec7t Nam Singapore II-A, t\u1ec9nh B\u00ecnh D\u01b0\u01a1ng, v\u1eadn h\u00e0ng v\u1edbi c\u00f4ng su\u1ea5t 4,000 t\u1ea5n c\u00e0 ph\u00ea s\u1ea5y phun m\u1ed7i n\u0103m<\/span>[\/vc_column_text][mk_button dimension=&#8221;flat&#8221; size=&#8221;medium&#8221; url=&#8221;#brochure&#8221; el_class=&#8221;btn_view_more trigger-lightbox&#8221;]T\u1ea3i v\u1ec1 brochure nh\u00e0 m\u00e1y c\u00e0 ph\u00ea h\u00f2a tan[\/mk_button][vc_raw_html el_id=&#8221;brochure&#8221; el_class=&#8221;mfp-hide&#8221;]JTVCd29uZGVycGx1Z2luX3BkZiUyMHNyYyUzRCUyMiUyRndwLWNvbnRlbnQlMkZ1cGxvYWRzJTJGMjAyMiUyRjA5JTJGYnJvY2h1cmUtMjAyMi1pbnRpbWV4LWZpbmFsX2luc3RhbnQucGRmJTIyJTIwd2lkdGglM0QlMjIxMDAlMjUlMjIlMjBoZWlnaHQlM0QlMjI3MDBweCUyMiUyMHN0eWxlJTNEJTIyYm9yZGVyJTNBMCUzQiUyMiU1RA==[\/vc_raw_html][\/vc_column_inner][vc_column_inner el_class=&#8221;order-1&#8243; width=&#8221;1\/2&#8243;][vc_single_image image=&#8221;1284&#8243; img_size=&#8221;full&#8221; alignment=&#8221;center&#8221; el_class=&#8221;image_our_commitment&#8221;][\/vc_column_inner][\/vc_row_inner][\/vc_column][\/mk_page_section][mk_page_section el_class=&#8221;section-production&#8221; sidebar=&#8221;sidebar-1&#8243;][vc_column][mk_padding_divider][vc_row_inner][vc_column_inner][vc_column_text css=&#8221;.vc_custom_1638755261352{margin-bottom: 0px !important;}&#8221;]\n<h2>S\u1ea2N PH\u1ea8M<\/h2>\n[\/vc_column_text][vc_separator color=&#8221;custom&#8221; align=&#8221;align_left&#8221; border_width=&#8221;6&#8243; el_width=&#8221;10&#8243; accent_color=&#8221;#404d87&#8243;][\/vc_column_inner][\/vc_row_inner][\/vc_column][\/mk_page_section][mk_page_section el_class=&#8221;section-production&#8221; sidebar=&#8221;sidebar-1&#8243;][vc_column][mk_padding_divider][vc_row_inner][vc_column_inner width=&#8221;1\/2&#8243;][vc_single_image image=&#8221;1889&#8243; img_size=&#8221;full&#8221; alignment=&#8221;center&#8221;][vc_column_text align=&#8221;center&#8221; css=&#8221;.vc_custom_1638755484076{margin-bottom: 0px !important;}&#8221;]\n<h3 class=\"name_coffee\">C\u00c0 PH\u00ca S\u1ea4Y PHUN ROBUSTA<\/h3>\n[\/vc_column_text][\/vc_column_inner][vc_column_inner width=&#8221;1\/2&#8243;][vc_single_image image=&#8221;1887&#8243; img_size=&#8221;full&#8221; alignment=&#8221;center&#8221;][vc_column_text align=&#8221;center&#8221; css=&#8221;.vc_custom_1638755470479{margin-bottom: 0px !important;}&#8221;]\n<h3 class=\"name_coffee\">C\u00c0 PH\u00ca S\u1ea4Y PHUN ARABICA<\/h3>\n[\/vc_column_text][\/vc_column_inner][\/vc_row_inner][\/vc_column][\/mk_page_section][mk_page_section el_class=&#8221;section-padding section-system&#8221; sidebar=&#8221;sidebar-1&#8243;][vc_column][vc_row_inner][vc_column_inner width=&#8221;1\/2&#8243;][vc_single_image image=&#8221;970&#8243; img_size=&#8221;full&#8221;][\/vc_column_inner][vc_column_inner el_class=&#8221;column-system-content&#8221; width=&#8221;1\/2&#8243;][mk_padding_divider size=&#8221;30&#8243; visibility=&#8221;visible-sm&#8221;][vc_column_text css=&#8221;.vc_custom_1638755681366{margin-bottom: 0px !important;}&#8221;]\n<h2>H\u1ec6 TH\u1ed0NG M\u00c1Y RANG C\u00c0 PH\u00ca<\/h2>\n[\/vc_column_text][vc_separator color=&#8221;custom&#8221; align=&#8221;align_left&#8221; border_width=&#8221;6&#8243; el_width=&#8221;20&#8243; accent_color=&#8221;#404d87&#8243;][mk_padding_divider size=&#8221;30&#8243; visibility=&#8221;hidden-sm&#8221;][mk_padding_divider size=&#8221;30&#8243; visibility=&#8221;visible-sm&#8221;][vc_column_text css=&#8221;.vc_custom_1650852199699{margin-bottom: 0px !important;}&#8221;]Nh\u00e0 m\u00e1y s\u1eed d\u1ee5ng d\u00e2y chuy\u1ec1n c\u00f4ng ngh\u1ec7 n\u1ed5i ti\u1ebfng RG c\u1ee7a nh\u00e0 s\u1ea3n xu\u1ea5t m\u00e1y rang h\u00e0ng \u0111\u1ea7u Th\u1ebf gi\u1edbi hi\u1ec7n nay &#8211; Neuhaus Neotec (\u0110\u1ee9c)[\/vc_column_text][\/vc_column_inner][\/vc_row_inner][mk_padding_divider][vc_row_inner el_class=&#8221;row-extract&#8221;][vc_column_inner el_class=&#8221;column-system-content2 order-2&#8243; width=&#8221;1\/2&#8243;][mk_padding_divider size=&#8221;30&#8243; visibility=&#8221;visible-sm&#8221;][vc_column_text css=&#8221;.vc_custom_1638760918689{margin-bottom: 0px !important;}&#8221;]\n<h2>D\u00c2Y CHUY\u1ec0N S\u1ea2N XU\u1ea4T<\/h2>\n[\/vc_column_text][vc_separator color=&#8221;custom&#8221; align=&#8221;align_left&#8221; border_width=&#8221;6&#8243; el_width=&#8221;20&#8243; accent_color=&#8221;#404d87&#8243;][mk_padding_divider size=&#8221;30&#8243;][vc_column_text css=&#8221;.vc_custom_1638760931288{margin-bottom: 0px !important;}&#8221;]D\u00e2y chuy\u1ec1n s\u1ea3n xu\u1ea5t v\u00e0 c\u00f4ng ngh\u1ec7 x\u1eed l\u00fd c\u1ee7a nh\u00e0 m\u00e1y \u0111\u01b0\u1ee3c cung c\u1ea5p b\u1edfi t\u1eadp \u0111o\u00e0n GEA-Niro (\u0110an M\u1ea1ch), doanh nghi\u1ec7p \u0111\u1ee9ng \u0111\u1ea7u v\u1ec1 cung c\u1ea5p d\u00e2y chuy\u1ec1n c\u00f4ng ngh\u1ec7 cho c\u00e1c nh\u00e0 m\u00e1y c\u00e0 ph\u00ea l\u1edbn nh\u1ea5t tr\u00ean to\u00e0n c\u1ea7u[\/vc_column_text][\/vc_column_inner][vc_column_inner el_class=&#8221;column-system-image order-1&#8243; width=&#8221;1\/2&#8243;][vc_single_image image=&#8221;1350&#8243; img_size=&#8221;full&#8221; alignment=&#8221;right&#8221; el_class=&#8221;image-extract&#8221;][\/vc_column_inner][\/vc_row_inner][\/vc_column][\/mk_page_section][mk_page_section bg_color=&#8221;#f8f8f8&#8243; el_class=&#8221;section-padding section-fic&#8221; sidebar=&#8221;sidebar-1&#8243;][vc_column][vc_row_inner][vc_column_inner width=&#8221;1\/2&#8243;][vc_single_image image=&#8221;968&#8243; img_size=&#8221;full&#8221; alignment=&#8221;center&#8221;][mk_padding_divider size=&#8221;30&#8243; visibility=&#8221;visible-sm&#8221;][\/vc_column_inner][vc_column_inner el_class=&#8221;column-content-fic&#8221; width=&#8221;1\/2&#8243;][vc_column_text css=&#8221;.vc_custom_1638760955323{margin-bottom: 0px !important;}&#8221;]H\u1ec7 th\u1ed1ng \u00e1p d\u1ee5ng c\u00f4ng ngh\u1ec7 FIC\u00ae ti\u00ean ti\u1ebfn nh\u1ea5t, \u0111\u01b0\u1ee3c thi\u1ebft k\u1ebf ri\u00eang cho Intimex Group, v\u1eeba b\u1ea3o \u0111\u1ea3m s\u1ea3n ph\u1ea9m cu\u1ed1i c\u00f9ng \u0111\u01b0\u1ee3c t\u1ea1o ra v\u1eabn gi\u1eef \u0111\u01b0\u1ee3c 100% ch\u1ea5t l\u01b0\u1ee3ng v\u00e0 h\u01b0\u01a1ng v\u1ecb c\u00e0 ph\u00ea nguy\u00ean b\u1ea3n, v\u1eeba t\u1ed1i \u01b0u h\u00f3a \u0111\u01b0\u1ee3c hi\u1ec7u n\u0103ng v\u00e0 chi ph\u00ed s\u1ea3n xu\u1ea5t[\/vc_column_text][\/vc_column_inner][\/vc_row_inner][\/vc_column][\/mk_page_section][mk_page_section el_class=&#8221;section-padding section-packed&#8221; sidebar=&#8221;sidebar-1&#8243;][vc_column][vc_row_inner el_class=&#8221;row-packed&#8221;][vc_column_inner el_class=&#8221;column-packed-content order-2&#8243; width=&#8221;1\/2&#8243;][mk_padding_divider size=&#8221;30&#8243; visibility=&#8221;visible-sm&#8221;][vc_column_text css=&#8221;.vc_custom_1638761452508{margin-bottom: 0px !important;}&#8221;]V\u1edbi v\u1ecb th\u1ebf l\u00e0 doanh nghi\u1ec7p thu mua v\u00e0 ch\u1ebf bi\u1ebfn c\u00e0 ph\u00ea nh\u00e2n s\u1ed1 m\u1ed9t Vi\u1ec7t Nam, nh\u00e0 m\u00e1y c\u00e0 ph\u00ea h\u00f2a tan Intimex Group c\u00f3 \u0111\u01b0\u1ee3c s\u1ef1 \u0111\u1ea3m b\u1ea3o v\u1ec1 ngu\u1ed3n h\u00e0ng v\u00e0 ch\u1ea5t l\u01b0\u1ee3ng c\u1ee7a nguy\u00ean li\u1ec7u \u0111\u1ea7u v\u00e0o. \u0110i\u1ec1u n\u00e0y gi\u00fap nh\u00e0 m\u00e1y c\u00f3 th\u1ec3 cung \u1ee9ng c\u00e0 ph\u00ea h\u00f2a tan nguy\u00ean li\u1ec7u \u1edf nhi\u1ec1u ph\u00e2n kh\u00fac kh\u00e1c nhau v\u1edbi gi\u00e1 c\u1ea1nh tranh nh\u1ea5t.<\/p>\n<p>S\u1ea3n ph\u1ea9m \u0111\u01b0\u1ee3c x\u1eed l\u00fd v\u00e0 \u0111\u00f3ng g\u00f3i trong th\u00f9ng carton v\u1edbi kh\u1ed1i l\u01b0\u1ee3ng 20\/25kg ho\u1eb7c bao big bag.[\/vc_column_text][\/vc_column_inner][vc_column_inner el_class=&#8221;column-packed-image order-1&#8243; width=&#8221;1\/2&#8243;][vc_single_image image=&#8221;976&#8243; img_size=&#8221;full&#8221; el_class=&#8221;image-packed&#8221;][\/vc_column_inner][\/vc_row_inner][\/vc_column][\/mk_page_section][mk_page_section el_class=&#8221;section-padding section-process&#8221; sidebar=&#8221;sidebar-1&#8243;][vc_column][vc_row_inner][vc_column_inner][vc_column_text css=&#8221;.vc_custom_1630984231884{margin-bottom: 0px !important;}&#8221;]\n<h2>Our Processed<\/h2>\n[\/vc_column_text][vc_separator color=&#8221;custom&#8221; align=&#8221;align_left&#8221; border_width=&#8221;6&#8243; el_width=&#8221;10&#8243; accent_color=&#8221;#404d87&#8243;][mk_padding_divider][vc_single_image image=&#8221;670&#8243; img_size=&#8221;full&#8221; alignment=&#8221;center&#8221;][\/vc_column_inner][\/vc_row_inner][\/vc_column][\/mk_page_section][mk_page_section min_height=&#8221;50&#8243; el_class=&#8221;section-padding&#8221; sidebar=&#8221;sidebar-1&#8243;][vc_column][vc_column_text css=&#8221;.vc_custom_1638761469237{margin-bottom: 0px !important;}&#8221;]\n<h2>TI\u00caU CHU\u1ea8N CH\u1ea4T L\u01af\u1ee2NG<\/h2>\n[\/vc_column_text][vc_separator color=&#8221;custom&#8221; align=&#8221;align_left&#8221; border_width=&#8221;6&#8243; el_width=&#8221;10&#8243; accent_color=&#8221;#404d87&#8243;][vc_empty_space][vc_column_text css=&#8221;.vc_custom_1635131746154{margin-bottom: 0px !important;}&#8221;][\/vc_column_text][mk_padding_divider][vc_row_inner][vc_column_inner width=&#8221;1\/5&#8243;][\/vc_column_inner][vc_column_inner width=&#8221;1\/5&#8243;][vc_single_image image=&#8221;801&#8243; img_size=&#8221;full&#8221; alignment=&#8221;center&#8221;][\/vc_column_inner][vc_column_inner width=&#8221;1\/5&#8243;][vc_single_image image=&#8221;805&#8243; img_size=&#8221;full&#8221; alignment=&#8221;center&#8221;][\/vc_column_inner][vc_column_inner width=&#8221;1\/5&#8243;][vc_single_image image=&#8221;881&#8243; img_size=&#8221;full&#8221; alignment=&#8221;center&#8221;][\/vc_column_inner][vc_column_inner width=&#8221;1\/5&#8243;][\/vc_column_inner][\/vc_row_inner][\/vc_column][\/mk_page_section][mk_page_section full_width=&#8221;true&#8221; padding_top=&#8221;0&#8243; padding_bottom=&#8221;0&#8243; sidebar=&#8221;sidebar-1&#8243;][vc_column][vc_gmaps link=&#8221;#E-8_JTNDaWZyYW1lJTIwc3JjJTNEJTIyaHR0cHMlM0ElMkYlMkZ3d3cuZ29vZ2xlLmNvbSUyRm1hcHMlMkZlbWJlZCUzRnBiJTNEJTIxMW0xOCUyMTFtMTIlMjExbTMlMjExZDEzODQuMjAyNjMzODAzNTE5OCUyMTJkMTA2LjY5NzMxODgyODgzNzIlMjEzZDExLjEwNDcxMTE2Njg2MjU4MiUyMTJtMyUyMTFmMCUyMTJmMCUyMTNmMCUyMTNtMiUyMTFpMTAyNCUyMTJpNzY4JTIxNGYxMy4xJTIxM20zJTIxMW0yJTIxMXMweDMxNzRjZmFmYTE0NDU3NDElMjUzQTB4OThlYmI1MTAxNTc3N2UxMSUyMTJ6UTJocElFNW93NkZ1YUNCRHc3UnVaeUIwZVNCRFVDQlV4SkFnU1c1MGFXMWxlQ0IwWVdrZ1ZNT2liaUJWZWNPcWJpQXRJRTVvdzZBZ1RjT2hlU0JEYU9HNnZ5QkNhZUc2djI0Z1E4T2dJRkJvdzZvZ1NNT3lZU0JVWVc0Z1NXNTBhVzFsZUElMjE1ZTAlMjEzbTIlMjExc2VuJTIxMnMlMjE0djE2MzU0ODIyMDUzNjMlMjE1bTIlMjExc2VuJTIxMnMlMjIlMjB3aWR0aCUzRCUyMjYwMCUyMiUyMGhlaWdodCUzRCUyMjQ1MCUyMiUyMHN0eWxlJTNEJTIyYm9yZGVyJTNBMCUzQiUyMiUyMGFsbG93ZnVsbHNjcmVlbiUzRCUyMiUyMiUyMGxvYWRpbmclM0QlMjJsYXp5JTIyJTNFJTNDJTJGaWZyYW1lJTNF&#8221;][\/vc_column][\/mk_page_section]\n<\/div>","protected":false},"excerpt":{"rendered":"<p>[mk_page_section bg_position=&#8221;center center&#8221; bg_repeat=&#8221;no-repeat&#8221; bg_stretch=&#8221;true&#8221; full_width=&#8221;true&#8221; padding_top=&#8221;0&#8243; padding_bottom=&#8221;0&#8243; el_class=&#8221;green_beans_page_section_hero_banner&#8221; sidebar=&#8221;sidebar-1&#8243;][vc_column][mk_slideshow_box images=&#8221;1086,1088,1090&#8243; section_height=&#8221;100&#8243; full_height=&#8221;true&#8221;][\/mk_slideshow_box][\/vc_column][\/mk_page_section][mk_page_section bg_color=&#8221;#404d87&#8243; el_class=&#8221;section-padding section-plant&#8221; sidebar=&#8221;sidebar-1&#8243;][vc_column][vc_row_inner el_class=&#8221;row-plant&#8221;][vc_column_inner el_class=&#8221;order-2&#8243; width=&#8221;1\/2&#8243;][vc_column_text css=&#8221;.vc_custom_1638755246303{margin-bottom: 0px !important;}&#8221;] NH\u00c0 M\u00c1Y C\u00c0 PH\u00ca H\u00d2A TAN [\/vc_column_text][vc_separator color=&#8221;custom&#8221; align=&#8221;align_left&#8221; border_width=&#8221;6&#8243; el_width=&#8221;20&#8243; accent_color=&#8221;#aee4ff&#8221;][mk_padding_divider size=&#8221;20&#8243;][vc_column_text css=&#8221;.vc_custom_1638755032233{margin-bottom: 0px !important;}&#8221;]Ch\u00ednh th\u1ee9c \u0111i v\u00e0o ho\u1ea1t \u0111\u1ed9ng v\u00e0o th\u00e1ng 12 n\u0103m 2019, Nh\u00e0 m\u00e1y c\u00e0 ph\u00ea h\u00f2a tan [&hellip;]<\/p>\n","protected":false},"author":1,"featured_media":0,"parent":0,"menu_order":0,"comment_status":"closed","ping_status":"closed","template":"","meta":{"inline_featured_image":false,"footnotes":""},"class_list":["post-400","page","type-page","status-publish","hentry"],"yoast_head":"<!-- This site is optimized with the Yoast SEO plugin v23.6 - https:\/\/yoast.com\/wordpress\/plugins\/seo\/ -->\n<title>C\u00c0 PH\u00ca H\u00d2A TAN - INTIMEX GROUP<\/title>\n<meta name=\"description\" content=\"We are proud to be the leading one with the annual export volume of 450,000 tons green coffee bean. Up to now, we are operating 13 green coffee bean processing factories and 1 instant coffee processing factory across different key regions in Vietnam\" \/>\n<meta name=\"robots\" content=\"index, follow, max-snippet:-1, max-image-preview:large, max-video-preview:-1\" \/>\n<link rel=\"canonical\" href=\"https:\/\/www.intimexcoffee.com.vn\/vi\/ca-phe-hoa-tan\/\" \/>\n<meta property=\"og:locale\" content=\"vi_VN\" \/>\n<meta property=\"og:type\" content=\"article\" \/>\n<meta property=\"og:title\" content=\"C\u00c0 PH\u00ca H\u00d2A TAN - INTIMEX GROUP\" \/>\n<meta property=\"og:description\" content=\"We are proud to be the leading one with the annual export volume of 450,000 tons green coffee bean. Up to now, we are operating 13 green coffee bean processing factories and 1 instant coffee processing factory across different key regions in Vietnam\" \/>\n<meta property=\"og:url\" content=\"https:\/\/www.intimexcoffee.com.vn\/vi\/ca-phe-hoa-tan\/\" \/>\n<meta property=\"og:site_name\" content=\"INTIMEX GROUP\" \/>\n<meta property=\"article:modified_time\" content=\"2022-09-08T08:38:39+00:00\" \/>\n<meta name=\"twitter:card\" content=\"summary_large_image\" \/>\n<meta name=\"twitter:label1\" content=\"Est. reading time\" \/>\n\t<meta name=\"twitter:data1\" content=\"3 minutes\" \/>\n<script type=\"application\/ld+json\" class=\"yoast-schema-graph\">{\"@context\":\"https:\/\/schema.org\",\"@graph\":[{\"@type\":\"WebPage\",\"@id\":\"https:\/\/www.intimexcoffee.com.vn\/vi\/ca-phe-hoa-tan\/\",\"url\":\"https:\/\/www.intimexcoffee.com.vn\/vi\/ca-phe-hoa-tan\/\",\"name\":\"C\u00c0 PH\u00ca H\u00d2A TAN - INTIMEX GROUP\",\"isPartOf\":{\"@id\":\"https:\/\/www.intimexcoffee.com.vn\/#website\"},\"datePublished\":\"2021-08-09T08:52:17+00:00\",\"dateModified\":\"2022-09-08T08:38:39+00:00\",\"description\":\"We are proud to be the leading one with the annual export volume of 450,000 tons green coffee bean. Up to now, we are operating 13 green coffee bean processing factories and 1 instant coffee processing factory across different key regions in Vietnam\",\"breadcrumb\":{\"@id\":\"https:\/\/www.intimexcoffee.com.vn\/vi\/ca-phe-hoa-tan\/#breadcrumb\"},\"inLanguage\":\"vi-VN\",\"potentialAction\":[{\"@type\":\"ReadAction\",\"target\":[\"https:\/\/www.intimexcoffee.com.vn\/vi\/ca-phe-hoa-tan\/\"]}]},{\"@type\":\"BreadcrumbList\",\"@id\":\"https:\/\/www.intimexcoffee.com.vn\/vi\/ca-phe-hoa-tan\/#breadcrumb\",\"itemListElement\":[{\"@type\":\"ListItem\",\"position\":1,\"name\":\"Home\",\"item\":\"https:\/\/www.intimexcoffee.com.vn\/vi\/\"},{\"@type\":\"ListItem\",\"position\":2,\"name\":\"C\u00c0 PH\u00ca H\u00d2A TAN\"}]},{\"@type\":\"WebSite\",\"@id\":\"https:\/\/www.intimexcoffee.com.vn\/#website\",\"url\":\"https:\/\/www.intimexcoffee.com.vn\/\",\"name\":\"INTIMEX GROUP\",\"description\":\"\",\"publisher\":{\"@id\":\"https:\/\/www.intimexcoffee.com.vn\/#organization\"},\"potentialAction\":[{\"@type\":\"SearchAction\",\"target\":{\"@type\":\"EntryPoint\",\"urlTemplate\":\"https:\/\/www.intimexcoffee.com.vn\/?s={search_term_string}\"},\"query-input\":{\"@type\":\"PropertyValueSpecification\",\"valueRequired\":true,\"valueName\":\"search_term_string\"}}],\"inLanguage\":\"vi-VN\"},{\"@type\":\"Organization\",\"@id\":\"https:\/\/www.intimexcoffee.com.vn\/#organization\",\"name\":\"INTIMEX GROUP\",\"url\":\"https:\/\/www.intimexcoffee.com.vn\/\",\"logo\":{\"@type\":\"ImageObject\",\"inLanguage\":\"vi-VN\",\"@id\":\"https:\/\/www.intimexcoffee.com.vn\/#\/schema\/logo\/image\/\",\"url\":\"https:\/\/www.intimexcoffee.com.vn\/wp-content\/uploads\/2021\/12\/cropped-logo-intimex-group-512x512-01.png\",\"contentUrl\":\"https:\/\/www.intimexcoffee.com.vn\/wp-content\/uploads\/2021\/12\/cropped-logo-intimex-group-512x512-01.png\",\"width\":512,\"height\":512,\"caption\":\"INTIMEX GROUP\"},\"image\":{\"@id\":\"https:\/\/www.intimexcoffee.com.vn\/#\/schema\/logo\/image\/\"}}]}<\/script>\n<!-- \/ Yoast SEO plugin. -->","yoast_head_json":{"title":"C\u00c0 PH\u00ca H\u00d2A TAN - INTIMEX GROUP","description":"We are proud to be the leading one with the annual export volume of 450,000 tons green coffee bean. Up to now, we are operating 13 green coffee bean processing factories and 1 instant coffee processing factory across different key regions in Vietnam","robots":{"index":"index","follow":"follow","max-snippet":"max-snippet:-1","max-image-preview":"max-image-preview:large","max-video-preview":"max-video-preview:-1"},"canonical":"https:\/\/www.intimexcoffee.com.vn\/vi\/ca-phe-hoa-tan\/","og_locale":"vi_VN","og_type":"article","og_title":"C\u00c0 PH\u00ca H\u00d2A TAN - INTIMEX GROUP","og_description":"We are proud to be the leading one with the annual export volume of 450,000 tons green coffee bean. Up to now, we are operating 13 green coffee bean processing factories and 1 instant coffee processing factory across different key regions in Vietnam","og_url":"https:\/\/www.intimexcoffee.com.vn\/vi\/ca-phe-hoa-tan\/","og_site_name":"INTIMEX GROUP","article_modified_time":"2022-09-08T08:38:39+00:00","twitter_card":"summary_large_image","twitter_misc":{"Est. reading time":"3 minutes"},"schema":{"@context":"https:\/\/schema.org","@graph":[{"@type":"WebPage","@id":"https:\/\/www.intimexcoffee.com.vn\/vi\/ca-phe-hoa-tan\/","url":"https:\/\/www.intimexcoffee.com.vn\/vi\/ca-phe-hoa-tan\/","name":"C\u00c0 PH\u00ca H\u00d2A TAN - INTIMEX GROUP","isPartOf":{"@id":"https:\/\/www.intimexcoffee.com.vn\/#website"},"datePublished":"2021-08-09T08:52:17+00:00","dateModified":"2022-09-08T08:38:39+00:00","description":"We are proud to be the leading one with the annual export volume of 450,000 tons green coffee bean. Up to now, we are operating 13 green coffee bean processing factories and 1 instant coffee processing factory across different key regions in Vietnam","breadcrumb":{"@id":"https:\/\/www.intimexcoffee.com.vn\/vi\/ca-phe-hoa-tan\/#breadcrumb"},"inLanguage":"vi-VN","potentialAction":[{"@type":"ReadAction","target":["https:\/\/www.intimexcoffee.com.vn\/vi\/ca-phe-hoa-tan\/"]}]},{"@type":"BreadcrumbList","@id":"https:\/\/www.intimexcoffee.com.vn\/vi\/ca-phe-hoa-tan\/#breadcrumb","itemListElement":[{"@type":"ListItem","position":1,"name":"Home","item":"https:\/\/www.intimexcoffee.com.vn\/vi\/"},{"@type":"ListItem","position":2,"name":"C\u00c0 PH\u00ca H\u00d2A TAN"}]},{"@type":"WebSite","@id":"https:\/\/www.intimexcoffee.com.vn\/#website","url":"https:\/\/www.intimexcoffee.com.vn\/","name":"INTIMEX GROUP","description":"","publisher":{"@id":"https:\/\/www.intimexcoffee.com.vn\/#organization"},"potentialAction":[{"@type":"SearchAction","target":{"@type":"EntryPoint","urlTemplate":"https:\/\/www.intimexcoffee.com.vn\/?s={search_term_string}"},"query-input":{"@type":"PropertyValueSpecification","valueRequired":true,"valueName":"search_term_string"}}],"inLanguage":"vi-VN"},{"@type":"Organization","@id":"https:\/\/www.intimexcoffee.com.vn\/#organization","name":"INTIMEX GROUP","url":"https:\/\/www.intimexcoffee.com.vn\/","logo":{"@type":"ImageObject","inLanguage":"vi-VN","@id":"https:\/\/www.intimexcoffee.com.vn\/#\/schema\/logo\/image\/","url":"https:\/\/www.intimexcoffee.com.vn\/wp-content\/uploads\/2021\/12\/cropped-logo-intimex-group-512x512-01.png","contentUrl":"https:\/\/www.intimexcoffee.com.vn\/wp-content\/uploads\/2021\/12\/cropped-logo-intimex-group-512x512-01.png","width":512,"height":512,"caption":"INTIMEX GROUP"},"image":{"@id":"https:\/\/www.intimexcoffee.com.vn\/#\/schema\/logo\/image\/"}}]}},"_links":{"self":[{"href":"https:\/\/www.intimexcoffee.com.vn\/vi\/wp-json\/wp\/v2\/pages\/400"}],"collection":[{"href":"https:\/\/www.intimexcoffee.com.vn\/vi\/wp-json\/wp\/v2\/pages"}],"about":[{"href":"https:\/\/www.intimexcoffee.com.vn\/vi\/wp-json\/wp\/v2\/types\/page"}],"author":[{"embeddable":true,"href":"https:\/\/www.intimexcoffee.com.vn\/vi\/wp-json\/wp\/v2\/users\/1"}],"replies":[{"embeddable":true,"href":"https:\/\/www.intimexcoffee.com.vn\/vi\/wp-json\/wp\/v2\/comments?post=400"}],"version-history":[{"count":56,"href":"https:\/\/www.intimexcoffee.com.vn\/vi\/wp-json\/wp\/v2\/pages\/400\/revisions"}],"predecessor-version":[{"id":2055,"href":"https:\/\/www.intimexcoffee.com.vn\/vi\/wp-json\/wp\/v2\/pages\/400\/revisions\/2055"}],"wp:attachment":[{"href":"https:\/\/www.intimexcoffee.com.vn\/vi\/wp-json\/wp\/v2\/media?parent=400"}],"curies":[{"name":"wp","href":"https:\/\/api.w.org\/{rel}","templated":true}]}}