{"id":398,"date":"2021-08-11T09:26:46","date_gmt":"2021-08-11T09:26:46","guid":{"rendered":"https:\/\/www.intimexcoffee.com.vn\/our-values\/"},"modified":"2021-12-05T16:07:09","modified_gmt":"2021-12-05T16:07:09","slug":"gia-tri-cot-loi","status":"publish","type":"page","link":"https:\/\/www.intimexcoffee.com.vn\/vi\/gia-tri-cot-loi\/","title":{"rendered":"GI\u00c1 TR\u1eca C\u1ed0T L\u00d5I"},"content":{"rendered":"<div class=\"wpb-content-wrapper\">[mk_page_section bg_position=&#8221;center center&#8221; bg_repeat=&#8221;no-repeat&#8221; bg_stretch=&#8221;true&#8221; full_width=&#8221;true&#8221; padding_top=&#8221;0&#8243; padding_bottom=&#8221;0&#8243; el_class=&#8221;green_beans_page_section_hero_banner&#8221; sidebar=&#8221;sidebar-1&#8243;][vc_column][mk_slideshow_box images=&#8221;1647,1649,1651,1653&#8243; bg_repeat=&#8221;no-repeat&#8221; section_height=&#8221;100&#8243; full_height=&#8221;true&#8221; padding_top=&#8221;0&#8243; padding_bottom=&#8221;0&#8243;][\/mk_slideshow_box][\/vc_column][\/mk_page_section][mk_page_section el_class=&#8221;our_value_section_vision_mission padding_top_bottom_section_50&#8243; sidebar=&#8221;sidebar-1&#8243;][vc_column][vc_row_inner][vc_column_inner][vc_column_text css=&#8221;.vc_custom_1636429115283{margin-bottom: 0px !important;}&#8221;][\/vc_column_text][mk_padding_divider size=&#8221;70&#8243;][\/vc_column_inner][\/vc_row_inner][vc_row_inner][vc_column_inner width=&#8221;1\/2&#8243;][mk_padding_divider visibility=&#8221;hidden-sm&#8221;][vc_single_image image=&#8221;1777&#8243; img_size=&#8221;full&#8221; alignment=&#8221;center&#8221;][\/vc_column_inner][vc_column_inner width=&#8221;1\/2&#8243;][vc_column_text css=&#8221;.vc_custom_1636687539693{margin-bottom: 0px !important;}&#8221;]\n<h2 class=\"title_in_circle\">T\u1ea6M NH\u00ccN<\/h2>\n[\/vc_column_text][vc_separator color=&#8221;custom&#8221; align=&#8221;align_left&#8221; border_width=&#8221;8&#8243; el_width=&#8221;20&#8243; accent_color=&#8221;#404d87&#8243;][vc_empty_space][vc_column_text css=&#8221;.vc_custom_1636687551669{margin-bottom: 0px !important;}&#8221;]Tr\u1edf th\u00e0nh T\u1eadp \u0111o\u00e0n h\u00e0ng \u0111\u1ea7u trong l\u0129nh v\u1ef1c kinh doanh xu\u1ea5t nh\u1eadp kh\u1ea9u n\u00f4ng s\u1ea3n v\u00e0 d\u1ecbch v\u1ee5 trong khu v\u1ef1c v\u00e0 th\u1ebf gi\u1edbi [\/vc_column_text][\/vc_column_inner][\/vc_row_inner][\/vc_column][\/mk_page_section][mk_page_section bg_color=&#8221;#f0eded&#8221; el_class=&#8221;our_value_section_vision_mission padding_top_bottom_section_50&#8243; sidebar=&#8221;sidebar-1&#8243;][vc_column][vc_row_inner el_class=&#8221;row-mission&#8221;][vc_column_inner el_class=&#8221;order-2&#8243; width=&#8221;1\/2&#8243;][mk_padding_divider][vc_column_text css=&#8221;.vc_custom_1636687566726{margin-bottom: 0px !important;}&#8221;]\n<h2 class=\"title_in_circle\">S\u1ee8 M\u1ec6NH<\/h2>\n[\/vc_column_text][vc_separator color=&#8221;custom&#8221; align=&#8221;align_left&#8221; border_width=&#8221;8&#8243; el_width=&#8221;20&#8243; accent_color=&#8221;#404d87&#8243;][vc_empty_space][vc_column_text css=&#8221;.vc_custom_1636687577599{margin-bottom: 0px !important;}&#8221;]\u0110\u00e1p \u1ee9ng t\u1ed1i \u0111a nhu c\u1ea7u c\u1ee7a kh\u00e1ch h\u00e0ng trong v\u00e0 ngo\u00e0i n\u01b0\u1edbc th\u00f4ng qua vi\u1ec7c cung \u1ee9ng c\u00e1c s\u1ea3n ph\u1ea9m h\u00e0ng h\u00f3a, d\u1ecbch v\u1ee5 ch\u1ea5t l\u01b0\u1ee3ng cao [\/vc_column_text][\/vc_column_inner][vc_column_inner el_class=&#8221;order-1&#8243; width=&#8221;1\/2&#8243;][mk_padding_divider visibility=&#8221;hidden-sm&#8221;][vc_single_image image=&#8221;1775&#8243; img_size=&#8221;full&#8221; alignment=&#8221;center&#8221;][\/vc_column_inner][\/vc_row_inner][\/vc_column][\/mk_page_section][mk_page_section el_class=&#8221;section-empty&#8221; sidebar=&#8221;sidebar-1&#8243;][vc_column width=&#8221;1\/2&#8243;][mk_padding_divider size=&#8221;100&#8243;][vc_single_image image=&#8221;1773&#8243; img_size=&#8221;full&#8221; alignment=&#8221;center&#8221;][\/vc_column][vc_column width=&#8221;1\/2&#8243;][mk_padding_divider][vc_column_text css=&#8221;.vc_custom_1638720187127{margin-bottom: 0px !important;}&#8221;]\n<h2 class=\"title_in_circle\">GI\u00c1 TR\u1eca<\/h2>\n[\/vc_column_text][vc_separator color=&#8221;custom&#8221; align=&#8221;align_left&#8221; border_width=&#8221;8&#8243; el_width=&#8221;20&#8243; accent_color=&#8221;#404d87&#8243;][vc_empty_space][vc_column_text css=&#8221;.vc_custom_1638720059477{margin-bottom: 0px !important;}&#8221;]\n<h3 class=\"title_section_sub color_balck_89BEFB\" style=\"text-align: left;\">Uy t\u00edn<\/h3>\n<p class=\"color_balck\" style=\"text-align: left;\">Lu\u00f4n \u0111\u1ea3m b\u1ea3o ch\u1ea5t l\u01b0\u1ee3ng s\u1ea3n ph\u1ea9m, d\u1ecbch v\u1ee5, gi\u1eef v\u1eefng c\u00e1c cam k\u1ebft v\u1edbi kh\u00e1ch h\u00e0ng v\u00e0 \u0111\u1ed1i t\u00e1c.<\/p>\n<h3 class=\"title_section_sub color_balck_89BEFB\">Tr\u00e1ch nhi\u1ec7m<\/h3>\n<p class=\"color_balck\" style=\"text-align: left;\">Lu\u00f4n h\u00e0nh \u0111\u1ed9ng v\u1edbi tr\u00e1ch nhi\u1ec7m cao nh\u1ea5t v\u00ec l\u1ee3i \u00edch c\u1ee7a kh\u00e1ch h\u00e0ng, c\u1ed5 \u0111\u00f4ng, ng\u01b0\u1eddi lao \u0111\u1ed9ng v\u00e0 c\u1ed9ng \u0111\u1ed3ng x\u00e3 h\u1ed9i.<\/p>\n<h3 class=\"title_section_sub color_balck_89BEFB\">Hi\u1ec7u qu\u1ea3<\/h3>\n<p class=\"color_balck\" style=\"text-align: left;\">S\u1eed d\u1ee5ng c\u00e1c ngu\u1ed3n l\u1ef1c, t\u1ea1o ra gi\u00e1 tr\u1ecb cao nh\u1ea5t v\u1edbi chi ph\u00ed th\u1ea5p nh\u1ea5t. \u0110em l\u1ea1i hi\u1ec7u qu\u1ea3 cho C\u00f4ng ty v\u00e0 kh\u00e1ch h\u00e0ng.<\/p>\n<h3 class=\"title_section_sub color_balck_89BEFB\">Chuy\u00ean nghi\u1ec7p<\/h3>\n<p class=\"color_balck\" style=\"text-align: left;\">&#8211; N\u0103ng l\u1ef1c chuy\u00ean m\u00f4n t\u1ed1t v\u00e0 th\u00e0nh th\u1ea1o trong c\u00f4ng vi\u1ec7c, hi\u1ec3u bi\u1ebft s\u00e2u v\u1ec1 c\u00f4ng vi\u1ec7c b\u1ea3n th\u00e2n ph\u1ee5 tr\u00e1ch<\/p>\n<p class=\"color_balck\" style=\"text-align: left;\">&#8211; Th\u1ef1c hi\u1ec7n c\u00f4ng vi\u1ec7c \u0111\u00fang qui tr\u00ecnh nh\u01b0ng kh\u00f4ng m\u00e1y m\u00f3c, ch\u1ee7 \u0111\u1ed9ng, s\u00e1ng t\u1ea1o lu\u00f4n t\u00ecm ra c\u00e1ch l\u00e0m vi\u1ec7c t\u1ed1t h\u01a1n \u0111\u1ec3 ho\u00e0n th\u00e0nh nhi\u1ec7m v\u1ee5<\/p>\n<p class=\"color_balck\" style=\"text-align: left;\">&#8211; L\u00e0m vi\u1ec7c c\u00f3 m\u1ee5c ti\u00eau, k\u1ebf ho\u1ea1ch r\u00f5 r\u00e0ng, m\u1ee5c ti\u00eau c\u1ee7a c\u00e1c nh\u00e2n ph\u00f9 h\u1ee3p v\u1edbi m\u1ee5c ti\u00eau c\u1ee7a \u0111\u01a1n v\u1ecb\/b\u1ed9 ph\u1eadn v\u00e0 h\u01b0\u1edbng \u0111\u00edch ho\u00e0n th\u00e0nh m\u1ee5c ti\u00eau chung c\u1ee7a C\u00f4ng ty\/\u0111\u01a1n v\u1ecb<\/p>\n<p class=\"color_balck\" style=\"text-align: left;\">&#8211; \u1ee8ng x\u1eed v\u1edbi m\u1ecdi ng\u01b0\u1eddi \u0111\u00fang chu\u1ea9n m\u1ef1c<\/p>\n[\/vc_column_text][\/vc_column][\/mk_page_section]\n<\/div>","protected":false},"excerpt":{"rendered":"<p>[mk_page_section bg_position=&#8221;center center&#8221; bg_repeat=&#8221;no-repeat&#8221; bg_stretch=&#8221;true&#8221; full_width=&#8221;true&#8221; padding_top=&#8221;0&#8243; padding_bottom=&#8221;0&#8243; el_class=&#8221;green_beans_page_section_hero_banner&#8221; sidebar=&#8221;sidebar-1&#8243;][vc_column][mk_slideshow_box images=&#8221;1647,1649,1651,1653&#8243; bg_repeat=&#8221;no-repeat&#8221; section_height=&#8221;100&#8243; full_height=&#8221;true&#8221; padding_top=&#8221;0&#8243; padding_bottom=&#8221;0&#8243;][\/mk_slideshow_box][\/vc_column][\/mk_page_section][mk_page_section el_class=&#8221;our_value_section_vision_mission padding_top_bottom_section_50&#8243; sidebar=&#8221;sidebar-1&#8243;][vc_column][vc_row_inner][vc_column_inner][vc_column_text css=&#8221;.vc_custom_1636429115283{margin-bottom: 0px !important;}&#8221;][\/vc_column_text][mk_padding_divider size=&#8221;70&#8243;][\/vc_column_inner][\/vc_row_inner][vc_row_inner][vc_column_inner width=&#8221;1\/2&#8243;][mk_padding_divider visibility=&#8221;hidden-sm&#8221;][vc_single_image image=&#8221;1777&#8243; img_size=&#8221;full&#8221; alignment=&#8221;center&#8221;][\/vc_column_inner][vc_column_inner width=&#8221;1\/2&#8243;][vc_column_text css=&#8221;.vc_custom_1636687539693{margin-bottom: 0px !important;}&#8221;] T\u1ea6M NH\u00ccN [\/vc_column_text][vc_separator color=&#8221;custom&#8221; align=&#8221;align_left&#8221; border_width=&#8221;8&#8243; el_width=&#8221;20&#8243; accent_color=&#8221;#404d87&#8243;][vc_empty_space][vc_column_text css=&#8221;.vc_custom_1636687551669{margin-bottom: 0px !important;}&#8221;]Tr\u1edf th\u00e0nh T\u1eadp \u0111o\u00e0n h\u00e0ng \u0111\u1ea7u trong l\u0129nh v\u1ef1c kinh doanh xu\u1ea5t nh\u1eadp [&hellip;]<\/p>\n","protected":false},"author":1,"featured_media":0,"parent":0,"menu_order":0,"comment_status":"closed","ping_status":"closed","template":"","meta":{"inline_featured_image":false,"footnotes":""},"class_list":["post-398","page","type-page","status-publish","hentry"],"yoast_head":"<!-- This site is optimized with the Yoast SEO plugin v23.6 - https:\/\/yoast.com\/wordpress\/plugins\/seo\/ -->\n<title>GI\u00c1 TR\u1eca C\u1ed0T L\u00d5I - INTIMEX GROUP<\/title>\n<meta name=\"description\" content=\"We are proud to be the leading one with the annual export volume of 450,000 tons green coffee bean. Up to now, we are operating 13 green coffee bean processing factories and 1 instant coffee processing factory across different key regions in Vietnam\" \/>\n<meta name=\"robots\" content=\"index, follow, max-snippet:-1, max-image-preview:large, max-video-preview:-1\" \/>\n<link rel=\"canonical\" href=\"https:\/\/18.142.155.149\/vi\/gia-tri-cot-loi\/\" \/>\n<meta property=\"og:locale\" content=\"vi_VN\" \/>\n<meta property=\"og:type\" content=\"article\" \/>\n<meta property=\"og:title\" content=\"GI\u00c1 TR\u1eca C\u1ed0T L\u00d5I - INTIMEX GROUP\" \/>\n<meta property=\"og:description\" content=\"We are proud to be the leading one with the annual export volume of 450,000 tons green coffee bean. Up to now, we are operating 13 green coffee bean processing factories and 1 instant coffee processing factory across different key regions in Vietnam\" \/>\n<meta property=\"og:url\" content=\"https:\/\/18.142.155.149\/vi\/gia-tri-cot-loi\/\" \/>\n<meta property=\"og:site_name\" content=\"INTIMEX GROUP\" \/>\n<meta property=\"article:modified_time\" content=\"2021-12-05T16:07:09+00:00\" \/>\n<meta name=\"twitter:card\" content=\"summary_large_image\" \/>\n<meta name=\"twitter:label1\" content=\"Est. reading time\" \/>\n\t<meta name=\"twitter:data1\" content=\"4 minutes\" \/>\n<script type=\"application\/ld+json\" class=\"yoast-schema-graph\">{\"@context\":\"https:\/\/schema.org\",\"@graph\":[{\"@type\":\"WebPage\",\"@id\":\"https:\/\/18.142.155.149\/vi\/gia-tri-cot-loi\/\",\"url\":\"https:\/\/18.142.155.149\/vi\/gia-tri-cot-loi\/\",\"name\":\"GI\u00c1 TR\u1eca C\u1ed0T L\u00d5I - INTIMEX GROUP\",\"isPartOf\":{\"@id\":\"http:\/\/18.142.155.149:80\/#website\"},\"datePublished\":\"2021-08-11T09:26:46+00:00\",\"dateModified\":\"2021-12-05T16:07:09+00:00\",\"description\":\"We are proud to be the leading one with the annual export volume of 450,000 tons green coffee bean. Up to now, we are operating 13 green coffee bean processing factories and 1 instant coffee processing factory across different key regions in Vietnam\",\"breadcrumb\":{\"@id\":\"https:\/\/18.142.155.149\/vi\/gia-tri-cot-loi\/#breadcrumb\"},\"inLanguage\":\"vi-VN\",\"potentialAction\":[{\"@type\":\"ReadAction\",\"target\":[\"https:\/\/18.142.155.149\/vi\/gia-tri-cot-loi\/\"]}]},{\"@type\":\"BreadcrumbList\",\"@id\":\"https:\/\/18.142.155.149\/vi\/gia-tri-cot-loi\/#breadcrumb\",\"itemListElement\":[{\"@type\":\"ListItem\",\"position\":1,\"name\":\"Home\",\"item\":\"https:\/\/www.intimexcoffee.com.vn\/vi\/\"},{\"@type\":\"ListItem\",\"position\":2,\"name\":\"GI\u00c1 TR\u1eca C\u1ed0T L\u00d5I\"}]},{\"@type\":\"WebSite\",\"@id\":\"http:\/\/18.142.155.149:80\/#website\",\"url\":\"http:\/\/18.142.155.149:80\/\",\"name\":\"INTIMEX GROUP\",\"description\":\"\",\"publisher\":{\"@id\":\"http:\/\/18.142.155.149:80\/#organization\"},\"potentialAction\":[{\"@type\":\"SearchAction\",\"target\":{\"@type\":\"EntryPoint\",\"urlTemplate\":\"http:\/\/18.142.155.149:80\/?s={search_term_string}\"},\"query-input\":{\"@type\":\"PropertyValueSpecification\",\"valueRequired\":true,\"valueName\":\"search_term_string\"}}],\"inLanguage\":\"vi-VN\"},{\"@type\":\"Organization\",\"@id\":\"http:\/\/18.142.155.149:80\/#organization\",\"name\":\"INTIMEX GROUP\",\"url\":\"http:\/\/18.142.155.149:80\/\",\"logo\":{\"@type\":\"ImageObject\",\"inLanguage\":\"vi-VN\",\"@id\":\"http:\/\/18.142.155.149:80\/#\/schema\/logo\/image\/\",\"url\":\"https:\/\/www.intimexcoffee.com.vn\/wp-content\/uploads\/2021\/12\/cropped-logo-intimex-group-512x512-01.png\",\"contentUrl\":\"https:\/\/www.intimexcoffee.com.vn\/wp-content\/uploads\/2021\/12\/cropped-logo-intimex-group-512x512-01.png\",\"width\":512,\"height\":512,\"caption\":\"INTIMEX GROUP\"},\"image\":{\"@id\":\"http:\/\/18.142.155.149:80\/#\/schema\/logo\/image\/\"}}]}<\/script>\n<!-- \/ Yoast SEO plugin. -->","yoast_head_json":{"title":"GI\u00c1 TR\u1eca C\u1ed0T L\u00d5I - INTIMEX GROUP","description":"We are proud to be the leading one with the annual export volume of 450,000 tons green coffee bean. Up to now, we are operating 13 green coffee bean processing factories and 1 instant coffee processing factory across different key regions in Vietnam","robots":{"index":"index","follow":"follow","max-snippet":"max-snippet:-1","max-image-preview":"max-image-preview:large","max-video-preview":"max-video-preview:-1"},"canonical":"https:\/\/18.142.155.149\/vi\/gia-tri-cot-loi\/","og_locale":"vi_VN","og_type":"article","og_title":"GI\u00c1 TR\u1eca C\u1ed0T L\u00d5I - INTIMEX GROUP","og_description":"We are proud to be the leading one with the annual export volume of 450,000 tons green coffee bean. Up to now, we are operating 13 green coffee bean processing factories and 1 instant coffee processing factory across different key regions in Vietnam","og_url":"https:\/\/18.142.155.149\/vi\/gia-tri-cot-loi\/","og_site_name":"INTIMEX GROUP","article_modified_time":"2021-12-05T16:07:09+00:00","twitter_card":"summary_large_image","twitter_misc":{"Est. reading time":"4 minutes"},"schema":{"@context":"https:\/\/schema.org","@graph":[{"@type":"WebPage","@id":"https:\/\/18.142.155.149\/vi\/gia-tri-cot-loi\/","url":"https:\/\/18.142.155.149\/vi\/gia-tri-cot-loi\/","name":"GI\u00c1 TR\u1eca C\u1ed0T L\u00d5I - INTIMEX GROUP","isPartOf":{"@id":"http:\/\/18.142.155.149:80\/#website"},"datePublished":"2021-08-11T09:26:46+00:00","dateModified":"2021-12-05T16:07:09+00:00","description":"We are proud to be the leading one with the annual export volume of 450,000 tons green coffee bean. Up to now, we are operating 13 green coffee bean processing factories and 1 instant coffee processing factory across different key regions in Vietnam","breadcrumb":{"@id":"https:\/\/18.142.155.149\/vi\/gia-tri-cot-loi\/#breadcrumb"},"inLanguage":"vi-VN","potentialAction":[{"@type":"ReadAction","target":["https:\/\/18.142.155.149\/vi\/gia-tri-cot-loi\/"]}]},{"@type":"BreadcrumbList","@id":"https:\/\/18.142.155.149\/vi\/gia-tri-cot-loi\/#breadcrumb","itemListElement":[{"@type":"ListItem","position":1,"name":"Home","item":"https:\/\/www.intimexcoffee.com.vn\/vi\/"},{"@type":"ListItem","position":2,"name":"GI\u00c1 TR\u1eca C\u1ed0T L\u00d5I"}]},{"@type":"WebSite","@id":"http:\/\/18.142.155.149:80\/#website","url":"http:\/\/18.142.155.149:80\/","name":"INTIMEX GROUP","description":"","publisher":{"@id":"http:\/\/18.142.155.149:80\/#organization"},"potentialAction":[{"@type":"SearchAction","target":{"@type":"EntryPoint","urlTemplate":"http:\/\/18.142.155.149:80\/?s={search_term_string}"},"query-input":{"@type":"PropertyValueSpecification","valueRequired":true,"valueName":"search_term_string"}}],"inLanguage":"vi-VN"},{"@type":"Organization","@id":"http:\/\/18.142.155.149:80\/#organization","name":"INTIMEX GROUP","url":"http:\/\/18.142.155.149:80\/","logo":{"@type":"ImageObject","inLanguage":"vi-VN","@id":"http:\/\/18.142.155.149:80\/#\/schema\/logo\/image\/","url":"https:\/\/www.intimexcoffee.com.vn\/wp-content\/uploads\/2021\/12\/cropped-logo-intimex-group-512x512-01.png","contentUrl":"https:\/\/www.intimexcoffee.com.vn\/wp-content\/uploads\/2021\/12\/cropped-logo-intimex-group-512x512-01.png","width":512,"height":512,"caption":"INTIMEX GROUP"},"image":{"@id":"http:\/\/18.142.155.149:80\/#\/schema\/logo\/image\/"}}]}},"_links":{"self":[{"href":"https:\/\/www.intimexcoffee.com.vn\/vi\/wp-json\/wp\/v2\/pages\/398"}],"collection":[{"href":"https:\/\/www.intimexcoffee.com.vn\/vi\/wp-json\/wp\/v2\/pages"}],"about":[{"href":"https:\/\/www.intimexcoffee.com.vn\/vi\/wp-json\/wp\/v2\/types\/page"}],"author":[{"embeddable":true,"href":"https:\/\/www.intimexcoffee.com.vn\/vi\/wp-json\/wp\/v2\/users\/1"}],"replies":[{"embeddable":true,"href":"https:\/\/www.intimexcoffee.com.vn\/vi\/wp-json\/wp\/v2\/comments?post=398"}],"version-history":[{"count":15,"href":"https:\/\/www.intimexcoffee.com.vn\/vi\/wp-json\/wp\/v2\/pages\/398\/revisions"}],"predecessor-version":[{"id":1860,"href":"https:\/\/www.intimexcoffee.com.vn\/vi\/wp-json\/wp\/v2\/pages\/398\/revisions\/1860"}],"wp:attachment":[{"href":"https:\/\/www.intimexcoffee.com.vn\/vi\/wp-json\/wp\/v2\/media?parent=398"}],"curies":[{"name":"wp","href":"https:\/\/api.w.org\/{rel}","templated":true}]}}