{"id":394,"date":"2021-08-09T08:51:25","date_gmt":"2021-08-09T08:51:25","guid":{"rendered":"https:\/\/www.intimexcoffee.com.vn\/leadership\/"},"modified":"2022-02-21T04:34:35","modified_gmt":"2022-02-21T04:34:35","slug":"ban-lanh-dao","status":"publish","type":"page","link":"https:\/\/www.intimexcoffee.com.vn\/vi\/ban-lanh-dao\/","title":{"rendered":"BAN L\u00c3NH \u0110\u1ea0O"},"content":{"rendered":"<div class=\"wpb-content-wrapper\">[mk_page_section vertical_align=&#8221;top&#8221; bg_image=&#8221;http:\/\/www.intimexcoffee.com.vn\/wp-content\/uploads\/2022\/02\/img_0425-1-scaled.jpg&#8221; bg_position=&#8221;center top&#8221; bg_repeat=&#8221;no-repeat&#8221; bg_stretch=&#8221;true&#8221; full_width=&#8221;true&#8221; full_height=&#8221;true&#8221; el_class=&#8221;about_us_page_section_hero_banner&#8221; sidebar=&#8221;sidebar-1&#8243;][vc_column][\/vc_column][\/mk_page_section][mk_page_section el_class=&#8221;section-padding&#8221; sidebar=&#8221;sidebar-1&#8243;][vc_column][vc_row_inner][vc_column_inner width=&#8221;1\/2&#8243;][vc_single_image image=&#8221;1901&#8243; img_size=&#8221;full&#8221; alignment=&#8221;center&#8221;][\/vc_column_inner][vc_column_inner width=&#8221;1\/2&#8243;][vc_column_text css=&#8221;.vc_custom_1638716311488{margin-bottom: 0px !important;}&#8221;]\n<h2>\u00d4ng \u0110\u1ed6 H\u00c0 NAM<\/h2>\n<h3 class=\"title_section_sub color_blue_1756B4\">Ch\u1ee7 t\u1ecbch H\u1ed9i \u0111\u1ed3ng Qu\u1ea3n tr\u1ecb<br \/>\nT\u1ed5ng Gi\u00e1m \u0110\u1ed1c<\/h3>\n[\/vc_column_text][vc_separator color=&#8221;custom&#8221; align=&#8221;align_left&#8221; border_width=&#8221;8&#8243; el_width=&#8221;30&#8243; accent_color=&#8221;#89befb&#8221;][vc_empty_space height=&#8221;20px&#8221;][vc_column_text css=&#8221;.vc_custom_1645176652482{margin-bottom: 0px !important;}&#8221;]Ch\u1ee7 t\u1ecbch H\u0110QT ki\u00eam T\u1ed5ng gi\u00e1m \u0111\u1ed1c C\u00f4ng ty c\u1ed5 ph\u1ea7n T\u1eadp \u0111o\u00e0n Intimex. Ch\u1ee7 t\u1ecbch H\u0110QT c\u00e1c c\u00f4ng ty th\u00e0nh vi\u00ean c\u1ee7a T\u1eadp \u0111o\u00e0n Intimex<\/p>\n<p>\u00d4ng \u0110\u1ed7 H\u00e0 Nam l\u00e0 ng\u01b0\u1eddi d\u1eabn d\u1eaft Intimex tr\u1edf th\u00e0nh m\u1ed9t t\u1eadp \u0111o\u00e0n l\u1edbn m\u1ea1nh, x\u00e2y d\u1ef1ng c\u00e1c \u0111\u1ecbnh h\u01b0\u1edbng ph\u00e1t tri\u1ec3n chi\u1ebfn l\u01b0\u1ee3c trong s\u1ea3n xu\u1ea5t kinh doanh v\u00e0 trong m\u00f4 h\u00ecnh t\u1ed5 ch\u1ee9c c\u1ee7a doanh nghi\u1ec7p t\u1eeb khi th\u00e0nh l\u1eadp \u0111\u1ebfn nay.<\/p>\n<p>\u00d4ng l\u00e0\u00a0 Ph\u00f3 Ch\u1ee7 t\u1ecbch Hi\u1ec7p h\u1ed9i C\u00e0 ph\u00ea &#8211; Ca cao Vi\u1ec7t Nam (VICOFA).[\/vc_column_text][\/vc_column_inner][\/vc_row_inner][\/vc_column][\/mk_page_section][mk_page_section el_class=&#8221;section-padding leadership_section_ngo_xuan_nam&#8221; sidebar=&#8221;sidebar-1&#8243;][vc_column][vc_row_inner el_class=&#8221;row-leadership&#8221;][vc_column_inner el_class=&#8221;column_left_section_ngo_xuan_nam order-2&#8243; width=&#8221;7\/12&#8243;][vc_column_text css=&#8221;.vc_custom_1638716327603{margin-bottom: 0px !important;}&#8221;]\n<h2>\u00d4ng Ng\u00f4 Xu\u00e2n Nam<\/h2>\n<h3 class=\"title_section_sub color_blue_1756B4\">Th\u00e0nh vi\u00ean H\u1ed9i \u0111\u1ed3ng Qu\u1ea3n tr\u1ecb<br \/>\nPh\u00f3 T\u1ed5ng Gi\u00e1m \u0110\u1ed1c<\/h3>\n[\/vc_column_text][vc_separator color=&#8221;custom&#8221; align=&#8221;align_left&#8221; border_width=&#8221;8&#8243; el_width=&#8221;30&#8243; accent_color=&#8221;#89befb&#8221;][vc_empty_space height=&#8221;20px&#8221;][vc_column_text css=&#8221;.vc_custom_1645417544689{margin-bottom: 0px !important;}&#8221;]Th\u00e0nh vi\u00ean H\u0110QT ki\u00eam Ph\u00f3 T\u1ed5ng Gi\u00e1m \u0110\u1ed1c C\u00f4ng ty c\u1ed5 ph\u1ea7n T\u1eadp \u0111o\u00e0n Intimex, Gi\u00e1m \u0111\u1ed1c C\u00f4ng ty c\u1ed5 ph\u1ea7n Intimex M\u1ef9 Ph\u01b0\u1edbc, C\u00f4ng ty c\u1ed5 ph\u1ea7n Intimex \u0110\u1eafk N\u00f4ng, C\u00f4ng ty c\u1ed5 ph\u1ea7n Mascopex.<\/p>\n<p>\u00d4ng l\u00e0 ng\u01b0\u1eddi gi\u1eef nhi\u1ec1u v\u1ecb tr\u00ed quan tr\u1ecdng trong h\u1ec7 th\u1ed1ng ho\u1ea1t \u0111\u1ed9ng c\u1ee7a Intimex. Tr\u1ebb, n\u0103ng \u0111\u1ed9ng, s\u00e1ng t\u1ea1o, \u00f4ng \u0111\u00e3 \u0111\u00f3ng g\u00f3p ph\u1ea7n quan tr\u1ecdng trong s\u1ef1 ph\u00e1t tri\u1ec3n c\u1ee7a T\u1eadp \u0111o\u00e0n Intimex[\/vc_column_text][\/vc_column_inner][vc_column_inner el_class=&#8221;column_right_section_ngo_xuan_nam order-1&#8243; width=&#8221;5\/12&#8243;][vc_single_image image=&#8221;1903&#8243; img_size=&#8221;full&#8221; alignment=&#8221;center&#8221;][\/vc_column_inner][\/vc_row_inner][mk_padding_divider visibility=&#8221;hidden-sm&#8221;][\/vc_column][\/mk_page_section][mk_page_section el_class=&#8221;section-padding leadership_section_do_ha_phuong&#8221; sidebar=&#8221;sidebar-1&#8243;][vc_column][vc_row_inner][vc_column_inner el_class=&#8221;column_left_section_do_ha_phuong&#8221; width=&#8221;5\/12&#8243;][vc_single_image image=&#8221;1905&#8243; img_size=&#8221;full&#8221;][\/vc_column_inner][vc_column_inner el_class=&#8221;column_right_section_do_ha_phuong&#8221; width=&#8221;7\/12&#8243;][vc_column_text css=&#8221;.vc_custom_1637056375595{margin-bottom: 0px !important;}&#8221;]\n<h2 class=\"color_white\">\u00d4ng \u0110\u1ed7 H\u00e0 Ph\u01b0\u01a1ng<\/h2>\n<h3 class=\"title_section_sub color_blue_89BEFB\">Ph\u00f3 T\u1ed5ng Gi\u00e1m \u0110\u1ed1c<\/h3>\n[\/vc_column_text][vc_separator color=&#8221;custom&#8221; align=&#8221;align_left&#8221; border_width=&#8221;8&#8243; el_width=&#8221;30&#8243; accent_color=&#8221;#89befb&#8221;][vc_empty_space height=&#8221;20px&#8221;][vc_column_text css=&#8221;.vc_custom_1645176899158{margin-bottom: 0px !important;}&#8221;]<span class=\"--color-white\">\u00d4ng \u0110\u1ed7 H\u00e0 Ph\u01b0\u01a1ng l\u00e0 Ph\u00f3 t\u1ed5ng gi\u00e1m \u0111\u1ed1c ki\u00eam Tr\u01b0\u1edfng \u0111\u1ea1i di\u1ec7n VSCOM \u2013 c\u00f4ng ty kinh doanh n\u00f4ng s\u1ea3n, c\u00f3 tr\u1ee5 s\u1edf t\u1ea1i Singapore. \u00d4ng gi\u1eef v\u1ecb tr\u00ed quan tr\u1ecdng trong l\u0129nh v\u1ef1c kinh doanh c\u00e0 ph\u00ea c\u1ee7a T\u1eadp \u0111o\u00e0n Intimex<\/span><br \/>\n[\/vc_column_text][\/vc_column_inner][\/vc_row_inner][\/vc_column][\/mk_page_section][mk_page_section el_class=&#8221;section-padding leadership_section_phan_hong_hue&#8221; sidebar=&#8221;sidebar-1&#8243;][vc_column][vc_row_inner el_class=&#8221;row-leadership&#8221;][vc_column_inner el_class=&#8221;column_left_section_phan_hong_hue order-2&#8243; width=&#8221;7\/12&#8243;][vc_column_text css=&#8221;.vc_custom_1638716353437{margin-bottom: 0px !important;}&#8221;]\n<h2>B\u00e0 PHAN H\u1ed2NG HU\u00ca<\/h2>\n<h3 class=\"title_section_sub color_blue_1756B4\">Thanh vi\u00ean H\u1ed9i \u0111\u1ed3ng Qu\u1ea3n tr\u1ecb<br \/>\nK\u1ebf to\u00e1n tr\u01b0\u1edfng<\/h3>\n[\/vc_column_text][vc_separator color=&#8221;custom&#8221; align=&#8221;align_left&#8221; border_width=&#8221;8&#8243; el_width=&#8221;30&#8243; accent_color=&#8221;#89befb&#8221;][vc_empty_space height=&#8221;20px&#8221;][vc_column_text css=&#8221;.vc_custom_1645176556720{margin-bottom: 0px !important;}&#8221;]B\u00e0 Phan H\u1ed3ng Hu\u00ea l\u00e0 m\u1ed9t trong nh\u1eefng ng\u01b0\u1eddi \u0111\u1ea7u ti\u00ean tham gia th\u00e0nh l\u1eadp Chi nh\u00e1nh C\u00f4ng ty Xu\u1ea5t nh\u1eadp kh\u1ea9u Intimex t\u1ea1i th\u00e0nh ph\u1ed1 H\u1ed3 Ch\u00ed Minh v\u00e0o n\u0103m 1995 v\u00e0 gi\u1eef ch\u1ee9c v\u1ee5 ph\u1ee5 tr\u00e1ch t\u00e0i ch\u00ednh k\u1ebf to\u00e1n. B\u00e0 \u0111\u00e3 g\u00f3p ph\u1ea7n quan tr\u1ecdng trong s\u1ef1 ph\u00e1t tri\u1ec3n c\u1ee7a Intimex v\u1ec1 c\u00f4ng t\u00e1c t\u00e0i ch\u00ednh c\u0169ng nh\u01b0 ho\u1ea1t \u0111\u1ed9ng kinh doanh v\u00e0 c\u00e1c phong tr\u00e0o \u0111o\u00e0n th\u1ec3.[\/vc_column_text][\/vc_column_inner][vc_column_inner el_class=&#8221;column_right_section_phan_hong_hue order-1&#8243; width=&#8221;5\/12&#8243;][vc_single_image image=&#8221;1907&#8243; img_size=&#8221;full&#8221; alignment=&#8221;center&#8221;][\/vc_column_inner][\/vc_row_inner][mk_padding_divider size=&#8221;80&#8243; visibility=&#8221;hidden-sm&#8221;][\/vc_column][\/mk_page_section]\n<\/div>","protected":false},"excerpt":{"rendered":"<p>[mk_page_section vertical_align=&#8221;top&#8221; bg_image=&#8221;http:\/\/www.intimexcoffee.com.vn\/wp-content\/uploads\/2022\/02\/img_0425-1-scaled.jpg&#8221; bg_position=&#8221;center top&#8221; bg_repeat=&#8221;no-repeat&#8221; bg_stretch=&#8221;true&#8221; full_width=&#8221;true&#8221; full_height=&#8221;true&#8221; el_class=&#8221;about_us_page_section_hero_banner&#8221; sidebar=&#8221;sidebar-1&#8243;][vc_column][\/vc_column][\/mk_page_section][mk_page_section el_class=&#8221;section-padding&#8221; sidebar=&#8221;sidebar-1&#8243;][vc_column][vc_row_inner][vc_column_inner width=&#8221;1\/2&#8243;][vc_single_image image=&#8221;1901&#8243; img_size=&#8221;full&#8221; alignment=&#8221;center&#8221;][\/vc_column_inner][vc_column_inner width=&#8221;1\/2&#8243;][vc_column_text css=&#8221;.vc_custom_1638716311488{margin-bottom: 0px !important;}&#8221;] \u00d4ng \u0110\u1ed6 H\u00c0 NAM Ch\u1ee7 t\u1ecbch H\u1ed9i \u0111\u1ed3ng Qu\u1ea3n tr\u1ecb T\u1ed5ng Gi\u00e1m \u0110\u1ed1c [\/vc_column_text][vc_separator color=&#8221;custom&#8221; align=&#8221;align_left&#8221; border_width=&#8221;8&#8243; el_width=&#8221;30&#8243; accent_color=&#8221;#89befb&#8221;][vc_empty_space height=&#8221;20px&#8221;][vc_column_text css=&#8221;.vc_custom_1645176652482{margin-bottom: 0px !important;}&#8221;]Ch\u1ee7 t\u1ecbch H\u0110QT ki\u00eam T\u1ed5ng gi\u00e1m \u0111\u1ed1c C\u00f4ng ty c\u1ed5 ph\u1ea7n T\u1eadp [&hellip;]<\/p>\n","protected":false},"author":1,"featured_media":0,"parent":0,"menu_order":0,"comment_status":"closed","ping_status":"closed","template":"","meta":{"inline_featured_image":false,"footnotes":""},"class_list":["post-394","page","type-page","status-publish","hentry"],"yoast_head":"<!-- This site is optimized with the Yoast SEO plugin v23.6 - https:\/\/yoast.com\/wordpress\/plugins\/seo\/ -->\n<title>BAN L\u00c3NH \u0110\u1ea0O - INTIMEX GROUP<\/title>\n<meta name=\"description\" content=\"We are proud to be the leading one with the annual export volume of 450,000 tons green coffee bean. Up to now, we are operating 13 green coffee bean processing factories and 1 instant coffee processing factory across different key regions in Vietnam\" \/>\n<meta name=\"robots\" content=\"index, follow, max-snippet:-1, max-image-preview:large, max-video-preview:-1\" \/>\n<link rel=\"canonical\" href=\"https:\/\/www.intimexcoffee.com.vn\/vi\/ban-lanh-dao\/\" \/>\n<meta property=\"og:locale\" content=\"vi_VN\" \/>\n<meta property=\"og:type\" content=\"article\" \/>\n<meta property=\"og:title\" content=\"BAN L\u00c3NH \u0110\u1ea0O - INTIMEX GROUP\" \/>\n<meta property=\"og:description\" content=\"We are proud to be the leading one with the annual export volume of 450,000 tons green coffee bean. Up to now, we are operating 13 green coffee bean processing factories and 1 instant coffee processing factory across different key regions in Vietnam\" \/>\n<meta property=\"og:url\" content=\"https:\/\/www.intimexcoffee.com.vn\/vi\/ban-lanh-dao\/\" \/>\n<meta property=\"og:site_name\" content=\"INTIMEX GROUP\" \/>\n<meta property=\"article:modified_time\" content=\"2022-02-21T04:34:35+00:00\" \/>\n<meta name=\"twitter:card\" content=\"summary_large_image\" \/>\n<meta name=\"twitter:label1\" content=\"Est. reading time\" \/>\n\t<meta name=\"twitter:data1\" content=\"5 minutes\" \/>\n<script type=\"application\/ld+json\" class=\"yoast-schema-graph\">{\"@context\":\"https:\/\/schema.org\",\"@graph\":[{\"@type\":\"WebPage\",\"@id\":\"https:\/\/www.intimexcoffee.com.vn\/vi\/ban-lanh-dao\/\",\"url\":\"https:\/\/www.intimexcoffee.com.vn\/vi\/ban-lanh-dao\/\",\"name\":\"BAN L\u00c3NH \u0110\u1ea0O - INTIMEX GROUP\",\"isPartOf\":{\"@id\":\"https:\/\/www.intimexcoffee.com.vn\/#website\"},\"datePublished\":\"2021-08-09T08:51:25+00:00\",\"dateModified\":\"2022-02-21T04:34:35+00:00\",\"description\":\"We are proud to be the leading one with the annual export volume of 450,000 tons green coffee bean. Up to now, we are operating 13 green coffee bean processing factories and 1 instant coffee processing factory across different key regions in Vietnam\",\"breadcrumb\":{\"@id\":\"https:\/\/www.intimexcoffee.com.vn\/vi\/ban-lanh-dao\/#breadcrumb\"},\"inLanguage\":\"vi-VN\",\"potentialAction\":[{\"@type\":\"ReadAction\",\"target\":[\"https:\/\/www.intimexcoffee.com.vn\/vi\/ban-lanh-dao\/\"]}]},{\"@type\":\"BreadcrumbList\",\"@id\":\"https:\/\/www.intimexcoffee.com.vn\/vi\/ban-lanh-dao\/#breadcrumb\",\"itemListElement\":[{\"@type\":\"ListItem\",\"position\":1,\"name\":\"Home\",\"item\":\"https:\/\/www.intimexcoffee.com.vn\/vi\/\"},{\"@type\":\"ListItem\",\"position\":2,\"name\":\"BAN L\u00c3NH \u0110\u1ea0O\"}]},{\"@type\":\"WebSite\",\"@id\":\"https:\/\/www.intimexcoffee.com.vn\/#website\",\"url\":\"https:\/\/www.intimexcoffee.com.vn\/\",\"name\":\"INTIMEX GROUP\",\"description\":\"\",\"publisher\":{\"@id\":\"https:\/\/www.intimexcoffee.com.vn\/#organization\"},\"potentialAction\":[{\"@type\":\"SearchAction\",\"target\":{\"@type\":\"EntryPoint\",\"urlTemplate\":\"https:\/\/www.intimexcoffee.com.vn\/?s={search_term_string}\"},\"query-input\":{\"@type\":\"PropertyValueSpecification\",\"valueRequired\":true,\"valueName\":\"search_term_string\"}}],\"inLanguage\":\"vi-VN\"},{\"@type\":\"Organization\",\"@id\":\"https:\/\/www.intimexcoffee.com.vn\/#organization\",\"name\":\"INTIMEX GROUP\",\"url\":\"https:\/\/www.intimexcoffee.com.vn\/\",\"logo\":{\"@type\":\"ImageObject\",\"inLanguage\":\"vi-VN\",\"@id\":\"https:\/\/www.intimexcoffee.com.vn\/#\/schema\/logo\/image\/\",\"url\":\"https:\/\/www.intimexcoffee.com.vn\/wp-content\/uploads\/2021\/12\/cropped-logo-intimex-group-512x512-01.png\",\"contentUrl\":\"https:\/\/www.intimexcoffee.com.vn\/wp-content\/uploads\/2021\/12\/cropped-logo-intimex-group-512x512-01.png\",\"width\":512,\"height\":512,\"caption\":\"INTIMEX GROUP\"},\"image\":{\"@id\":\"https:\/\/www.intimexcoffee.com.vn\/#\/schema\/logo\/image\/\"}}]}<\/script>\n<!-- \/ Yoast SEO plugin. -->","yoast_head_json":{"title":"BAN L\u00c3NH \u0110\u1ea0O - INTIMEX GROUP","description":"We are proud to be the leading one with the annual export volume of 450,000 tons green coffee bean. Up to now, we are operating 13 green coffee bean processing factories and 1 instant coffee processing factory across different key regions in Vietnam","robots":{"index":"index","follow":"follow","max-snippet":"max-snippet:-1","max-image-preview":"max-image-preview:large","max-video-preview":"max-video-preview:-1"},"canonical":"https:\/\/www.intimexcoffee.com.vn\/vi\/ban-lanh-dao\/","og_locale":"vi_VN","og_type":"article","og_title":"BAN L\u00c3NH \u0110\u1ea0O - INTIMEX GROUP","og_description":"We are proud to be the leading one with the annual export volume of 450,000 tons green coffee bean. Up to now, we are operating 13 green coffee bean processing factories and 1 instant coffee processing factory across different key regions in Vietnam","og_url":"https:\/\/www.intimexcoffee.com.vn\/vi\/ban-lanh-dao\/","og_site_name":"INTIMEX GROUP","article_modified_time":"2022-02-21T04:34:35+00:00","twitter_card":"summary_large_image","twitter_misc":{"Est. reading time":"5 minutes"},"schema":{"@context":"https:\/\/schema.org","@graph":[{"@type":"WebPage","@id":"https:\/\/www.intimexcoffee.com.vn\/vi\/ban-lanh-dao\/","url":"https:\/\/www.intimexcoffee.com.vn\/vi\/ban-lanh-dao\/","name":"BAN L\u00c3NH \u0110\u1ea0O - INTIMEX GROUP","isPartOf":{"@id":"https:\/\/www.intimexcoffee.com.vn\/#website"},"datePublished":"2021-08-09T08:51:25+00:00","dateModified":"2022-02-21T04:34:35+00:00","description":"We are proud to be the leading one with the annual export volume of 450,000 tons green coffee bean. Up to now, we are operating 13 green coffee bean processing factories and 1 instant coffee processing factory across different key regions in Vietnam","breadcrumb":{"@id":"https:\/\/www.intimexcoffee.com.vn\/vi\/ban-lanh-dao\/#breadcrumb"},"inLanguage":"vi-VN","potentialAction":[{"@type":"ReadAction","target":["https:\/\/www.intimexcoffee.com.vn\/vi\/ban-lanh-dao\/"]}]},{"@type":"BreadcrumbList","@id":"https:\/\/www.intimexcoffee.com.vn\/vi\/ban-lanh-dao\/#breadcrumb","itemListElement":[{"@type":"ListItem","position":1,"name":"Home","item":"https:\/\/www.intimexcoffee.com.vn\/vi\/"},{"@type":"ListItem","position":2,"name":"BAN L\u00c3NH \u0110\u1ea0O"}]},{"@type":"WebSite","@id":"https:\/\/www.intimexcoffee.com.vn\/#website","url":"https:\/\/www.intimexcoffee.com.vn\/","name":"INTIMEX GROUP","description":"","publisher":{"@id":"https:\/\/www.intimexcoffee.com.vn\/#organization"},"potentialAction":[{"@type":"SearchAction","target":{"@type":"EntryPoint","urlTemplate":"https:\/\/www.intimexcoffee.com.vn\/?s={search_term_string}"},"query-input":{"@type":"PropertyValueSpecification","valueRequired":true,"valueName":"search_term_string"}}],"inLanguage":"vi-VN"},{"@type":"Organization","@id":"https:\/\/www.intimexcoffee.com.vn\/#organization","name":"INTIMEX GROUP","url":"https:\/\/www.intimexcoffee.com.vn\/","logo":{"@type":"ImageObject","inLanguage":"vi-VN","@id":"https:\/\/www.intimexcoffee.com.vn\/#\/schema\/logo\/image\/","url":"https:\/\/www.intimexcoffee.com.vn\/wp-content\/uploads\/2021\/12\/cropped-logo-intimex-group-512x512-01.png","contentUrl":"https:\/\/www.intimexcoffee.com.vn\/wp-content\/uploads\/2021\/12\/cropped-logo-intimex-group-512x512-01.png","width":512,"height":512,"caption":"INTIMEX GROUP"},"image":{"@id":"https:\/\/www.intimexcoffee.com.vn\/#\/schema\/logo\/image\/"}}]}},"_links":{"self":[{"href":"https:\/\/www.intimexcoffee.com.vn\/vi\/wp-json\/wp\/v2\/pages\/394"}],"collection":[{"href":"https:\/\/www.intimexcoffee.com.vn\/vi\/wp-json\/wp\/v2\/pages"}],"about":[{"href":"https:\/\/www.intimexcoffee.com.vn\/vi\/wp-json\/wp\/v2\/types\/page"}],"author":[{"embeddable":true,"href":"https:\/\/www.intimexcoffee.com.vn\/vi\/wp-json\/wp\/v2\/users\/1"}],"replies":[{"embeddable":true,"href":"https:\/\/www.intimexcoffee.com.vn\/vi\/wp-json\/wp\/v2\/comments?post=394"}],"version-history":[{"count":27,"href":"https:\/\/www.intimexcoffee.com.vn\/vi\/wp-json\/wp\/v2\/pages\/394\/revisions"}],"predecessor-version":[{"id":1987,"href":"https:\/\/www.intimexcoffee.com.vn\/vi\/wp-json\/wp\/v2\/pages\/394\/revisions\/1987"}],"wp:attachment":[{"href":"https:\/\/www.intimexcoffee.com.vn\/vi\/wp-json\/wp\/v2\/media?parent=394"}],"curies":[{"name":"wp","href":"https:\/\/api.w.org\/{rel}","templated":true}]}}