{"id":391,"date":"2021-08-09T07:35:46","date_gmt":"2021-08-09T07:35:46","guid":{"rendered":"https:\/\/www.intimexcoffee.com.vn\/home\/"},"modified":"2023-09-25T06:15:59","modified_gmt":"2023-09-25T06:15:59","slug":"trang-chu","status":"publish","type":"page","link":"https:\/\/www.intimexcoffee.com.vn\/vi\/","title":{"rendered":"TRANG CH\u1ee6"},"content":{"rendered":"<div class=\"wpb-content-wrapper\">[mk_page_section vertical_align=&#8221;center&#8221; bg_position=&#8221;center center&#8221; bg_repeat=&#8221;no-repeat&#8221; bg_stretch=&#8221;true&#8221; bg_video=&#8221;yes&#8221; mp4=&#8221;http:\/\/www.intimexcoffee.com.vn\/wp-content\/uploads\/2022\/02\/video-1920&#215;1080-sub-fix-11.02.2022-01-1.m4v&#8221; full_width=&#8221;true&#8221; full_height=&#8221;true&#8221; padding_top=&#8221;0&#8243; padding_bottom=&#8221;0&#8243; visibility=&#8221;hidden-nb&#8221; el_class=&#8221;home_page_section_hero_banner&#8221; sidebar=&#8221;sidebar-1&#8243;][vc_column][\/vc_column][\/mk_page_section][mk_page_section vertical_align=&#8221;top&#8221; bg_position=&#8221;center center&#8221; bg_repeat=&#8221;no-repeat&#8221; bg_stretch=&#8221;true&#8221; bg_gradient=&#8221;radial&#8221; min_height=&#8221;0&#8243; full_width=&#8221;true&#8221; padding_top=&#8221;0&#8243; padding_bottom=&#8221;0&#8243; el_class=&#8221;section-video-mobile&#8221; sidebar=&#8221;sidebar-1&#8243;][vc_column][vc_video host=&#8221;self_hosted&#8221; mp4=&#8221;http:\/\/www.intimexcoffee.com.vn\/wp-content\/uploads\/2022\/02\/video-1920&#215;1080-sub-fix-11.02.2022-01-1.m4v&#8221; autoplay=&#8221;true&#8221; loop=&#8221;true&#8221; muted=&#8221;true&#8221;][\/vc_column][\/mk_page_section][mk_page_section bg_color=&#8221;#404d87&#8243; el_class=&#8221;section-padding home_page_section_about_intimex-coffee&#8221; sidebar=&#8221;sidebar-1&#8243;][vc_column][vc_row_inner][vc_column_inner width=&#8221;1\/6&#8243;][\/vc_column_inner][vc_column_inner width=&#8221;2\/3&#8243;][vc_column_text css=&#8221;.vc_custom_1637052244774{margin-bottom: 0px !important;}&#8221;]\n<h1 class=\"title_small_section color_white\">V\u1ec0 INTIMEX GROUP<\/h1>\n[\/vc_column_text][vc_separator color=&#8221;custom&#8221; align=&#8221;align_left&#8221; border_width=&#8221;8&#8243; el_width=&#8221;20&#8243; accent_color=&#8221;#89befb&#8221;][mk_padding_divider size=&#8221;30&#8243;][vc_column_text css=&#8221;.vc_custom_1645418533205{margin-bottom: 0px !important;}&#8221;]\n<p class=\"color_white \">Tr\u00ean c\u01a1 s\u1edf c\u1ed5 ph\u1ea7n h\u00f3a Chi nh\u00e1nh C\u00f4ng ty XNK Intimex t\u1ea1i TPHCM th\u00e0nh l\u1eadp v\u00e0o n\u0103m 1995 tr\u1ef1c thu\u1ed9c C\u00f4ng ty XNK Intimex (B\u1ed9 C\u00f4ng Th\u01b0\u01a1ng), C\u00f4ng ty C\u1ed5 ph\u1ea7n XNK Intimex t\u1ea1i TPHCM \u0111\u00e3 ch\u00ednh th\u1ee9c \u0111i v\u00e0o ho\u1ea1t \u0111\u1ed9ng t\u1eeb ng\u00e0y 01\/07\/2006. N\u0103m 2011, \u0111\u1ed5i t\u00ean th\u00e0nh C\u00f4ng ty C\u1ed5 ph\u1ea7n T\u1eadp \u0111o\u00e0n Intimex (Intimex Group).<\/p>\n<p class=\"color_white\">Kh\u1edfi \u0111i\u1ec3m ban \u0111\u1ea7u l\u00e0 m\u1ed9t c\u00f4ng ty v\u00e0 ba chi nh\u00e1nh nh\u1ecf, bao g\u1ed3m 91 nh\u00e2n s\u1ef1, v\u1ed1n \u0111i\u1ec1u l\u1ec7 14,4 t\u1ef7 \u0111\u1ed3ng, c\u01a1 s\u1edf v\u1eadt ch\u1ea5t c\u00f2n nhi\u1ec1u h\u1ea1n ch\u1ebf, nh\u01b0ng tr\u1ea3i qua 15 n\u0103m c\u1ed5 ph\u1ea7n h\u00f3a, nh\u1eefng n\u1ed7 l\u1ef1c kh\u00f4ng ng\u1eebng theo ph\u01b0\u01a1ng ch\u00e2m \u201cUy t\u00edn l\u00e0 h\u00e0ng \u0111\u1ea7u\u201d \u0111\u00e3 \u0111\u01b0a Intimex tr\u1edf th\u00e0nh m\u1ed9t T\u1eadp \u0111o\u00e0n l\u1edbn m\u1ea1nh, l\u00e0 m\u1ed9t trong nh\u1eefng th\u01b0\u01a1ng hi\u1ec7u h\u00e0ng \u0111\u1ea7u t\u1ea1i Vi\u1ec7t Nam \u1edf c\u00e1c l\u0129nh v\u1ef1c: ch\u1ebf bi\u1ebfn, xu\u1ea5t kh\u1ea9u n\u00f4ng s\u1ea3n (c\u00e0 ph\u00ea, h\u1ed3 ti\u00eau, g\u1ea1o, h\u1ea1t \u0111i\u1ec1u\u2026); nh\u1eadp kh\u1ea9u th\u1ef1c ph\u1ea9m \u0111\u00f4ng l\u1ea1nh, s\u1eaft th\u00e9p; kinh doanh si\u00eau th\u1ecb v\u00e0 s\u1ea3n xu\u1ea5t, kinh doanh v\u1eadt li\u1ec7u x\u00e2y d\u1ef1ng\u2026<\/p>\n<p class=\"color_white \">Kh\u1edfi \u0111\u1ea7u gi\u1eefa b\u1ed1i c\u1ea3nh \u0111\u1ea5t n\u01b0\u1edbc chuy\u1ec3n m\u00ecnh h\u1ed9i nh\u1eadp qu\u1ed1c t\u1ebf, Intimex Group \u0111\u00e3 l\u1ef1a ch\u1ecdn c\u00e0 ph\u00ea l\u00e0 m\u1ed9t trong nh\u1eefng m\u1eb7t h\u00e0ng xu\u1ea5t kh\u1ea9u ch\u00ednh. T\u1ef1 h\u00e0o l\u00e0 doanh nghi\u1ec7p xu\u1ea5t kh\u1ea9u c\u00e0 ph\u00ea h\u00e0ng \u0111\u1ea7u Vi\u1ec7t Nam, v\u1edbi s\u1ea3n l\u01b0\u1ee3ng xu\u1ea5t kh\u1ea9u trung b\u00ecnh h\u00e0ng \u0111\u1ea1t 450.000 t\u1ea5n\/n\u0103m.\u00a0 Intimex Group hi\u1ec7n \u0111ang v\u1eadn h\u00e0nh 13 nh\u00e0 m\u00e1y ch\u1ebf bi\u1ebfn c\u00e0 ph\u00ea nh\u00e2n \u1edf nh\u1eefng v\u00f9ng nguy\u00ean li\u1ec7u c\u00e0 ph\u00ea tr\u1ecdng \u0111i\u1ec3m \u1edf Vi\u1ec7t Nam v\u00e0 1 nh\u00e0 m\u00e1y ch\u1ebf bi\u1ebfn c\u00e0 ph\u00ea h\u00f2a tan t\u1ea1i Khu c\u00f4ng nghi\u1ec7p VSIP II<\/p>\n[\/vc_column_text][\/vc_column_inner][vc_column_inner width=&#8221;1\/6&#8243;][\/vc_column_inner][\/vc_row_inner][\/vc_column][\/mk_page_section][mk_page_section el_class=&#8221;section-padding home_page_section_what_we_do&#8221; sidebar=&#8221;sidebar-1&#8243;][vc_column][vc_row_inner][vc_column_inner width=&#8221;1\/3&#8243;][vc_single_image image=&#8221;1629&#8243; img_size=&#8221;full&#8221; alignment=&#8221;center&#8221; onclick=&#8221;custom_link&#8221; link=&#8221;\/green-bean&#8221;][vc_column_text align=&#8221;center&#8221; css=&#8221;.vc_custom_1637052901664{margin-bottom: 0px !important;}&#8221;]\n<h4 class=\"name_coffee\"><a href=\"https:\/\/www.intimexcoffee.com.vn\/vi\/ca-phe-nhan\/\">C\u00c0 PH\u00ca NH\u00c2N<\/a><\/h4>\n[\/vc_column_text][\/vc_column_inner][vc_column_inner width=&#8221;1\/3&#8243;][vc_single_image image=&#8221;1631&#8243; img_size=&#8221;full&#8221; alignment=&#8221;center&#8221; onclick=&#8221;custom_link&#8221; link=&#8221;\/instant-coffee&#8221;][vc_column_text align=&#8221;center&#8221; css=&#8221;.vc_custom_1637052926895{margin-bottom: 0px !important;}&#8221;]\n<h4 class=\"name_coffee\"><a href=\"https:\/\/www.intimexcoffee.com.vn\/vi\/ca-phe-hoa-tan\/\">C\u00c0 PH\u00ca H\u00d2A TAN<\/a><\/h4>\n[\/vc_column_text][\/vc_column_inner][vc_column_inner width=&#8221;1\/3&#8243;][vc_single_image image=&#8221;1217&#8243; img_size=&#8221;full&#8221; alignment=&#8221;center&#8221; onclick=&#8221;custom_link&#8221; link=&#8221;\/brands&#8221;][mk_padding_divider size=&#8221;10&#8243;][vc_column_text align=&#8221;center&#8221; css=&#8221;.vc_custom_1637053020847{margin-bottom: 0px !important;}&#8221;]\n<h4 class=\"name_coffee\"><a href=\"https:\/\/www.intimexcoffee.com.vn\/vi\/chi-nhanh\/\">S\u1ea2N PH\u1ea8M B\u00c1N L\u1eba<\/a><\/h4>\n[\/vc_column_text][\/vc_column_inner][\/vc_row_inner][\/vc_column][\/mk_page_section][mk_page_section bg_color=&#8221;#f0eded&#8221; el_class=&#8221;section-padding home_page_section_figures&#8221; sidebar=&#8221;sidebar-1&#8243;][vc_column][vc_row_inner el_class=&#8221;section_figures_column_right&#8221;][vc_column_inner el_class=&#8221;bg_white&#8221; width=&#8221;1\/5&#8243;][vc_single_image image=&#8221;1936&#8243; img_size=&#8221;full&#8221; alignment=&#8221;center&#8221;][vc_column_text css=&#8221;.vc_custom_1638440680991{margin-bottom: 0px !important;}&#8221;]\n<div class=\"title_figures\">14<\/div>\n<p class=\"content_figures\"><strong>NH\u00c0 M\u00c1Y CH\u1ebe BI\u1ebeN<br \/>\nC\u00c0 PH\u00ca<\/strong><\/p>\n[\/vc_column_text][\/vc_column_inner][vc_column_inner el_class=&#8221;bg_white&#8221; width=&#8221;1\/5&#8243;][vc_single_image image=&#8221;1270&#8243; img_size=&#8221;full&#8221; alignment=&#8221;center&#8221;][vc_column_text css=&#8221;.vc_custom_1638440694536{margin-bottom: 0px !important;}&#8221;]\n<div class=\"title_figures\">450,000<\/div>\n<p class=\"content_figures\"><strong>S\u1ea2N L\u01af\u1ee2NG<br \/>\nXU\u1ea4T KH\u1ea8U<\/strong><br \/>\n<strong>(T\u1ea4N\/N\u0102M)<\/strong><\/p>\n[\/vc_column_text][\/vc_column_inner][vc_column_inner el_class=&#8221;bg_white&#8221; width=&#8221;1\/5&#8243;][vc_single_image image=&#8221;1287&#8243; img_size=&#8221;full&#8221; alignment=&#8221;center&#8221;][vc_column_text css=&#8221;.vc_custom_1637053788922{margin-bottom: 0px !important;}&#8221;]\n<div class=\"title_figures\">1 T\u1ef6<\/div>\n<p class=\"content_figures\"><strong>T\u1ed4NG DOANH THU<\/strong><br \/>\n<strong>(USD\/N\u0102M)<\/strong><\/p>\n[\/vc_column_text][\/vc_column_inner][vc_column_inner el_class=&#8221;bg_white&#8221; width=&#8221;1\/5&#8243;][vc_single_image image=&#8221;1280&#8243; img_size=&#8221;full&#8221; alignment=&#8221;center&#8221;][vc_column_text css=&#8221;.vc_custom_1638716500976{margin-bottom: 0px !important;}&#8221;]\n<div class=\"title_figures\">100+<\/div>\n<p class=\"content_figures\"><strong>QU\u1ed0C GIA NH\u1eacP KH\u1ea8U<\/strong><br \/>\n[\/vc_column_text][\/vc_column_inner][vc_column_inner el_class=&#8221;bg_white&#8221; width=&#8221;1\/5&#8243;][vc_single_image image=&#8221;1938&#8243; img_size=&#8221;full&#8221; alignment=&#8221;center&#8221;][vc_column_text css=&#8221;.vc_custom_1637053821386{margin-bottom: 0px !important;}&#8221;]\n<div class=\"title_figures\">40+<\/div>\n<p class=\"content_figures\"><strong>KH\u00c1CH H\u00c0NG<\/strong><br \/>\n<strong>TR\u00caN TO\u00c0N TH\u1ebe GI\u1edaI<\/strong><\/p>\n[\/vc_column_text][\/vc_column_inner][\/vc_row_inner][\/vc_column][\/mk_page_section][mk_page_section el_class=&#8221;section-padding home_page_section_sustainability&#8221; sidebar=&#8221;sidebar-1&#8243;][vc_column][vc_row_inner el_class=&#8221;row-home-sustainability&#8221;][vc_column_inner el_class=&#8221;section_sustainability_column_left order-2&#8243; width=&#8221;5\/12&#8243;][mk_padding_divider size=&#8221;80&#8243; visibility=&#8221;hidden-sm&#8221;][vc_column_text css=&#8221;.vc_custom_1637054060157{margin-bottom: 0px !important;}&#8221;]\n<p class=\"color_white\">L\u00e0 doanh nghi\u1ec7p thu mua, ch\u1ebf bi\u1ebfn v\u00e0 xu\u1ea5t kh\u1ea9u n\u00f4ng s\u1ea3n h\u00e0ng \u0111\u1ea7u Vi\u1ec7t Nam, trong nh\u1eefng n\u0103m qua, Intimex Group \u0111\u00e3 t\u00edch c\u1ef1c \u0111\u1ea9y m\u1ea1nh vi\u1ec7c h\u1ecdp t\u00e1c, li\u00ean k\u1ebft v\u1edbi c\u00e1c \u0111\u1ecba ph\u01b0\u01a1ng, tham gia c\u00e1c ch\u01b0\u01a1ng tr\u00ecnh n\u00f4ng nghi\u1ec7p b\u1ec1n v\u1eefng \u0111\u1ec3 n\u00e2ng cao ch\u1ea5t l\u01b0\u1ee3ng s\u1ea3n ph\u1ea9m, \u0111\u1ea7u t\u01b0 s\u00e2u v\u00e0o c\u00e1c v\u00f9ng nguy\u00ean li\u1ec7u, g\u00f3p ph\u1ea7n ph\u00e1t tri\u1ec3n kinh t\u1ebf x\u00e3 h\u1ed9i v\u00e0 m\u00f4i tr\u01b0\u1eddng.<\/p>\n[\/vc_column_text][mk_button dimension=&#8221;flat&#8221; url=&#8221;\/sustainability&#8221; margin_top=&#8221;20&#8243; el_class=&#8221;btn_view_more&#8221; btn_hover_txt_color=&#8221;#ffffff&#8221;]T\u00ecm hi\u1ec3u c\u00e1c ch\u01b0\u01a1ng tr\u00ecnh b\u1ec1n v\u1eefng [\/mk_button][\/vc_column_inner][vc_column_inner el_class=&#8221;section_who_we_are_column_right order-1&#8243; width=&#8221;7\/12&#8243;][vc_single_image image=&#8221;1259&#8243; img_size=&#8221;full&#8221; alignment=&#8221;center&#8221; el_class=&#8221;image_sustainability&#8221;][\/vc_column_inner][\/vc_row_inner][\/vc_column][\/mk_page_section]\n<\/div>","protected":false},"excerpt":{"rendered":"<p>[mk_page_section vertical_align=&#8221;center&#8221; bg_position=&#8221;center center&#8221; bg_repeat=&#8221;no-repeat&#8221; bg_stretch=&#8221;true&#8221; bg_video=&#8221;yes&#8221; mp4=&#8221;http:\/\/www.intimexcoffee.com.vn\/wp-content\/uploads\/2022\/02\/video-1920&#215;1080-sub-fix-11.02.2022-01-1.m4v&#8221; full_width=&#8221;true&#8221; full_height=&#8221;true&#8221; padding_top=&#8221;0&#8243; padding_bottom=&#8221;0&#8243; visibility=&#8221;hidden-nb&#8221; el_class=&#8221;home_page_section_hero_banner&#8221; sidebar=&#8221;sidebar-1&#8243;][vc_column][\/vc_column][\/mk_page_section][mk_page_section vertical_align=&#8221;top&#8221; bg_position=&#8221;center center&#8221; bg_repeat=&#8221;no-repeat&#8221; bg_stretch=&#8221;true&#8221; bg_gradient=&#8221;radial&#8221; min_height=&#8221;0&#8243; full_width=&#8221;true&#8221; padding_top=&#8221;0&#8243; padding_bottom=&#8221;0&#8243; el_class=&#8221;section-video-mobile&#8221; sidebar=&#8221;sidebar-1&#8243;][vc_column][vc_video host=&#8221;self_hosted&#8221; mp4=&#8221;http:\/\/www.intimexcoffee.com.vn\/wp-content\/uploads\/2022\/02\/video-1920&#215;1080-sub-fix-11.02.2022-01-1.m4v&#8221; autoplay=&#8221;true&#8221; loop=&#8221;true&#8221; muted=&#8221;true&#8221;][\/vc_column][\/mk_page_section][mk_page_section bg_color=&#8221;#404d87&#8243; el_class=&#8221;section-padding home_page_section_about_intimex-coffee&#8221; sidebar=&#8221;sidebar-1&#8243;][vc_column][vc_row_inner][vc_column_inner width=&#8221;1\/6&#8243;][\/vc_column_inner][vc_column_inner width=&#8221;2\/3&#8243;][vc_column_text css=&#8221;.vc_custom_1637052244774{margin-bottom: 0px !important;}&#8221;] V\u1ec0 INTIMEX GROUP [\/vc_column_text][vc_separator color=&#8221;custom&#8221; align=&#8221;align_left&#8221; border_width=&#8221;8&#8243; el_width=&#8221;20&#8243; accent_color=&#8221;#89befb&#8221;][mk_padding_divider size=&#8221;30&#8243;][vc_column_text css=&#8221;.vc_custom_1645418533205{margin-bottom: 0px !important;}&#8221;] Tr\u00ean [&hellip;]<\/p>\n","protected":false},"author":1,"featured_media":0,"parent":0,"menu_order":0,"comment_status":"closed","ping_status":"closed","template":"","meta":{"inline_featured_image":false,"footnotes":""},"class_list":["post-391","page","type-page","status-publish","hentry"],"yoast_head":"<!-- This site is optimized with the Yoast SEO plugin v23.6 - https:\/\/yoast.com\/wordpress\/plugins\/seo\/ -->\n<title>INTIMEX GROUP | V\u1ec0 INTIMEX GROUP<\/title>\n<meta name=\"description\" content=\"T\u1ef1 h\u00e0o l\u00e0 doanh nghi\u1ec7p xu\u1ea5t kh\u1ea9u c\u00e0 ph\u00ea h\u00e0ng \u0111\u1ea7u Vi\u1ec7t Nam, v\u1edbi s\u1ea3n l\u01b0\u1ee3ng xu\u1ea5t kh\u1ea9u trung b\u00ecnh h\u00e0ng \u0111\u1ea1t 450.000 t\u1ea5n\/n\u0103m.\u00a0 Intimex Group hi\u1ec7n \u0111ang v\u1eadn h\u00e0nh 13 nh\u00e0 m\u00e1y ch\u1ebf bi\u1ebfn c\u00e0 ph\u00ea nh\u00e2n \u1edf nh\u1eefng v\u00f9ng nguy\u00ean li\u1ec7u c\u00e0 ph\u00ea tr\u1ecdng \u0111i\u1ec3m \u1edf Vi\u1ec7t Nam v\u00e0 1 nh\u00e0 m\u00e1y ch\u1ebf bi\u1ebfn c\u00e0 ph\u00ea h\u00f2a tan t\u1ea1i Khu c\u00f4ng nghi\u1ec7p VSIP II\" \/>\n<meta name=\"robots\" content=\"index, follow, max-snippet:-1, max-image-preview:large, max-video-preview:-1\" \/>\n<link rel=\"canonical\" href=\"https:\/\/www.intimexcoffee.com.vn\/vi\/\" \/>\n<meta property=\"og:locale\" content=\"vi_VN\" \/>\n<meta property=\"og:type\" content=\"article\" \/>\n<meta property=\"og:title\" content=\"INTIMEX GROUP | V\u1ec0 INTIMEX GROUP\" \/>\n<meta property=\"og:description\" content=\"T\u1ef1 h\u00e0o l\u00e0 doanh nghi\u1ec7p xu\u1ea5t kh\u1ea9u c\u00e0 ph\u00ea h\u00e0ng \u0111\u1ea7u Vi\u1ec7t Nam, v\u1edbi s\u1ea3n l\u01b0\u1ee3ng xu\u1ea5t kh\u1ea9u trung b\u00ecnh h\u00e0ng \u0111\u1ea1t 450.000 t\u1ea5n\/n\u0103m.\u00a0 Intimex Group hi\u1ec7n \u0111ang v\u1eadn h\u00e0nh 13 nh\u00e0 m\u00e1y ch\u1ebf bi\u1ebfn c\u00e0 ph\u00ea nh\u00e2n \u1edf nh\u1eefng v\u00f9ng nguy\u00ean li\u1ec7u c\u00e0 ph\u00ea tr\u1ecdng \u0111i\u1ec3m \u1edf Vi\u1ec7t Nam v\u00e0 1 nh\u00e0 m\u00e1y ch\u1ebf bi\u1ebfn c\u00e0 ph\u00ea h\u00f2a tan t\u1ea1i Khu c\u00f4ng nghi\u1ec7p VSIP II\" \/>\n<meta property=\"og:url\" content=\"https:\/\/www.intimexcoffee.com.vn\/vi\/\" \/>\n<meta property=\"og:site_name\" content=\"INTIMEX GROUP\" \/>\n<meta property=\"article:modified_time\" content=\"2023-09-25T06:15:59+00:00\" \/>\n<meta name=\"twitter:card\" content=\"summary_large_image\" \/>\n<meta name=\"twitter:label1\" content=\"Est. reading time\" \/>\n\t<meta name=\"twitter:data1\" content=\"3 minutes\" \/>\n<script type=\"application\/ld+json\" class=\"yoast-schema-graph\">{\"@context\":\"https:\/\/schema.org\",\"@graph\":[{\"@type\":\"WebPage\",\"@id\":\"https:\/\/www.intimexcoffee.com.vn\/vi\/\",\"url\":\"https:\/\/www.intimexcoffee.com.vn\/vi\/\",\"name\":\"INTIMEX GROUP | V\u1ec0 INTIMEX GROUP\",\"isPartOf\":{\"@id\":\"https:\/\/www.intimexcoffee.com.vn\/#website\"},\"datePublished\":\"2021-08-09T07:35:46+00:00\",\"dateModified\":\"2023-09-25T06:15:59+00:00\",\"description\":\"T\u1ef1 h\u00e0o l\u00e0 doanh nghi\u1ec7p xu\u1ea5t kh\u1ea9u c\u00e0 ph\u00ea h\u00e0ng \u0111\u1ea7u Vi\u1ec7t Nam, v\u1edbi s\u1ea3n l\u01b0\u1ee3ng xu\u1ea5t kh\u1ea9u trung b\u00ecnh h\u00e0ng \u0111\u1ea1t 450.000 t\u1ea5n\/n\u0103m.\u00a0 Intimex Group hi\u1ec7n \u0111ang v\u1eadn h\u00e0nh 13 nh\u00e0 m\u00e1y ch\u1ebf bi\u1ebfn c\u00e0 ph\u00ea nh\u00e2n \u1edf nh\u1eefng v\u00f9ng nguy\u00ean li\u1ec7u c\u00e0 ph\u00ea tr\u1ecdng \u0111i\u1ec3m \u1edf Vi\u1ec7t Nam v\u00e0 1 nh\u00e0 m\u00e1y ch\u1ebf bi\u1ebfn c\u00e0 ph\u00ea h\u00f2a tan t\u1ea1i Khu c\u00f4ng nghi\u1ec7p VSIP II\",\"breadcrumb\":{\"@id\":\"https:\/\/www.intimexcoffee.com.vn\/vi\/#breadcrumb\"},\"inLanguage\":\"vi-VN\",\"potentialAction\":[{\"@type\":\"ReadAction\",\"target\":[\"https:\/\/www.intimexcoffee.com.vn\/vi\/\"]}]},{\"@type\":\"BreadcrumbList\",\"@id\":\"https:\/\/www.intimexcoffee.com.vn\/vi\/#breadcrumb\",\"itemListElement\":[{\"@type\":\"ListItem\",\"position\":1,\"name\":\"Home\",\"item\":\"https:\/\/www.intimexcoffee.com.vn\/vi\/\"},{\"@type\":\"ListItem\",\"position\":2,\"name\":\"TRANG CH\u1ee6\"}]},{\"@type\":\"WebSite\",\"@id\":\"https:\/\/www.intimexcoffee.com.vn\/#website\",\"url\":\"https:\/\/www.intimexcoffee.com.vn\/\",\"name\":\"INTIMEX GROUP\",\"description\":\"\",\"publisher\":{\"@id\":\"https:\/\/www.intimexcoffee.com.vn\/#organization\"},\"potentialAction\":[{\"@type\":\"SearchAction\",\"target\":{\"@type\":\"EntryPoint\",\"urlTemplate\":\"https:\/\/www.intimexcoffee.com.vn\/?s={search_term_string}\"},\"query-input\":{\"@type\":\"PropertyValueSpecification\",\"valueRequired\":true,\"valueName\":\"search_term_string\"}}],\"inLanguage\":\"vi-VN\"},{\"@type\":\"Organization\",\"@id\":\"https:\/\/www.intimexcoffee.com.vn\/#organization\",\"name\":\"INTIMEX GROUP\",\"url\":\"https:\/\/www.intimexcoffee.com.vn\/\",\"logo\":{\"@type\":\"ImageObject\",\"inLanguage\":\"vi-VN\",\"@id\":\"https:\/\/www.intimexcoffee.com.vn\/#\/schema\/logo\/image\/\",\"url\":\"https:\/\/www.intimexcoffee.com.vn\/wp-content\/uploads\/2021\/12\/cropped-logo-intimex-group-512x512-01.png\",\"contentUrl\":\"https:\/\/www.intimexcoffee.com.vn\/wp-content\/uploads\/2021\/12\/cropped-logo-intimex-group-512x512-01.png\",\"width\":512,\"height\":512,\"caption\":\"INTIMEX GROUP\"},\"image\":{\"@id\":\"https:\/\/www.intimexcoffee.com.vn\/#\/schema\/logo\/image\/\"}}]}<\/script>\n<!-- \/ Yoast SEO plugin. -->","yoast_head_json":{"title":"INTIMEX GROUP | V\u1ec0 INTIMEX GROUP","description":"T\u1ef1 h\u00e0o l\u00e0 doanh nghi\u1ec7p xu\u1ea5t kh\u1ea9u c\u00e0 ph\u00ea h\u00e0ng \u0111\u1ea7u Vi\u1ec7t Nam, v\u1edbi s\u1ea3n l\u01b0\u1ee3ng xu\u1ea5t kh\u1ea9u trung b\u00ecnh h\u00e0ng \u0111\u1ea1t 450.000 t\u1ea5n\/n\u0103m.\u00a0 Intimex Group hi\u1ec7n \u0111ang v\u1eadn h\u00e0nh 13 nh\u00e0 m\u00e1y ch\u1ebf bi\u1ebfn c\u00e0 ph\u00ea nh\u00e2n \u1edf nh\u1eefng v\u00f9ng nguy\u00ean li\u1ec7u c\u00e0 ph\u00ea tr\u1ecdng \u0111i\u1ec3m \u1edf Vi\u1ec7t Nam v\u00e0 1 nh\u00e0 m\u00e1y ch\u1ebf bi\u1ebfn c\u00e0 ph\u00ea h\u00f2a tan t\u1ea1i Khu c\u00f4ng nghi\u1ec7p VSIP II","robots":{"index":"index","follow":"follow","max-snippet":"max-snippet:-1","max-image-preview":"max-image-preview:large","max-video-preview":"max-video-preview:-1"},"canonical":"https:\/\/www.intimexcoffee.com.vn\/vi\/","og_locale":"vi_VN","og_type":"article","og_title":"INTIMEX GROUP | V\u1ec0 INTIMEX GROUP","og_description":"T\u1ef1 h\u00e0o l\u00e0 doanh nghi\u1ec7p xu\u1ea5t kh\u1ea9u c\u00e0 ph\u00ea h\u00e0ng \u0111\u1ea7u Vi\u1ec7t Nam, v\u1edbi s\u1ea3n l\u01b0\u1ee3ng xu\u1ea5t kh\u1ea9u trung b\u00ecnh h\u00e0ng \u0111\u1ea1t 450.000 t\u1ea5n\/n\u0103m.\u00a0 Intimex Group hi\u1ec7n \u0111ang v\u1eadn h\u00e0nh 13 nh\u00e0 m\u00e1y ch\u1ebf bi\u1ebfn c\u00e0 ph\u00ea nh\u00e2n \u1edf nh\u1eefng v\u00f9ng nguy\u00ean li\u1ec7u c\u00e0 ph\u00ea tr\u1ecdng \u0111i\u1ec3m \u1edf Vi\u1ec7t Nam v\u00e0 1 nh\u00e0 m\u00e1y ch\u1ebf bi\u1ebfn c\u00e0 ph\u00ea h\u00f2a tan t\u1ea1i Khu c\u00f4ng nghi\u1ec7p VSIP II","og_url":"https:\/\/www.intimexcoffee.com.vn\/vi\/","og_site_name":"INTIMEX GROUP","article_modified_time":"2023-09-25T06:15:59+00:00","twitter_card":"summary_large_image","twitter_misc":{"Est. reading time":"3 minutes"},"schema":{"@context":"https:\/\/schema.org","@graph":[{"@type":"WebPage","@id":"https:\/\/www.intimexcoffee.com.vn\/vi\/","url":"https:\/\/www.intimexcoffee.com.vn\/vi\/","name":"INTIMEX GROUP | V\u1ec0 INTIMEX GROUP","isPartOf":{"@id":"https:\/\/www.intimexcoffee.com.vn\/#website"},"datePublished":"2021-08-09T07:35:46+00:00","dateModified":"2023-09-25T06:15:59+00:00","description":"T\u1ef1 h\u00e0o l\u00e0 doanh nghi\u1ec7p xu\u1ea5t kh\u1ea9u c\u00e0 ph\u00ea h\u00e0ng \u0111\u1ea7u Vi\u1ec7t Nam, v\u1edbi s\u1ea3n l\u01b0\u1ee3ng xu\u1ea5t kh\u1ea9u trung b\u00ecnh h\u00e0ng \u0111\u1ea1t 450.000 t\u1ea5n\/n\u0103m.\u00a0 Intimex Group hi\u1ec7n \u0111ang v\u1eadn h\u00e0nh 13 nh\u00e0 m\u00e1y ch\u1ebf bi\u1ebfn c\u00e0 ph\u00ea nh\u00e2n \u1edf nh\u1eefng v\u00f9ng nguy\u00ean li\u1ec7u c\u00e0 ph\u00ea tr\u1ecdng \u0111i\u1ec3m \u1edf Vi\u1ec7t Nam v\u00e0 1 nh\u00e0 m\u00e1y ch\u1ebf bi\u1ebfn c\u00e0 ph\u00ea h\u00f2a tan t\u1ea1i Khu c\u00f4ng nghi\u1ec7p VSIP II","breadcrumb":{"@id":"https:\/\/www.intimexcoffee.com.vn\/vi\/#breadcrumb"},"inLanguage":"vi-VN","potentialAction":[{"@type":"ReadAction","target":["https:\/\/www.intimexcoffee.com.vn\/vi\/"]}]},{"@type":"BreadcrumbList","@id":"https:\/\/www.intimexcoffee.com.vn\/vi\/#breadcrumb","itemListElement":[{"@type":"ListItem","position":1,"name":"Home","item":"https:\/\/www.intimexcoffee.com.vn\/vi\/"},{"@type":"ListItem","position":2,"name":"TRANG CH\u1ee6"}]},{"@type":"WebSite","@id":"https:\/\/www.intimexcoffee.com.vn\/#website","url":"https:\/\/www.intimexcoffee.com.vn\/","name":"INTIMEX GROUP","description":"","publisher":{"@id":"https:\/\/www.intimexcoffee.com.vn\/#organization"},"potentialAction":[{"@type":"SearchAction","target":{"@type":"EntryPoint","urlTemplate":"https:\/\/www.intimexcoffee.com.vn\/?s={search_term_string}"},"query-input":{"@type":"PropertyValueSpecification","valueRequired":true,"valueName":"search_term_string"}}],"inLanguage":"vi-VN"},{"@type":"Organization","@id":"https:\/\/www.intimexcoffee.com.vn\/#organization","name":"INTIMEX GROUP","url":"https:\/\/www.intimexcoffee.com.vn\/","logo":{"@type":"ImageObject","inLanguage":"vi-VN","@id":"https:\/\/www.intimexcoffee.com.vn\/#\/schema\/logo\/image\/","url":"https:\/\/www.intimexcoffee.com.vn\/wp-content\/uploads\/2021\/12\/cropped-logo-intimex-group-512x512-01.png","contentUrl":"https:\/\/www.intimexcoffee.com.vn\/wp-content\/uploads\/2021\/12\/cropped-logo-intimex-group-512x512-01.png","width":512,"height":512,"caption":"INTIMEX GROUP"},"image":{"@id":"https:\/\/www.intimexcoffee.com.vn\/#\/schema\/logo\/image\/"}}]}},"_links":{"self":[{"href":"https:\/\/www.intimexcoffee.com.vn\/vi\/wp-json\/wp\/v2\/pages\/391"}],"collection":[{"href":"https:\/\/www.intimexcoffee.com.vn\/vi\/wp-json\/wp\/v2\/pages"}],"about":[{"href":"https:\/\/www.intimexcoffee.com.vn\/vi\/wp-json\/wp\/v2\/types\/page"}],"author":[{"embeddable":true,"href":"https:\/\/www.intimexcoffee.com.vn\/vi\/wp-json\/wp\/v2\/users\/1"}],"replies":[{"embeddable":true,"href":"https:\/\/www.intimexcoffee.com.vn\/vi\/wp-json\/wp\/v2\/comments?post=391"}],"version-history":[{"count":34,"href":"https:\/\/www.intimexcoffee.com.vn\/vi\/wp-json\/wp\/v2\/pages\/391\/revisions"}],"predecessor-version":[{"id":1605,"href":"https:\/\/www.intimexcoffee.com.vn\/vi\/wp-json\/wp\/v2\/pages\/391\/revisions\/1605"}],"wp:attachment":[{"href":"https:\/\/www.intimexcoffee.com.vn\/vi\/wp-json\/wp\/v2\/media?parent=391"}],"curies":[{"name":"wp","href":"https:\/\/api.w.org\/{rel}","templated":true}]}}