{"id":1550,"date":"2021-08-09T08:54:33","date_gmt":"2021-08-09T08:54:33","guid":{"rendered":"https:\/\/www.intimexcoffee.com.vn\/sustainability\/"},"modified":"2022-02-28T04:04:24","modified_gmt":"2022-02-28T04:04:24","slug":"phat-trien-ben-vung","status":"publish","type":"page","link":"https:\/\/www.intimexcoffee.com.vn\/vi\/phat-trien-ben-vung\/","title":{"rendered":"PH\u00c1T TRI\u1ec2N B\u1ec0N V\u1eeeNG"},"content":{"rendered":"<div class=\"wpb-content-wrapper\">[mk_page_section bg_position=&#8221;center center&#8221; bg_repeat=&#8221;no-repeat&#8221; bg_stretch=&#8221;true&#8221; full_width=&#8221;true&#8221; full_height=&#8221;true&#8221; padding_top=&#8221;0&#8243; padding_bottom=&#8221;0&#8243; el_class=&#8221;sustainability_page_section_hero_banner&#8221; sidebar=&#8221;sidebar-1&#8243;][vc_column][mk_slideshow_box images=&#8221;1259,1405,1399&#8243; section_height=&#8221;700&#8243; full_height=&#8221;true&#8221;][\/mk_slideshow_box][\/vc_column][\/mk_page_section][mk_page_section bg_color=&#8221;#404d87&#8243; el_class=&#8221;section-padding sustainability_page_section_our_commitment&#8221; sidebar=&#8221;sidebar-1&#8243;][vc_column][vc_row_inner el_class=&#8221;row-commitment&#8221;][vc_column_inner el_class=&#8221;order-2&#8243; width=&#8221;1\/2&#8243;][vc_column_text css=&#8221;.vc_custom_1638772768096{margin-bottom: 0px !important;}&#8221;]\n<h1 class=\"color_white\">CAM K\u1ebeT C\u1ee6A<br \/>\nCH\u00daNG T\u00d4I<\/h1>\n[\/vc_column_text][vc_separator color=&#8221;custom&#8221; align=&#8221;align_left&#8221; border_width=&#8221;8&#8243; el_width=&#8221;20&#8243; accent_color=&#8221;#89befb&#8221;][vc_empty_space height=&#8221;20px&#8221;][vc_column_text css=&#8221;.vc_custom_1637049760864{margin-bottom: 0px !important;}&#8221;]\n<p class=\"color_white\">L\u00e0 doanh nghi\u1ec7p thu mua, ch\u1ebf bi\u1ebfn v\u00e0 xu\u1ea5t kh\u1ea9u n\u00f4ng s\u1ea3n h\u00e0ng \u0111\u1ea7u Vi\u1ec7t Nam, trong nh\u1eefng n\u0103m qua, Intimex Group \u0111\u00e3 t\u00edch c\u1ef1c \u0111\u1ea9y m\u1ea1nh vi\u1ec7c h\u1ecdp t\u00e1c, li\u00ean k\u1ebft v\u1edbi c\u00e1c \u0111\u1ecba ph\u01b0\u01a1ng, tham gia c\u00e1c ch\u01b0\u01a1ng tr\u00ecnh n\u00f4ng nghi\u1ec7p b\u1ec1n v\u1eefng \u0111\u1ec3 n\u00e2ng cao ch\u1ea5t l\u01b0\u1ee3ng s\u1ea3n ph\u1ea9m, \u0111\u1ea7u t\u01b0 s\u00e2u v\u00e0o c\u00e1c v\u00f9ng nguy\u00ean li\u1ec7u, g\u00f3p ph\u1ea7n ph\u00e1t tri\u1ec3n kinh t\u1ebf x\u00e3 h\u1ed9i v\u00e0 m\u00f4i tr\u01b0\u1eddng.<\/p>\n[\/vc_column_text][\/vc_column_inner][vc_column_inner el_class=&#8221;order-1&#8243; width=&#8221;1\/2&#8243;][vc_single_image image=&#8221;1399&#8243; img_size=&#8221;full&#8221; alignment=&#8221;center&#8221; el_class=&#8221;image_our_commitment&#8221;][\/vc_column_inner][\/vc_row_inner][\/vc_column][\/mk_page_section][mk_page_section el_class=&#8221;section-padding sustainability_page_rice_field&#8221; sidebar=&#8221;sidebar-1&#8243;][vc_column][vc_row_inner][vc_column_inner width=&#8221;1\/2&#8243;][vc_single_image image=&#8221;988&#8243; img_size=&#8221;full&#8221; alignment=&#8221;center&#8221; el_class=&#8221;image_rice_field&#8221;][\/vc_column_inner][vc_column_inner width=&#8221;1\/2&#8243;][mk_padding_divider size=&#8221;65&#8243; visibility=&#8221;hidden-sm&#8221;][vc_column_text css=&#8221;.vc_custom_1645425579616{margin-bottom: 0px !important;}&#8221;]Trong \u0111\u00f3 c\u00f3 c\u00e1c ch\u01b0\u01a1ng tr\u00ecnh c\u00e0 ph\u00ea b\u1ec1n v\u1eefng nh\u01b0 4C, UTZ t\u1ea1i c\u00e1c v\u00f9ng c\u00e0 ph\u00ea tr\u1ecdng \u0111i\u1ec3m nh\u01b0 \u0110\u1eafk N\u00f4ng, \u0110\u1eafk Lawsk, Gia Lai, L\u00e2m \u0110\u1ed3ng. \u0110\u1ebfn nay, s\u1ed1 n\u00f4ng h\u1ed9 tham gia ch\u01b0\u01a1ng tr\u00ecnh c\u00e0 ph\u00ea b\u1ec1n v\u1eefng tr\u00ean 39,900 n\u00f4ng h\u1ed9, di\u1ec7n t\u00edch 73,700 hecta, s\u1ea3n l\u01b0\u1ee3ng 294,000 t\u1ea5n[\/vc_column_text][\/vc_column_inner][\/vc_row_inner][mk_padding_divider visibility=&#8221;hidden-sm&#8221;][vc_row_inner el_class=&#8221;row_rice_field_2&#8243;][vc_column_inner el_class=&#8221;column_rice_field_2&#8243; width=&#8221;1\/3&#8243;][vc_single_image image=&#8221;213&#8243; img_size=&#8221;full&#8221; alignment=&#8221;center&#8221;][vc_column_text css=&#8221;.vc_custom_1638772683827{margin-bottom: 0px !important;}&#8221;]\n<div class=\"title\">39,900<\/div>\n<p class=\"content\">N\u00d4NG H\u1ed8 THAM GIA CH\u01af\u01a0NG TR\u00ccNH PH\u00c1T TRI\u1ec2N B\u1ec0N V\u1eeeNG<\/p>\n[\/vc_column_text][\/vc_column_inner][vc_column_inner el_class=&#8221;column_rice_field_2&#8243; width=&#8221;1\/3&#8243;][vc_single_image image=&#8221;212&#8243; img_size=&#8221;full&#8221; alignment=&#8221;center&#8221;][vc_column_text css=&#8221;.vc_custom_1638772677803{margin-bottom: 0px !important;}&#8221;]\n<div class=\"title\">73,700<\/div>\n<p class=\"content\">HECTA DI\u1ec6N T\u00cdCH C\u00c0 PH\u00ca THAM GIA CH\u01af\u01a0NG TR\u00ccNH<\/p>\n[\/vc_column_text][\/vc_column_inner][vc_column_inner el_class=&#8221;column_rice_field_2&#8243; width=&#8221;1\/3&#8243;][vc_single_image image=&#8221;214&#8243; img_size=&#8221;full&#8221; alignment=&#8221;center&#8221;][vc_column_text css=&#8221;.vc_custom_1638772696458{margin-bottom: 0px !important;}&#8221;]\n<div class=\"title\">294,000<\/div>\n<p class=\"content\">T\u1ea4N C\u00c0 PH\u00ca<\/p>\n[\/vc_column_text][\/vc_column_inner][\/vc_row_inner][\/vc_column][\/mk_page_section][mk_page_section bg_color=&#8221;#F0EDED&#8221; el_class=&#8221;section-padding sustainability_page_section_coffee_garden&#8221; sidebar=&#8221;sidebar-1&#8243;][vc_column][vc_row_inner][vc_column_inner el_class=&#8221;section_who_we_are_column_right&#8221; width=&#8221;1\/2&#8243;][vc_single_image image=&#8221;1401&#8243; img_size=&#8221;full&#8221; alignment=&#8221;center&#8221; el_class=&#8221;drop_shadow_image&#8221;][\/vc_column_inner][vc_column_inner el_class=&#8221;section_who_we_are_column_left&#8221; width=&#8221;1\/2&#8243;][mk_padding_divider size=&#8221;60&#8243; visibility=&#8221;hidden-sm&#8221;][vc_column_text css=&#8221;.vc_custom_1637049857476{margin-bottom: 0px !important;}&#8221;]\u0110\u1ec3 l\u00e0m \u0111\u01b0\u1ee3c \u0111i\u1ec1u n\u00e0y, Intimex Group \u0111\u00e3 li\u00ean k\u1ebft v\u1edbi c\u00e1c \u0111\u1ecba ph\u01b0\u01a1ng t\u1ea1i c\u00e1c v\u00f9ng nguy\u00ean li\u1ec7u tr\u1ecdng \u0111i\u1ec3m, x\u00e2y d\u1ef1ng ch\u01b0\u01a1ng tr\u00ecnh \u0111\u00e0o t\u1ea1o v\u1ec1 n\u00f4ng nghi\u1ec7p b\u1ec1n v\u1eefng d\u00e0nh cho n\u00f4ng d\u00e2n, n\u00e2ng cao ch\u1ea5t l\u01b0\u1ee3ng h\u1ea1t c\u00e0 ph\u00ea<\/p>\n<p>Intimex Group \u0111\u00e3 v\u00e0 \u0111ang x\u00e2y d\u1ef1ng doanh nghi\u1ec7p c\u00e0 ph\u00ea b\u1ec1n v\u1eefng v\u1ec1 m\u1eb7t m\u00f4i tr\u01b0\u1eddng, x\u00e3 h\u1ed9i v\u00e0 sinh k\u1ebf c\u1ee7a m\u1ecdi m\u1eafc x\u00edch trong s\u1ee3i d\u00e2y li\u00ean k\u1ebft gi\u1eefa n\u00f4ng d\u00e2n v\u00e0 doanh nghi\u1ec7p xu\u1ea5t kh\u1ea9u c\u00e0 ph\u00ea.[\/vc_column_text][\/vc_column_inner][\/vc_row_inner][\/vc_column][\/mk_page_section][mk_page_section el_class=&#8221;section-padding sustainability_section_coffee_harvest&#8221; sidebar=&#8221;sidebar-1&#8243;][vc_column][vc_row_inner][vc_column_inner width=&#8221;1\/2&#8243;][mk_padding_divider size=&#8221;10&#8243;][vc_single_image image=&#8221;1078&#8243; img_size=&#8221;full&#8221; alignment=&#8221;center&#8221; el_class=&#8221;drop_shadow_image&#8221;][\/vc_column_inner][vc_column_inner el_class=&#8221;section_sustainability_column_left&#8221; width=&#8221;1\/2&#8243;][mk_padding_divider size=&#8221;100&#8243; visibility=&#8221;hidden-sm&#8221;][vc_column_text css=&#8221;.vc_custom_1637050002676{margin-bottom: 0px !important;}&#8221;]\n<p class=\"color_white\">Kh\u00f4ng d\u1eebng l\u1ea1i \u1edf ch\u01b0\u01a1ng tr\u00ecnh \u0111\u00e0o t\u1ea1o, Intimex Group c\u00f2n t\u1ed5 ch\u1ee9c ch\u01b0\u01a1ng tr\u00ecnh cho vay v\u1ed1n, h\u1ed7 tr\u1ee3 n\u00f4ng d\u00e2n ho\u1ea1t \u0111\u1ed9ng s\u1ea3n xu\u1ea5t, kinh doanh c\u00e0 ph\u00ea, qua \u0111\u00f3, h\u1ecd \u0111\u01b0\u1ee3c to\u00e0n quy\u1ec1n quy\u1ebft \u0111\u1ecbnh gi\u00e1 b\u00e1n, th\u1eddi \u0111i\u1ec3m b\u00e1n v\u00e0 ng\u01b0\u1eddi mua v\u1edbi s\u1ea3n ph\u1ea9m c\u00e0 ph\u00ea l\u00e0m t\u00e0i s\u1ea3n \u0111\u1ea3m b\u1ea3o.<\/p>\n<p class=\"color_white\">Ngo\u00e0i ra, Intimex Group v\u00e0 c\u00e1c ng\u00e2n h\u00e0ng li\u00ean k\u1ebft c\u0169ng d\u00e0nh nhi\u1ec1u \u01b0u \u0111\u00e3i cho n\u00f4ng d\u00e2n nh\u01b0 mi\u1ec5n ph\u00ed b\u1ea3o qu\u1ea3n c\u00e0 ph\u00ea t\u1ea1i khu v\u1ef1c kho ri\u00eang c\u1ee7a T\u1eadp \u0111o\u00e0n, mi\u1ec5n ph\u00ed hao h\u1ee5t, ph\u00ed l\u01b0u kho, ph\u00ed c\u00e2n, ph\u00ed b\u00f3c x\u1ebfp v\u00e0 ph\u00ed b\u1ea3o hi\u1ec3m h\u00e0ng h\u00f3a.<\/p>\n[\/vc_column_text][\/vc_column_inner][\/vc_row_inner][\/vc_column][\/mk_page_section]\n<\/div>","protected":false},"excerpt":{"rendered":"<p>[mk_page_section bg_position=&#8221;center center&#8221; bg_repeat=&#8221;no-repeat&#8221; bg_stretch=&#8221;true&#8221; full_width=&#8221;true&#8221; full_height=&#8221;true&#8221; padding_top=&#8221;0&#8243; padding_bottom=&#8221;0&#8243; el_class=&#8221;sustainability_page_section_hero_banner&#8221; sidebar=&#8221;sidebar-1&#8243;][vc_column][mk_slideshow_box images=&#8221;1259,1405,1399&#8243; section_height=&#8221;700&#8243; full_height=&#8221;true&#8221;][\/mk_slideshow_box][\/vc_column][\/mk_page_section][mk_page_section bg_color=&#8221;#404d87&#8243; el_class=&#8221;section-padding sustainability_page_section_our_commitment&#8221; sidebar=&#8221;sidebar-1&#8243;][vc_column][vc_row_inner el_class=&#8221;row-commitment&#8221;][vc_column_inner el_class=&#8221;order-2&#8243; width=&#8221;1\/2&#8243;][vc_column_text css=&#8221;.vc_custom_1638772768096{margin-bottom: 0px !important;}&#8221;] CAM K\u1ebeT C\u1ee6A CH\u00daNG T\u00d4I [\/vc_column_text][vc_separator color=&#8221;custom&#8221; align=&#8221;align_left&#8221; border_width=&#8221;8&#8243; el_width=&#8221;20&#8243; accent_color=&#8221;#89befb&#8221;][vc_empty_space height=&#8221;20px&#8221;][vc_column_text css=&#8221;.vc_custom_1637049760864{margin-bottom: 0px !important;}&#8221;] L\u00e0 doanh nghi\u1ec7p thu mua, ch\u1ebf bi\u1ebfn v\u00e0 xu\u1ea5t kh\u1ea9u n\u00f4ng s\u1ea3n h\u00e0ng \u0111\u1ea7u Vi\u1ec7t Nam, [&hellip;]<\/p>\n","protected":false},"author":1,"featured_media":0,"parent":0,"menu_order":0,"comment_status":"closed","ping_status":"closed","template":"","meta":{"inline_featured_image":false,"footnotes":""},"class_list":["post-1550","page","type-page","status-publish","hentry"],"yoast_head":"<!-- This site is optimized with the Yoast SEO plugin v23.6 - https:\/\/yoast.com\/wordpress\/plugins\/seo\/ -->\n<title>PH\u00c1T TRI\u1ec2N B\u1ec0N V\u1eeeNG - INTIMEX GROUP<\/title>\n<meta name=\"description\" content=\"We are proud to be the leading one with the annual export volume of 450,000 tons green coffee bean. Up to now, we are operating 13 green coffee bean processing factories and 1 instant coffee processing factory across different key regions in Vietnam\" \/>\n<meta name=\"robots\" content=\"index, follow, max-snippet:-1, max-image-preview:large, max-video-preview:-1\" \/>\n<link rel=\"canonical\" href=\"http:\/\/18.142.155.149\/vi\/phat-trien-ben-vung\/\" \/>\n<meta property=\"og:locale\" content=\"vi_VN\" \/>\n<meta property=\"og:type\" content=\"article\" \/>\n<meta property=\"og:title\" content=\"PH\u00c1T TRI\u1ec2N B\u1ec0N V\u1eeeNG - INTIMEX GROUP\" \/>\n<meta property=\"og:description\" content=\"We are proud to be the leading one with the annual export volume of 450,000 tons green coffee bean. Up to now, we are operating 13 green coffee bean processing factories and 1 instant coffee processing factory across different key regions in Vietnam\" \/>\n<meta property=\"og:url\" content=\"http:\/\/18.142.155.149\/vi\/phat-trien-ben-vung\/\" \/>\n<meta property=\"og:site_name\" content=\"INTIMEX GROUP\" \/>\n<meta property=\"article:modified_time\" content=\"2022-02-28T04:04:24+00:00\" \/>\n<meta name=\"twitter:card\" content=\"summary_large_image\" \/>\n<meta name=\"twitter:label1\" content=\"Est. reading time\" \/>\n\t<meta name=\"twitter:data1\" content=\"5 minutes\" \/>\n<script type=\"application\/ld+json\" class=\"yoast-schema-graph\">{\"@context\":\"https:\/\/schema.org\",\"@graph\":[{\"@type\":\"WebPage\",\"@id\":\"http:\/\/18.142.155.149\/vi\/phat-trien-ben-vung\/\",\"url\":\"http:\/\/18.142.155.149\/vi\/phat-trien-ben-vung\/\",\"name\":\"PH\u00c1T TRI\u1ec2N B\u1ec0N V\u1eeeNG - INTIMEX GROUP\",\"isPartOf\":{\"@id\":\"https:\/\/www.intimexcoffee.com.vn\/#website\"},\"datePublished\":\"2021-08-09T08:54:33+00:00\",\"dateModified\":\"2022-02-28T04:04:24+00:00\",\"description\":\"We are proud to be the leading one with the annual export volume of 450,000 tons green coffee bean. Up to now, we are operating 13 green coffee bean processing factories and 1 instant coffee processing factory across different key regions in Vietnam\",\"breadcrumb\":{\"@id\":\"http:\/\/18.142.155.149\/vi\/phat-trien-ben-vung\/#breadcrumb\"},\"inLanguage\":\"vi-VN\",\"potentialAction\":[{\"@type\":\"ReadAction\",\"target\":[\"http:\/\/18.142.155.149\/vi\/phat-trien-ben-vung\/\"]}]},{\"@type\":\"BreadcrumbList\",\"@id\":\"http:\/\/18.142.155.149\/vi\/phat-trien-ben-vung\/#breadcrumb\",\"itemListElement\":[{\"@type\":\"ListItem\",\"position\":1,\"name\":\"Home\",\"item\":\"https:\/\/www.intimexcoffee.com.vn\/vi\/\"},{\"@type\":\"ListItem\",\"position\":2,\"name\":\"PH\u00c1T TRI\u1ec2N B\u1ec0N V\u1eeeNG\"}]},{\"@type\":\"WebSite\",\"@id\":\"https:\/\/www.intimexcoffee.com.vn\/#website\",\"url\":\"https:\/\/www.intimexcoffee.com.vn\/\",\"name\":\"INTIMEX GROUP\",\"description\":\"\",\"publisher\":{\"@id\":\"https:\/\/www.intimexcoffee.com.vn\/#organization\"},\"potentialAction\":[{\"@type\":\"SearchAction\",\"target\":{\"@type\":\"EntryPoint\",\"urlTemplate\":\"https:\/\/www.intimexcoffee.com.vn\/?s={search_term_string}\"},\"query-input\":{\"@type\":\"PropertyValueSpecification\",\"valueRequired\":true,\"valueName\":\"search_term_string\"}}],\"inLanguage\":\"vi-VN\"},{\"@type\":\"Organization\",\"@id\":\"https:\/\/www.intimexcoffee.com.vn\/#organization\",\"name\":\"INTIMEX GROUP\",\"url\":\"https:\/\/www.intimexcoffee.com.vn\/\",\"logo\":{\"@type\":\"ImageObject\",\"inLanguage\":\"vi-VN\",\"@id\":\"https:\/\/www.intimexcoffee.com.vn\/#\/schema\/logo\/image\/\",\"url\":\"https:\/\/www.intimexcoffee.com.vn\/wp-content\/uploads\/2021\/12\/cropped-logo-intimex-group-512x512-01.png\",\"contentUrl\":\"https:\/\/www.intimexcoffee.com.vn\/wp-content\/uploads\/2021\/12\/cropped-logo-intimex-group-512x512-01.png\",\"width\":512,\"height\":512,\"caption\":\"INTIMEX GROUP\"},\"image\":{\"@id\":\"https:\/\/www.intimexcoffee.com.vn\/#\/schema\/logo\/image\/\"}}]}<\/script>\n<!-- \/ Yoast SEO plugin. -->","yoast_head_json":{"title":"PH\u00c1T TRI\u1ec2N B\u1ec0N V\u1eeeNG - INTIMEX GROUP","description":"We are proud to be the leading one with the annual export volume of 450,000 tons green coffee bean. Up to now, we are operating 13 green coffee bean processing factories and 1 instant coffee processing factory across different key regions in Vietnam","robots":{"index":"index","follow":"follow","max-snippet":"max-snippet:-1","max-image-preview":"max-image-preview:large","max-video-preview":"max-video-preview:-1"},"canonical":"http:\/\/18.142.155.149\/vi\/phat-trien-ben-vung\/","og_locale":"vi_VN","og_type":"article","og_title":"PH\u00c1T TRI\u1ec2N B\u1ec0N V\u1eeeNG - INTIMEX GROUP","og_description":"We are proud to be the leading one with the annual export volume of 450,000 tons green coffee bean. Up to now, we are operating 13 green coffee bean processing factories and 1 instant coffee processing factory across different key regions in Vietnam","og_url":"http:\/\/18.142.155.149\/vi\/phat-trien-ben-vung\/","og_site_name":"INTIMEX GROUP","article_modified_time":"2022-02-28T04:04:24+00:00","twitter_card":"summary_large_image","twitter_misc":{"Est. reading time":"5 minutes"},"schema":{"@context":"https:\/\/schema.org","@graph":[{"@type":"WebPage","@id":"http:\/\/18.142.155.149\/vi\/phat-trien-ben-vung\/","url":"http:\/\/18.142.155.149\/vi\/phat-trien-ben-vung\/","name":"PH\u00c1T TRI\u1ec2N B\u1ec0N V\u1eeeNG - INTIMEX GROUP","isPartOf":{"@id":"https:\/\/www.intimexcoffee.com.vn\/#website"},"datePublished":"2021-08-09T08:54:33+00:00","dateModified":"2022-02-28T04:04:24+00:00","description":"We are proud to be the leading one with the annual export volume of 450,000 tons green coffee bean. Up to now, we are operating 13 green coffee bean processing factories and 1 instant coffee processing factory across different key regions in Vietnam","breadcrumb":{"@id":"http:\/\/18.142.155.149\/vi\/phat-trien-ben-vung\/#breadcrumb"},"inLanguage":"vi-VN","potentialAction":[{"@type":"ReadAction","target":["http:\/\/18.142.155.149\/vi\/phat-trien-ben-vung\/"]}]},{"@type":"BreadcrumbList","@id":"http:\/\/18.142.155.149\/vi\/phat-trien-ben-vung\/#breadcrumb","itemListElement":[{"@type":"ListItem","position":1,"name":"Home","item":"https:\/\/www.intimexcoffee.com.vn\/vi\/"},{"@type":"ListItem","position":2,"name":"PH\u00c1T TRI\u1ec2N B\u1ec0N V\u1eeeNG"}]},{"@type":"WebSite","@id":"https:\/\/www.intimexcoffee.com.vn\/#website","url":"https:\/\/www.intimexcoffee.com.vn\/","name":"INTIMEX GROUP","description":"","publisher":{"@id":"https:\/\/www.intimexcoffee.com.vn\/#organization"},"potentialAction":[{"@type":"SearchAction","target":{"@type":"EntryPoint","urlTemplate":"https:\/\/www.intimexcoffee.com.vn\/?s={search_term_string}"},"query-input":{"@type":"PropertyValueSpecification","valueRequired":true,"valueName":"search_term_string"}}],"inLanguage":"vi-VN"},{"@type":"Organization","@id":"https:\/\/www.intimexcoffee.com.vn\/#organization","name":"INTIMEX GROUP","url":"https:\/\/www.intimexcoffee.com.vn\/","logo":{"@type":"ImageObject","inLanguage":"vi-VN","@id":"https:\/\/www.intimexcoffee.com.vn\/#\/schema\/logo\/image\/","url":"https:\/\/www.intimexcoffee.com.vn\/wp-content\/uploads\/2021\/12\/cropped-logo-intimex-group-512x512-01.png","contentUrl":"https:\/\/www.intimexcoffee.com.vn\/wp-content\/uploads\/2021\/12\/cropped-logo-intimex-group-512x512-01.png","width":512,"height":512,"caption":"INTIMEX GROUP"},"image":{"@id":"https:\/\/www.intimexcoffee.com.vn\/#\/schema\/logo\/image\/"}}]}},"_links":{"self":[{"href":"https:\/\/www.intimexcoffee.com.vn\/vi\/wp-json\/wp\/v2\/pages\/1550"}],"collection":[{"href":"https:\/\/www.intimexcoffee.com.vn\/vi\/wp-json\/wp\/v2\/pages"}],"about":[{"href":"https:\/\/www.intimexcoffee.com.vn\/vi\/wp-json\/wp\/v2\/types\/page"}],"author":[{"embeddable":true,"href":"https:\/\/www.intimexcoffee.com.vn\/vi\/wp-json\/wp\/v2\/users\/1"}],"replies":[{"embeddable":true,"href":"https:\/\/www.intimexcoffee.com.vn\/vi\/wp-json\/wp\/v2\/comments?post=1550"}],"version-history":[{"count":9,"href":"https:\/\/www.intimexcoffee.com.vn\/vi\/wp-json\/wp\/v2\/pages\/1550\/revisions"}],"predecessor-version":[{"id":1994,"href":"https:\/\/www.intimexcoffee.com.vn\/vi\/wp-json\/wp\/v2\/pages\/1550\/revisions\/1994"}],"wp:attachment":[{"href":"https:\/\/www.intimexcoffee.com.vn\/vi\/wp-json\/wp\/v2\/media?parent=1550"}],"curies":[{"name":"wp","href":"https:\/\/api.w.org\/{rel}","templated":true}]}}