{"id":1544,"date":"2021-08-09T08:53:48","date_gmt":"2021-08-09T08:53:48","guid":{"rendered":"https:\/\/www.intimexcoffee.com.vn\/brands\/"},"modified":"2023-09-25T07:17:52","modified_gmt":"2023-09-25T07:17:52","slug":"san-pham-ban-le","status":"publish","type":"page","link":"https:\/\/www.intimexcoffee.com.vn\/vi\/san-pham-ban-le\/","title":{"rendered":"S\u1ea2N PH\u1ea8M B\u00c1N L\u1eba"},"content":{"rendered":"<div class=\"wpb-content-wrapper\">[mk_page_section bg_position=&#8221;center center&#8221; bg_repeat=&#8221;no-repeat&#8221; bg_stretch=&#8221;true&#8221; full_width=&#8221;true&#8221; padding_top=&#8221;0&#8243; padding_bottom=&#8221;0&#8243; el_class=&#8221;green_beans_page_section_hero_banner&#8221; sidebar=&#8221;sidebar-1&#8243;][vc_column][mk_slideshow_box images=&#8221;2067&#8243; bg_repeat=&#8221;no-repeat&#8221; section_height=&#8221;100&#8243; full_height=&#8221;true&#8221; padding_top=&#8221;0&#8243; padding_bottom=&#8221;0&#8243;][\/mk_slideshow_box][\/vc_column][\/mk_page_section][mk_page_section el_class=&#8221;section-padding&#8221; sidebar=&#8221;sidebar-1&#8243;][vc_column][vc_row_inner][vc_column_inner][vc_column_text css=&#8221;.vc_custom_1644156240417{margin-bottom: 0px !important;}&#8221;]\n<h2>S\u1ea2N PH\u1ea8M C\u00c0 PH\u00ca B\u00c1N L\u1eba<\/h2>\n[\/vc_column_text][vc_separator color=&#8221;custom&#8221; align=&#8221;align_left&#8221; border_width=&#8221;6&#8243; el_width=&#8221;10&#8243; accent_color=&#8221;#89befb&#8221;][\/vc_column_inner][\/vc_row_inner][\/vc_column][\/mk_page_section][mk_page_section el_class=&#8221;section-global&#8221; sidebar=&#8221;sidebar-1&#8243;][vc_column][vc_tabs responsive=&#8221;false&#8221;][vc_tab tab_id=&#8221;1636514323914-3-1&#8243; title=&#8221;GLOBAL&#8221;][vc_row_inner][vc_column_inner width=&#8221;1\/3&#8243;][vc_single_image image=&#8221;773&#8243; img_size=&#8221;210&#215;300&#8243; alignment=&#8221;center&#8221;][\/vc_column_inner][vc_column_inner width=&#8221;1\/3&#8243;][vc_single_image image=&#8221;775&#8243; img_size=&#8221;210&#215;300&#8243; alignment=&#8221;center&#8221;][\/vc_column_inner][vc_column_inner width=&#8221;1\/3&#8243;][vc_single_image image=&#8221;777&#8243; img_size=&#8221;210&#215;300&#8243; alignment=&#8221;center&#8221;][\/vc_column_inner][\/vc_row_inner][vc_row_inner][vc_column_inner width=&#8221;1\/3&#8243;][vc_single_image image=&#8221;771&#8243; img_size=&#8221;210&#215;300&#8243; alignment=&#8221;center&#8221;][\/vc_column_inner][vc_column_inner width=&#8221;1\/3&#8243;][vc_single_image image=&#8221;767&#8243; img_size=&#8221;210&#215;300&#8243; alignment=&#8221;center&#8221;][\/vc_column_inner][vc_column_inner width=&#8221;1\/3&#8243;][vc_single_image image=&#8221;769&#8243; img_size=&#8221;210&#215;300&#8243; alignment=&#8221;center&#8221;][\/vc_column_inner][\/vc_row_inner][\/vc_tab][vc_tab title=&#8221;ITGCOFFEE&#8221; tab_id=&#8221;1636090519-2-77&#8243;][vc_row_inner][vc_column_inner width=&#8221;1\/3&#8243;][vc_single_image image=&#8221;1368&#8243; img_size=&#8221;medium&#8221; alignment=&#8221;center&#8221;][\/vc_column_inner][vc_column_inner width=&#8221;1\/3&#8243;][vc_single_image image=&#8221;1386&#8243; img_size=&#8221;medium&#8221; alignment=&#8221;center&#8221;][\/vc_column_inner][vc_column_inner width=&#8221;1\/3&#8243;][vc_single_image image=&#8221;1370&#8243; img_size=&#8221;medium&#8221; alignment=&#8221;center&#8221;][\/vc_column_inner][\/vc_row_inner][vc_row_inner][vc_column_inner width=&#8221;1\/3&#8243;][vc_single_image image=&#8221;1372&#8243; img_size=&#8221;medium&#8221; alignment=&#8221;center&#8221;][\/vc_column_inner][vc_column_inner width=&#8221;1\/3&#8243;][vc_single_image image=&#8221;1378&#8243; img_size=&#8221;medium&#8221; alignment=&#8221;center&#8221;][\/vc_column_inner][vc_column_inner width=&#8221;1\/3&#8243;][vc_single_image image=&#8221;1376&#8243; img_size=&#8221;medium&#8221; alignment=&#8221;center&#8221;][\/vc_column_inner][\/vc_row_inner][\/vc_tab][vc_tab title=&#8221;KABEV&#8221; tab_id=&#8221;1636090687303-2-9&#8243;][vc_row_inner][vc_column_inner width=&#8221;1\/3&#8243;][\/vc_column_inner][vc_column_inner width=&#8221;1\/3&#8243;][vc_single_image image=&#8221;1363&#8243; img_size=&#8221;medium&#8221; alignment=&#8221;center&#8221;][\/vc_column_inner][vc_column_inner width=&#8221;1\/3&#8243;][\/vc_column_inner][\/vc_row_inner][\/vc_tab][\/vc_tabs][\/vc_column][\/mk_page_section][mk_page_section sidebar=&#8221;sidebar-1&#8243;][vc_column][mk_padding_divider][vc_row_inner][vc_column_inner][vc_column_text css=&#8221;.vc_custom_1635495630909{margin-bottom: 0px !important;}&#8221;]\n<h2>MASCOPEX COFFEE<\/h2>\n[\/vc_column_text][vc_separator color=&#8221;custom&#8221; align=&#8221;align_left&#8221; border_width=&#8221;6&#8243; el_width=&#8221;20&#8243; accent_color=&#8221;#89befb&#8221;][mk_padding_divider size=&#8221;20&#8243;][vc_column_text css=&#8221;.vc_custom_1638772014589{margin-bottom: 0px !important;}&#8221;]<strong>\u0110\u1ecba ch\u1ec9:<\/strong> 17 T\u00f4 Hi\u1ec7u, Ph\u01b0\u1eddng V\u0129nh Nguy\u00ean, Th\u00e0nh ph\u1ed1 Nha Trang, T\u1ec9nh Kh\u00e1nh H\u00f2a<br \/>\n<strong>\u0110i\u1ec7n tho\u1ea1i:<\/strong> +84 28 3820 8052[\/vc_column_text][\/vc_column_inner][\/vc_row_inner][\/vc_column][\/mk_page_section][mk_page_section el_class=&#8221;slider-coffee-shops&#8221; sidebar=&#8221;sidebar-1&#8243;][vc_column][vc_row_inner][vc_column_inner][vc_single_image image=&#8221;889&#8243; img_size=&#8221;full&#8221; alignment=&#8221;center&#8221;][\/vc_column_inner][\/vc_row_inner][vc_row_inner][vc_column_inner][vc_single_image image=&#8221;891&#8243; img_size=&#8221;full&#8221; alignment=&#8221;center&#8221;][\/vc_column_inner][\/vc_row_inner][vc_row_inner][vc_column_inner][vc_single_image image=&#8221;897&#8243; img_size=&#8221;full&#8221; alignment=&#8221;center&#8221;][\/vc_column_inner][\/vc_row_inner][vc_row_inner][vc_column_inner][vc_single_image image=&#8221;899&#8243; img_size=&#8221;full&#8221; alignment=&#8221;center&#8221;][\/vc_column_inner][\/vc_row_inner][vc_row_inner][vc_column_inner][vc_single_image image=&#8221;901&#8243; img_size=&#8221;full&#8221; alignment=&#8221;center&#8221;][\/vc_column_inner][\/vc_row_inner][\/vc_column][\/mk_page_section][vc_row][vc_column][mk_padding_divider][\/vc_column][\/vc_row]\n<\/div>","protected":false},"excerpt":{"rendered":"<p>[mk_page_section bg_position=&#8221;center center&#8221; bg_repeat=&#8221;no-repeat&#8221; bg_stretch=&#8221;true&#8221; full_width=&#8221;true&#8221; padding_top=&#8221;0&#8243; padding_bottom=&#8221;0&#8243; el_class=&#8221;green_beans_page_section_hero_banner&#8221; sidebar=&#8221;sidebar-1&#8243;][vc_column][mk_slideshow_box images=&#8221;2067&#8243; bg_repeat=&#8221;no-repeat&#8221; section_height=&#8221;100&#8243; full_height=&#8221;true&#8221; padding_top=&#8221;0&#8243; padding_bottom=&#8221;0&#8243;][\/mk_slideshow_box][\/vc_column][\/mk_page_section][mk_page_section el_class=&#8221;section-padding&#8221; sidebar=&#8221;sidebar-1&#8243;][vc_column][vc_row_inner][vc_column_inner][vc_column_text css=&#8221;.vc_custom_1644156240417{margin-bottom: 0px !important;}&#8221;] S\u1ea2N PH\u1ea8M C\u00c0 PH\u00ca B\u00c1N L\u1eba [\/vc_column_text][vc_separator color=&#8221;custom&#8221; align=&#8221;align_left&#8221; border_width=&#8221;6&#8243; el_width=&#8221;10&#8243; accent_color=&#8221;#89befb&#8221;][\/vc_column_inner][\/vc_row_inner][\/vc_column][\/mk_page_section][mk_page_section el_class=&#8221;section-global&#8221; sidebar=&#8221;sidebar-1&#8243;][vc_column][vc_tabs responsive=&#8221;false&#8221;][vc_tab tab_id=&#8221;1636514323914-3-1&#8243; title=&#8221;GLOBAL&#8221;][vc_row_inner][vc_column_inner width=&#8221;1\/3&#8243;][vc_single_image image=&#8221;773&#8243; img_size=&#8221;210&#215;300&#8243; alignment=&#8221;center&#8221;][\/vc_column_inner][vc_column_inner width=&#8221;1\/3&#8243;][vc_single_image image=&#8221;775&#8243; img_size=&#8221;210&#215;300&#8243; alignment=&#8221;center&#8221;][\/vc_column_inner][vc_column_inner width=&#8221;1\/3&#8243;][vc_single_image image=&#8221;777&#8243; img_size=&#8221;210&#215;300&#8243; alignment=&#8221;center&#8221;][\/vc_column_inner][\/vc_row_inner][vc_row_inner][vc_column_inner width=&#8221;1\/3&#8243;][vc_single_image image=&#8221;771&#8243; img_size=&#8221;210&#215;300&#8243; alignment=&#8221;center&#8221;][\/vc_column_inner][vc_column_inner width=&#8221;1\/3&#8243;][vc_single_image [&hellip;]<\/p>\n","protected":false},"author":1,"featured_media":0,"parent":0,"menu_order":0,"comment_status":"closed","ping_status":"closed","template":"","meta":{"inline_featured_image":false,"footnotes":""},"class_list":["post-1544","page","type-page","status-publish","hentry"],"yoast_head":"<!-- This site is optimized with the Yoast SEO plugin v23.6 - https:\/\/yoast.com\/wordpress\/plugins\/seo\/ -->\n<title>S\u1ea2N PH\u1ea8M B\u00c1N L\u1eba - INTIMEX GROUP<\/title>\n<meta name=\"description\" content=\"We are proud to be the leading one with the annual export volume of 450,000 tons green coffee bean. Up to now, we are operating 13 green coffee bean processing factories and 1 instant coffee processing factory across different key regions in Vietnam\" \/>\n<meta name=\"robots\" content=\"index, follow, max-snippet:-1, max-image-preview:large, max-video-preview:-1\" \/>\n<link rel=\"canonical\" href=\"https:\/\/www.intimexcoffee.com.vn\/vi\/san-pham-ban-le\/\" \/>\n<meta property=\"og:locale\" content=\"vi_VN\" \/>\n<meta property=\"og:type\" content=\"article\" \/>\n<meta property=\"og:title\" content=\"S\u1ea2N PH\u1ea8M B\u00c1N L\u1eba - INTIMEX GROUP\" \/>\n<meta property=\"og:description\" content=\"We are proud to be the leading one with the annual export volume of 450,000 tons green coffee bean. Up to now, we are operating 13 green coffee bean processing factories and 1 instant coffee processing factory across different key regions in Vietnam\" \/>\n<meta property=\"og:url\" content=\"https:\/\/www.intimexcoffee.com.vn\/vi\/san-pham-ban-le\/\" \/>\n<meta property=\"og:site_name\" content=\"INTIMEX GROUP\" \/>\n<meta property=\"article:modified_time\" content=\"2023-09-25T07:17:52+00:00\" \/>\n<meta name=\"twitter:card\" content=\"summary_large_image\" \/>\n<meta name=\"twitter:label1\" content=\"Est. reading time\" \/>\n\t<meta name=\"twitter:data1\" content=\"1 minute\" \/>\n<script type=\"application\/ld+json\" class=\"yoast-schema-graph\">{\"@context\":\"https:\/\/schema.org\",\"@graph\":[{\"@type\":\"WebPage\",\"@id\":\"https:\/\/www.intimexcoffee.com.vn\/vi\/san-pham-ban-le\/\",\"url\":\"https:\/\/www.intimexcoffee.com.vn\/vi\/san-pham-ban-le\/\",\"name\":\"S\u1ea2N PH\u1ea8M B\u00c1N L\u1eba - INTIMEX GROUP\",\"isPartOf\":{\"@id\":\"https:\/\/www.intimexcoffee.com.vn\/#website\"},\"datePublished\":\"2021-08-09T08:53:48+00:00\",\"dateModified\":\"2023-09-25T07:17:52+00:00\",\"description\":\"We are proud to be the leading one with the annual export volume of 450,000 tons green coffee bean. Up to now, we are operating 13 green coffee bean processing factories and 1 instant coffee processing factory across different key regions in Vietnam\",\"breadcrumb\":{\"@id\":\"https:\/\/www.intimexcoffee.com.vn\/vi\/san-pham-ban-le\/#breadcrumb\"},\"inLanguage\":\"vi-VN\",\"potentialAction\":[{\"@type\":\"ReadAction\",\"target\":[\"https:\/\/www.intimexcoffee.com.vn\/vi\/san-pham-ban-le\/\"]}]},{\"@type\":\"BreadcrumbList\",\"@id\":\"https:\/\/www.intimexcoffee.com.vn\/vi\/san-pham-ban-le\/#breadcrumb\",\"itemListElement\":[{\"@type\":\"ListItem\",\"position\":1,\"name\":\"Home\",\"item\":\"https:\/\/www.intimexcoffee.com.vn\/vi\/\"},{\"@type\":\"ListItem\",\"position\":2,\"name\":\"S\u1ea2N PH\u1ea8M B\u00c1N L\u1eba\"}]},{\"@type\":\"WebSite\",\"@id\":\"https:\/\/www.intimexcoffee.com.vn\/#website\",\"url\":\"https:\/\/www.intimexcoffee.com.vn\/\",\"name\":\"INTIMEX GROUP\",\"description\":\"\",\"publisher\":{\"@id\":\"https:\/\/www.intimexcoffee.com.vn\/#organization\"},\"potentialAction\":[{\"@type\":\"SearchAction\",\"target\":{\"@type\":\"EntryPoint\",\"urlTemplate\":\"https:\/\/www.intimexcoffee.com.vn\/?s={search_term_string}\"},\"query-input\":{\"@type\":\"PropertyValueSpecification\",\"valueRequired\":true,\"valueName\":\"search_term_string\"}}],\"inLanguage\":\"vi-VN\"},{\"@type\":\"Organization\",\"@id\":\"https:\/\/www.intimexcoffee.com.vn\/#organization\",\"name\":\"INTIMEX GROUP\",\"url\":\"https:\/\/www.intimexcoffee.com.vn\/\",\"logo\":{\"@type\":\"ImageObject\",\"inLanguage\":\"vi-VN\",\"@id\":\"https:\/\/www.intimexcoffee.com.vn\/#\/schema\/logo\/image\/\",\"url\":\"https:\/\/www.intimexcoffee.com.vn\/wp-content\/uploads\/2021\/12\/cropped-logo-intimex-group-512x512-01.png\",\"contentUrl\":\"https:\/\/www.intimexcoffee.com.vn\/wp-content\/uploads\/2021\/12\/cropped-logo-intimex-group-512x512-01.png\",\"width\":512,\"height\":512,\"caption\":\"INTIMEX GROUP\"},\"image\":{\"@id\":\"https:\/\/www.intimexcoffee.com.vn\/#\/schema\/logo\/image\/\"}}]}<\/script>\n<!-- \/ Yoast SEO plugin. -->","yoast_head_json":{"title":"S\u1ea2N PH\u1ea8M B\u00c1N L\u1eba - INTIMEX GROUP","description":"We are proud to be the leading one with the annual export volume of 450,000 tons green coffee bean. Up to now, we are operating 13 green coffee bean processing factories and 1 instant coffee processing factory across different key regions in Vietnam","robots":{"index":"index","follow":"follow","max-snippet":"max-snippet:-1","max-image-preview":"max-image-preview:large","max-video-preview":"max-video-preview:-1"},"canonical":"https:\/\/www.intimexcoffee.com.vn\/vi\/san-pham-ban-le\/","og_locale":"vi_VN","og_type":"article","og_title":"S\u1ea2N PH\u1ea8M B\u00c1N L\u1eba - INTIMEX GROUP","og_description":"We are proud to be the leading one with the annual export volume of 450,000 tons green coffee bean. Up to now, we are operating 13 green coffee bean processing factories and 1 instant coffee processing factory across different key regions in Vietnam","og_url":"https:\/\/www.intimexcoffee.com.vn\/vi\/san-pham-ban-le\/","og_site_name":"INTIMEX GROUP","article_modified_time":"2023-09-25T07:17:52+00:00","twitter_card":"summary_large_image","twitter_misc":{"Est. reading time":"1 minute"},"schema":{"@context":"https:\/\/schema.org","@graph":[{"@type":"WebPage","@id":"https:\/\/www.intimexcoffee.com.vn\/vi\/san-pham-ban-le\/","url":"https:\/\/www.intimexcoffee.com.vn\/vi\/san-pham-ban-le\/","name":"S\u1ea2N PH\u1ea8M B\u00c1N L\u1eba - INTIMEX GROUP","isPartOf":{"@id":"https:\/\/www.intimexcoffee.com.vn\/#website"},"datePublished":"2021-08-09T08:53:48+00:00","dateModified":"2023-09-25T07:17:52+00:00","description":"We are proud to be the leading one with the annual export volume of 450,000 tons green coffee bean. Up to now, we are operating 13 green coffee bean processing factories and 1 instant coffee processing factory across different key regions in Vietnam","breadcrumb":{"@id":"https:\/\/www.intimexcoffee.com.vn\/vi\/san-pham-ban-le\/#breadcrumb"},"inLanguage":"vi-VN","potentialAction":[{"@type":"ReadAction","target":["https:\/\/www.intimexcoffee.com.vn\/vi\/san-pham-ban-le\/"]}]},{"@type":"BreadcrumbList","@id":"https:\/\/www.intimexcoffee.com.vn\/vi\/san-pham-ban-le\/#breadcrumb","itemListElement":[{"@type":"ListItem","position":1,"name":"Home","item":"https:\/\/www.intimexcoffee.com.vn\/vi\/"},{"@type":"ListItem","position":2,"name":"S\u1ea2N PH\u1ea8M B\u00c1N L\u1eba"}]},{"@type":"WebSite","@id":"https:\/\/www.intimexcoffee.com.vn\/#website","url":"https:\/\/www.intimexcoffee.com.vn\/","name":"INTIMEX GROUP","description":"","publisher":{"@id":"https:\/\/www.intimexcoffee.com.vn\/#organization"},"potentialAction":[{"@type":"SearchAction","target":{"@type":"EntryPoint","urlTemplate":"https:\/\/www.intimexcoffee.com.vn\/?s={search_term_string}"},"query-input":{"@type":"PropertyValueSpecification","valueRequired":true,"valueName":"search_term_string"}}],"inLanguage":"vi-VN"},{"@type":"Organization","@id":"https:\/\/www.intimexcoffee.com.vn\/#organization","name":"INTIMEX GROUP","url":"https:\/\/www.intimexcoffee.com.vn\/","logo":{"@type":"ImageObject","inLanguage":"vi-VN","@id":"https:\/\/www.intimexcoffee.com.vn\/#\/schema\/logo\/image\/","url":"https:\/\/www.intimexcoffee.com.vn\/wp-content\/uploads\/2021\/12\/cropped-logo-intimex-group-512x512-01.png","contentUrl":"https:\/\/www.intimexcoffee.com.vn\/wp-content\/uploads\/2021\/12\/cropped-logo-intimex-group-512x512-01.png","width":512,"height":512,"caption":"INTIMEX GROUP"},"image":{"@id":"https:\/\/www.intimexcoffee.com.vn\/#\/schema\/logo\/image\/"}}]}},"_links":{"self":[{"href":"https:\/\/www.intimexcoffee.com.vn\/vi\/wp-json\/wp\/v2\/pages\/1544"}],"collection":[{"href":"https:\/\/www.intimexcoffee.com.vn\/vi\/wp-json\/wp\/v2\/pages"}],"about":[{"href":"https:\/\/www.intimexcoffee.com.vn\/vi\/wp-json\/wp\/v2\/types\/page"}],"author":[{"embeddable":true,"href":"https:\/\/www.intimexcoffee.com.vn\/vi\/wp-json\/wp\/v2\/users\/1"}],"replies":[{"embeddable":true,"href":"https:\/\/www.intimexcoffee.com.vn\/vi\/wp-json\/wp\/v2\/comments?post=1544"}],"version-history":[{"count":11,"href":"https:\/\/www.intimexcoffee.com.vn\/vi\/wp-json\/wp\/v2\/pages\/1544\/revisions"}],"predecessor-version":[{"id":2076,"href":"https:\/\/www.intimexcoffee.com.vn\/vi\/wp-json\/wp\/v2\/pages\/1544\/revisions\/2076"}],"wp:attachment":[{"href":"https:\/\/www.intimexcoffee.com.vn\/vi\/wp-json\/wp\/v2\/media?parent=1544"}],"curies":[{"name":"wp","href":"https:\/\/api.w.org\/{rel}","templated":true}]}}