{"id":1534,"date":"2021-10-29T10:22:53","date_gmt":"2021-10-29T10:22:53","guid":{"rendered":"https:\/\/www.intimexcoffee.com.vn\/our-plants\/"},"modified":"2022-02-28T04:03:34","modified_gmt":"2022-02-28T04:03:34","slug":"cong-ty","status":"publish","type":"page","link":"https:\/\/www.intimexcoffee.com.vn\/vi\/cong-ty\/","title":{"rendered":"C\u00d4NG TY TH\u00c0NH VI\u00caN"},"content":{"rendered":"<div class=\"wpb-content-wrapper\">[mk_page_section bg_position=&#8221;center center&#8221; bg_repeat=&#8221;no-repeat&#8221; bg_stretch=&#8221;true&#8221; video_color_mask=&#8221;rgba(0,0,0,0.7)&#8221; el_class=&#8221;section-padding section-our-plants&#8221; sidebar=&#8221;sidebar-1&#8243;][vc_column][mk_padding_divider size=&#8221;60&#8243;][vc_row_inner][vc_column_inner width=&#8221;1\/3&#8243;][mk_custom_box padding_vertical=&#8221;0&#8243; padding_horizental=&#8221;0&#8243; margin_bottom=&#8221;0&#8243; bg_image=&#8221;http:\/\/www.intimexcoffee.com.vn\/wp-content\/uploads\/2021\/12\/9.mascopex-gia-lai-1.jpg&#8221; bg_repeat=&#8221;repeat&#8221; bg_stretch=&#8221;true&#8221;][vc_column_text align=&#8221;center&#8221; el_class=&#8221;content-our-plants&#8221; css=&#8221;.vc_custom_1638720900918{margin-bottom: 0px !important;}&#8221;]\n<p style=\"text-align: left;\"><strong>\u0110\u1ecba ch\u1ec9<\/strong>: 38B \u0111\u01b0\u1eddng Nguy\u1ec5n Bi\u1ec3u, ph\u01b0\u1eddng V\u0129nh H\u1ea3i, Th\u00e0nh ph\u1ed1 Nha Trang, T\u1ec9nh Kh\u00e1nh H\u00f2a<br \/>\n<strong>\u0110i\u1ec7n tho\u1ea1i:<\/strong> +84 258 383 1079<br \/>\n<strong>Fax:<\/strong> +84 258 383 1688<br \/>\n<strong>Email<\/strong>: info@mascopex.com<\/p>\n[\/vc_column_text][\/mk_custom_box][vc_column_text align=&#8221;center&#8221; el_class=&#8221;title-our-plants&#8221; css=&#8221;.vc_custom_1638720677700{margin-bottom: 0px !important;}&#8221;]\n<h4 class=\"color_white\">C\u00d4NG TY C\u1ed4 PH\u1ea6N MASCOPEX<\/h4>\n[\/vc_column_text][\/vc_column_inner][vc_column_inner width=&#8221;1\/3&#8243;][mk_custom_box padding_vertical=&#8221;0&#8243; padding_horizental=&#8221;0&#8243; margin_bottom=&#8221;0&#8243; bg_image=&#8221;http:\/\/www.intimexcoffee.com.vn\/wp-content\/uploads\/2021\/11\/my-phuoc-1-scaled-e1636115966248.jpg&#8221; bg_stretch=&#8221;true&#8221;][vc_column_text align=&#8221;center&#8221; el_class=&#8221;content-our-plants&#8221; css=&#8221;.vc_custom_1638721996489{margin-bottom: 0px !important;}&#8221;]\n<p style=\"text-align: left;\"><strong>\u0110\u1ecba ch\u1ec9:<\/strong> L\u00f4 D-8E-CN, Khu c\u00f4ng nghi\u1ec7p M\u1ef9 Ph\u01b0\u1edbc 3, ph\u01b0\u1eddng Th\u1edbi H\u00f2a, Th\u1ecb x\u00e3 B\u1ebfn C\u00e1t, T\u1ec9nh B\u00ecnh D\u01b0\u01a1ng<br \/>\n<strong>\u0110i\u1ec7n tho\u1ea1i:<\/strong> +84 274 3668 887<br \/>\n<strong>Fax:<\/strong> +84 274 3577 587<br \/>\n<strong>Email:<\/strong> intimexmp@intimexmp.com<\/p>\n[\/vc_column_text][\/mk_custom_box][vc_column_text align=&#8221;center&#8221; el_class=&#8221;title-our-plants&#8221; css=&#8221;.vc_custom_1638721516437{margin-bottom: 0px !important;}&#8221;]\n<h4 class=\"color_white\">C\u00d4NG TY C\u1ed4 PH\u1ea6N<br \/>\nINTIMEX M\u1ef8 PH\u01af\u1edaC<\/h4>\n[\/vc_column_text][\/vc_column_inner][vc_column_inner width=&#8221;1\/3&#8243;][mk_custom_box padding_vertical=&#8221;0&#8243; padding_horizental=&#8221;0&#8243; margin_bottom=&#8221;0&#8243; bg_image=&#8221;http:\/\/www.intimexcoffee.com.vn\/wp-content\/uploads\/2021\/11\/z2908286090776_ccccbdf66e4352cde8050333b24285a3.jpg&#8221; bg_stretch=&#8221;true&#8221;][vc_column_text align=&#8221;center&#8221; el_class=&#8221;content-our-plants&#8221; css=&#8221;.vc_custom_1638721988844{margin-bottom: 0px !important;}&#8221;]\n<p style=\"text-align: left;\"><strong>\u0110\u1ecba ch\u1ec9:<\/strong> 135 \u0111\u01b0\u1eddng Pasteur, ph\u01b0\u1eddng 6, qu\u1eadn 3, Th\u00e0nh ph\u1ed1 H\u1ed3 Ch\u00ed Minh<br \/>\n<strong>Tel:<\/strong> +84 28 3823 3122<br \/>\n<strong>Fax:<\/strong> +84 28 3822 3121<br \/>\n<strong>Email<\/strong>: agrexport-tphcm@hcm.vnn.vn<\/p>\n[\/vc_column_text][\/mk_custom_box][vc_column_text align=&#8221;center&#8221; el_class=&#8221;title-our-plants&#8221; css=&#8221;.vc_custom_1638721433009{margin-bottom: 0px !important;}&#8221;]\n<h4 class=\"color_white\">C\u00d4NG TY C\u1ed4 PH\u1ea6N AGREXPORT<\/h4>\n[\/vc_column_text][\/vc_column_inner][\/vc_row_inner][vc_row_inner][vc_column_inner width=&#8221;1\/3&#8243;][mk_custom_box padding_vertical=&#8221;0&#8243; padding_horizental=&#8221;0&#8243; margin_bottom=&#8221;0&#8243; bg_image=&#8221;http:\/\/www.intimexcoffee.com.vn\/wp-content\/uploads\/2021\/12\/dak-nong.jpg&#8221; bg_repeat=&#8221;repeat&#8221; bg_stretch=&#8221;true&#8221;][vc_column_text align=&#8221;center&#8221; el_class=&#8221;content-our-plants&#8221; css=&#8221;.vc_custom_1638721978835{margin-bottom: 0px !important;}&#8221;]\n<p style=\"text-align: left;\"><span class=\"text\"><strong>\u0110\u1ecba ch\u1ec9:<\/strong> L\u00f4 CN1, Khu c\u00f4ng nghi\u1ec7p T\u00e2m Th\u1eafng, x\u00e3 T\u00e2m Th\u1eafng, huy\u1ec7n C\u01b0 J\u00fat, \u0110\u1eafk N\u00f4ng<br \/>\n<strong>\u0110i\u1ec7n tho\u1ea1i:<\/strong> +84 261 3682 130<br \/>\n<strong>Fax:<\/strong> +84 261 3682 127<br \/>\n<strong>Email<\/strong>: <\/span>intimex@intimexdaknong.com.vn<\/p>\n[\/vc_column_text][\/mk_custom_box][vc_column_text align=&#8221;center&#8221; el_class=&#8221;title-our-plants&#8221; css=&#8221;.vc_custom_1638721807648{margin-bottom: 0px !important;}&#8221;]\n<h4 class=\"color_white\">C\u00d4NG TY C\u1ed4 PH\u1ea6N<br \/>\nINTIMEX \u0110\u1eaeK N\u00d4NG<\/h4>\n[\/vc_column_text][\/vc_column_inner][vc_column_inner width=&#8221;1\/3&#8243;][mk_custom_box padding_vertical=&#8221;0&#8243; padding_horizental=&#8221;0&#8243; margin_bottom=&#8221;0&#8243; bg_image=&#8221;http:\/\/www.intimexcoffee.com.vn\/wp-content\/uploads\/2021\/11\/bao-loc.png&#8221; bg_stretch=&#8221;true&#8221;][vc_column_text align=&#8221;center&#8221; el_class=&#8221;content-our-plants&#8221; css=&#8221;.vc_custom_1638721970516{margin-bottom: 0px !important;}&#8221;]\n<p style=\"text-align: left;\"><strong>\u0110\u1ecba ch\u1ec9:<\/strong> L\u00f4 CN4, Khu c\u00f4ng nghi\u1ec7p L\u1ed9c S\u01a1n, Th\u00e0nh ph\u1ed1 B\u1ea3o L\u1ed9c, T\u1ec9nh L\u00e2m \u0110\u1ed3ng<br \/>\n<strong>\u0110i\u1ec7n tho\u1ea1i: <\/strong>+84 263 3879 009<br \/>\n<strong>Fax:<\/strong> +84 263 3879 989<br \/>\n<strong>Email:<\/strong> intimexbl@intimexhcm.com<\/p>\n[\/vc_column_text][\/mk_custom_box][vc_column_text align=&#8221;center&#8221; el_class=&#8221;title-our-plants&#8221; css=&#8221;.vc_custom_1638723694122{margin-bottom: 0px !important;}&#8221;]\n<h4 class=\"color_white\">C\u00d4NG TY C\u1ed4 PH\u1ea6N<br \/>\nINTIMEX B\u1ea2O L\u1ed8C<\/h4>\n[\/vc_column_text][\/vc_column_inner][vc_column_inner width=&#8221;1\/3&#8243;][mk_custom_box padding_vertical=&#8221;0&#8243; padding_horizental=&#8221;0&#8243; margin_bottom=&#8221;0&#8243; bg_image=&#8221;http:\/\/www.intimexcoffee.com.vn\/wp-content\/uploads\/2021\/11\/untitled_panorama1-bmt-scaled.jpg&#8221; bg_stretch=&#8221;true&#8221;][vc_column_text align=&#8221;center&#8221; el_class=&#8221;content-our-plants&#8221; css=&#8221;.vc_custom_1638722166253{margin-bottom: 0px !important;}&#8221;]\n<p style=\"text-align: left;\"><strong>\u0110i\u1ec7n tho\u1ea1i:<\/strong> L\u00f4 CN3, Khu c\u00f4ng nghi\u1ec7p T\u00e2n An, KM 8, ph\u01b0\u1eddng T\u00e2n An, Th\u00e0nh ph\u1ed1 Bu\u00f4n Ma Thu\u1ed9t, T\u1ec9nh \u0110\u1eafk L\u1eafk<br \/>\n<strong>\u0110i\u1ec7n tho\u1ea1i:<\/strong> +84 262 3953 989<br \/>\n<strong>Fax:<\/strong> +84 262 3955 607<br \/>\n<strong>Email:<\/strong> intimexbmt@intimexbmt.com<\/p>\n[\/vc_column_text][\/mk_custom_box][vc_column_text align=&#8221;center&#8221; el_class=&#8221;title-our-plants&#8221; css=&#8221;.vc_custom_1638722313017{margin-bottom: 0px !important;}&#8221;]\n<h4 class=\"color_white\">CHI NH\u00c1NH C\u00d4NG TY C\u1ed4 PH\u1ea6N<br \/>\nT\u1eacP \u0110O\u00c0N INTIMEX<br \/>\nT\u1ea0I BU\u00d4N MA THU\u1ed8T<\/h4>\n[\/vc_column_text][\/vc_column_inner][\/vc_row_inner][vc_row_inner][vc_column_inner width=&#8221;1\/3&#8243;][mk_custom_box padding_vertical=&#8221;0&#8243; padding_horizental=&#8221;0&#8243; margin_bottom=&#8221;0&#8243; bg_image=&#8221;http:\/\/www.intimexcoffee.com.vn\/wp-content\/uploads\/2021\/12\/dak-mil-opt2.jpg&#8221; bg_repeat=&#8221;repeat&#8221; bg_stretch=&#8221;true&#8221;][vc_column_text align=&#8221;center&#8221; el_class=&#8221;content-our-plants&#8221; css=&#8221;.vc_custom_1638722525865{margin-bottom: 0px !important;}&#8221;]\n<p style=\"text-align: left;\"><strong>\u0110\u1ecba ch\u1ec9:<\/strong> Khu c\u00f4ng nghi\u1ec7p Thu\u1eadn An, x\u00e3 Thu\u1eadn An, huy\u1ec7n \u0110\u1eafk Mil , T\u1ec9nh \u0110\u1eafk N\u00f4ng<br \/>\n<strong>\u0110i\u1ec7n tho\u1ea1i:<\/strong> +84 261 3746 678<br \/>\n<strong>Fax:<\/strong> +84 261 3746 777<br \/>\n<strong>Email:<\/strong> intimexdm@intimexhcm.com<\/p>\n[\/vc_column_text][\/mk_custom_box][vc_column_text align=&#8221;center&#8221; el_class=&#8221;title-our-plants&#8221; css=&#8221;.vc_custom_1638722577436{margin-bottom: 0px !important;}&#8221;]\n<h4 class=\"color_white\">CHI NH\u00c1NH C\u00d4NG TY C\u1ed4 PH\u1ea6N<br \/>\nT\u1eacP \u0110O\u00c0N INTIMEX<br \/>\nT\u1ea0I \u0110\u1eaeK MIL<\/h4>\n[\/vc_column_text][\/vc_column_inner][vc_column_inner width=&#8221;1\/3&#8243;][mk_custom_box padding_vertical=&#8221;0&#8243; padding_horizental=&#8221;0&#8243; margin_bottom=&#8221;0&#8243; bg_image=&#8221;http:\/\/www.intimexcoffee.com.vn\/wp-content\/uploads\/2021\/11\/long-thanh-scaled.jpg&#8221; bg_stretch=&#8221;true&#8221;][vc_column_text align=&#8221;center&#8221; el_class=&#8221;content-our-plants&#8221; css=&#8221;.vc_custom_1638722656354{margin-bottom: 0px !important;}&#8221;]\n<p style=\"text-align: left;\"><strong>\u0110\u1ecba ch\u1ec9:<\/strong> L\u00f4 D (D3,D4), Street 5, Khu c\u00f4ng nghi\u1ec7p An Ph\u01b0\u1edbc, X\u00e3 An Ph\u01b0\u1edbc, Huy\u1ec7n Long Th\u00e0nh, T\u1ec9nh \u0110\u1ed3ng Nai<br \/>\n<strong>\u0110i\u1ec7n tho\u1ea1i:<\/strong> +84 251 3686 935<br \/>\n<strong>Fax:<\/strong> +84 251 3686 933<br \/>\n<strong>Email:<\/strong> intimexlongthanh@intimexhcm.com<\/p>\n[\/vc_column_text][\/mk_custom_box][vc_column_text align=&#8221;center&#8221; el_class=&#8221;title-our-plants&#8221; css=&#8221;.vc_custom_1638722690236{margin-bottom: 0px !important;}&#8221;]\n<h4 class=\"color_white\">CHI NH\u00c1NH C\u00d4NG TY C\u1ed4 PH\u1ea6N<br \/>\nT\u1eacP \u0110O\u00c0N INTIMEX<br \/>\nT\u1ea0I LONG TH\u00c0NH<\/h4>\n[\/vc_column_text][\/vc_column_inner][vc_column_inner width=&#8221;1\/3&#8243;][mk_custom_box padding_vertical=&#8221;0&#8243; padding_horizental=&#8221;0&#8243; margin_bottom=&#8221;0&#8243; bg_image=&#8221;http:\/\/www.intimexcoffee.com.vn\/wp-content\/uploads\/2021\/11\/xuanloc.png&#8221; bg_stretch=&#8221;true&#8221;][vc_column_text align=&#8221;center&#8221; el_class=&#8221;content-our-plants&#8221; css=&#8221;.vc_custom_1638722887652{margin-bottom: 0px !important;}&#8221;]\n<p style=\"text-align: left;\"><strong>\u0110\u1ecba ch\u1ec9:<\/strong> 137, Qu\u1ed1c l\u1ed9 1A, \u1ea5p B\u1ea3o \u0110\u1ecbnh, x\u00e3 Xu\u00e2n \u0110\u1ecbnh, huy\u1ec7n Xu\u00e2n L\u1ed9c, T\u1ec9nh \u0110\u1ed3ng Nai<br \/>\n<strong>\u0110i\u1ec7n tho\u1ea1i:<\/strong> +84 251 3708 355<br \/>\n<strong>Fax:<\/strong> +84 251 3708 645<br \/>\n<strong>Email:<\/strong> intimexxl@intimexhcm.com<\/p>\n[\/vc_column_text][\/mk_custom_box][vc_column_text align=&#8221;center&#8221; el_class=&#8221;title-our-plants&#8221; css=&#8221;.vc_custom_1638722936646{margin-bottom: 0px !important;}&#8221;]\n<h4 class=\"color_white\">C\u00d4NG TY C\u1ed4 PH\u1ea6N<br \/>\nINTIMEX XUAN LOC<\/h4>\n[\/vc_column_text][\/vc_column_inner][\/vc_row_inner][vc_row_inner][vc_column_inner width=&#8221;1\/3&#8243;][mk_custom_box padding_vertical=&#8221;0&#8243; padding_horizental=&#8221;0&#8243; margin_bottom=&#8221;0&#8243; bg_image=&#8221;http:\/\/www.intimexcoffee.com.vn\/wp-content\/uploads\/2021\/12\/da-nang.jpg&#8221; bg_repeat=&#8221;repeat&#8221; bg_stretch=&#8221;true&#8221;][vc_column_text align=&#8221;center&#8221; el_class=&#8221;content-our-plants&#8221; css=&#8221;.vc_custom_1638723150498{margin-bottom: 0px !important;}&#8221;]\n<p style=\"text-align: left;\"><strong>\u0110\u1ecba ch\u1ec9:<\/strong> 46 \u0111\u01b0\u1eddng Phan \u0110\u00ecnh Ph\u00f9ng, ph\u01b0\u1eddng H\u1ea3i Ch\u00e2u 1, qu\u1eadn H\u1ea3i Ch\u00e2u, Th\u00e0nh ph\u1ed1 \u0110\u00e0 N\u1eb5ng<br \/>\n<strong>\u0110i\u1ec7n tho\u1ea1i:<\/strong> +84 236 3525 106<br \/>\n<strong>Fax:<\/strong> +84 236 3525 718<br \/>\n<strong>Email:<\/strong> intimexdanangjsc@vnn.vn<\/p>\n[\/vc_column_text][\/mk_custom_box][vc_column_text align=&#8221;center&#8221; el_class=&#8221;title-our-plants&#8221; css=&#8221;.vc_custom_1638723193097{margin-bottom: 0px !important;}&#8221;]\n<h4 class=\"color_white\">C\u00d4NG TY C\u1ed4 PH\u1ea6N<br \/>\nINTIMEX \u0110\u00c0 N\u1eb4NG<\/h4>\n[\/vc_column_text][\/vc_column_inner][vc_column_inner width=&#8221;1\/3&#8243;][mk_custom_box padding_vertical=&#8221;0&#8243; padding_horizental=&#8221;0&#8243; margin_bottom=&#8221;0&#8243; bg_image=&#8221;http:\/\/www.intimexcoffee.com.vn\/wp-content\/uploads\/2021\/11\/logo-intimex-group-900&#215;700-01.png&#8221; bg_stretch=&#8221;true&#8221;][vc_column_text align=&#8221;center&#8221; el_class=&#8221;content-our-plants&#8221; css=&#8221;.vc_custom_1638723276998{margin-bottom: 0px !important;}&#8221;]\n<p style=\"text-align: left;\"><strong>\u0110\u1ecba ch\u1ec9:<\/strong> 31 \u0111\u01b0\u1eddng \u0110i\u1ec7n Bi\u00ean Ph\u1ee7, ph\u01b0\u1eddng Minh Khai, qu\u1eadn H\u1ed3ng B\u00e0ng, th\u00e0nh ph\u1ed1 H\u1ea3i Ph\u00f2ng<br \/>\n<strong>\u0110\u1ecba tho\u1ea1i:<\/strong> +84 225 3746 858<br \/>\n<strong>Fax:<\/strong> +84 225 3733448<br \/>\n<strong>Email:<\/strong> intimexhp@gmail.com<\/p>\n[\/vc_column_text][\/mk_custom_box][vc_column_text align=&#8221;center&#8221; el_class=&#8221;title-our-plants&#8221; css=&#8221;.vc_custom_1638723322430{margin-bottom: 0px !important;}&#8221;]\n<h4 class=\"color_white\">C\u00d4NG TY C\u1ed4 PH\u1ea6N<br \/>\nINTIMEX H\u1ea2I PH\u00d2NG<\/h4>\n[\/vc_column_text][\/vc_column_inner][vc_column_inner width=&#8221;1\/3&#8243;][mk_custom_box padding_vertical=&#8221;0&#8243; padding_horizental=&#8221;0&#8243; margin_bottom=&#8221;0&#8243; bg_image=&#8221;http:\/\/www.intimexcoffee.com.vn\/wp-content\/uploads\/2021\/11\/logo-intimex-group-900&#215;700-01.png&#8221; bg_stretch=&#8221;true&#8221;][vc_column_text align=&#8221;center&#8221; el_class=&#8221;content-our-plants&#8221; css=&#8221;.vc_custom_1638723445880{margin-bottom: 0px !important;}&#8221;]\n<p style=\"text-align: left;\"><strong>\u0110\u1ecba ch\u1ec9:<\/strong> 135 ph\u1ed1 Ph\u01b0\u01a1ng Mai, ph\u01b0\u1eddng Ph\u01b0\u01a1ng Mai, qu\u1eadn \u0110\u1ed1ng \u0110a, H\u00e0 N\u1ed9i<br \/>\n<strong>\u0110i\u1ec7n tho\u1ea1i:<\/strong> +84 243 5334 398<br \/>\n<strong>Fax:<\/strong> +84 243 5334 399<br \/>\n<strong>Email:<\/strong> intimextl@intimexhcm.com<\/p>\n[\/vc_column_text][\/mk_custom_box][vc_column_text align=&#8221;center&#8221; el_class=&#8221;title-our-plants&#8221; css=&#8221;.vc_custom_1638723541829{margin-bottom: 0px !important;}&#8221;]\n<h4 class=\"color_white\">CHI NH\u00c1NH TH\u0102NG LONG C\u1ee6A<br \/>\nC\u00d4NG TY C\u1ed4 PH\u1ea6N<br \/>\nT\u1eacP \u0110O\u00c0N INTIMEX<\/h4>\n[\/vc_column_text][\/vc_column_inner][\/vc_row_inner][vc_row_inner][vc_column_inner width=&#8221;1\/3&#8243;][mk_custom_box padding_vertical=&#8221;0&#8243; padding_horizental=&#8221;0&#8243; margin_bottom=&#8221;0&#8243; bg_image=&#8221;http:\/\/www.intimexcoffee.com.vn\/wp-content\/uploads\/2021\/12\/history-1-img_5757-scaled.jpg&#8221; bg_repeat=&#8221;repeat&#8221; bg_stretch=&#8221;true&#8221;][vc_column_text align=&#8221;center&#8221; el_class=&#8221;content-our-plants&#8221; css=&#8221;.vc_custom_1638723633026{margin-bottom: 0px !important;}&#8221;]\n<p style=\"text-align: left;\"><strong>\u0110\u1ecba ch\u1ec9:<\/strong> 30 Cecil Street, #19-08 Prudential Tower, Singapore 049712<br \/>\n<strong>\u0110i\u1ec7n tho\u1ea1i:<\/strong> +65 6836 9975<br \/>\n<strong>Fax:<\/strong> +65 6836 7729<br \/>\n<strong>Email:<\/strong> info@vscomsg.com<\/p>\n[\/vc_column_text][\/mk_custom_box][vc_column_text align=&#8221;center&#8221; el_class=&#8221;title-our-plants&#8221; css=&#8221;.vc_custom_1638723647390{margin-bottom: 0px !important;}&#8221;]\n<h4 class=\"color_white\">VSCOM PTE LTD<\/h4>\n[\/vc_column_text][\/vc_column_inner][\/vc_row_inner][\/vc_column][\/mk_page_section]\n<\/div>","protected":false},"excerpt":{"rendered":"<p>[mk_page_section bg_position=&#8221;center center&#8221; bg_repeat=&#8221;no-repeat&#8221; bg_stretch=&#8221;true&#8221; video_color_mask=&#8221;rgba(0,0,0,0.7)&#8221; el_class=&#8221;section-padding section-our-plants&#8221; sidebar=&#8221;sidebar-1&#8243;][vc_column][mk_padding_divider size=&#8221;60&#8243;][vc_row_inner][vc_column_inner width=&#8221;1\/3&#8243;][mk_custom_box padding_vertical=&#8221;0&#8243; padding_horizental=&#8221;0&#8243; margin_bottom=&#8221;0&#8243; bg_image=&#8221;http:\/\/www.intimexcoffee.com.vn\/wp-content\/uploads\/2021\/12\/9.mascopex-gia-lai-1.jpg&#8221; bg_repeat=&#8221;repeat&#8221; bg_stretch=&#8221;true&#8221;][vc_column_text align=&#8221;center&#8221; el_class=&#8221;content-our-plants&#8221; css=&#8221;.vc_custom_1638720900918{margin-bottom: 0px !important;}&#8221;] \u0110\u1ecba ch\u1ec9: 38B \u0111\u01b0\u1eddng Nguy\u1ec5n Bi\u1ec3u, ph\u01b0\u1eddng V\u0129nh H\u1ea3i, Th\u00e0nh ph\u1ed1 Nha Trang, T\u1ec9nh Kh\u00e1nh H\u00f2a \u0110i\u1ec7n tho\u1ea1i: +84 258 383 1079 Fax: +84 258 383 1688 Email: info@mascopex.com [\/vc_column_text][\/mk_custom_box][vc_column_text align=&#8221;center&#8221; el_class=&#8221;title-our-plants&#8221; css=&#8221;.vc_custom_1638720677700{margin-bottom: [&hellip;]<\/p>\n","protected":false},"author":1,"featured_media":0,"parent":0,"menu_order":0,"comment_status":"closed","ping_status":"closed","template":"","meta":{"inline_featured_image":false,"footnotes":""},"class_list":["post-1534","page","type-page","status-publish","hentry"],"yoast_head":"<!-- This site is optimized with the Yoast SEO plugin v23.6 - https:\/\/yoast.com\/wordpress\/plugins\/seo\/ -->\n<title>C\u00d4NG TY TH\u00c0NH VI\u00caN - INTIMEX GROUP<\/title>\n<meta name=\"description\" content=\"We are proud to be the leading one with the annual export volume of 450,000 tons green coffee bean. Up to now, we are operating 13 green coffee bean processing factories and 1 instant coffee processing factory across different key regions in Vietnam\" \/>\n<meta name=\"robots\" content=\"index, follow, max-snippet:-1, max-image-preview:large, max-video-preview:-1\" \/>\n<link rel=\"canonical\" href=\"https:\/\/www.intimexcoffee.com.vn\/vi\/cong-ty\/\" \/>\n<meta property=\"og:locale\" content=\"vi_VN\" \/>\n<meta property=\"og:type\" content=\"article\" \/>\n<meta property=\"og:title\" content=\"C\u00d4NG TY TH\u00c0NH VI\u00caN - INTIMEX GROUP\" \/>\n<meta property=\"og:description\" content=\"We are proud to be the leading one with the annual export volume of 450,000 tons green coffee bean. Up to now, we are operating 13 green coffee bean processing factories and 1 instant coffee processing factory across different key regions in Vietnam\" \/>\n<meta property=\"og:url\" content=\"https:\/\/www.intimexcoffee.com.vn\/vi\/cong-ty\/\" \/>\n<meta property=\"og:site_name\" content=\"INTIMEX GROUP\" \/>\n<meta property=\"article:modified_time\" content=\"2022-02-28T04:03:34+00:00\" \/>\n<meta name=\"twitter:card\" content=\"summary_large_image\" \/>\n<meta name=\"twitter:label1\" content=\"Est. reading time\" \/>\n\t<meta name=\"twitter:data1\" content=\"8 minutes\" \/>\n<script type=\"application\/ld+json\" class=\"yoast-schema-graph\">{\"@context\":\"https:\/\/schema.org\",\"@graph\":[{\"@type\":\"WebPage\",\"@id\":\"https:\/\/www.intimexcoffee.com.vn\/vi\/cong-ty\/\",\"url\":\"https:\/\/www.intimexcoffee.com.vn\/vi\/cong-ty\/\",\"name\":\"C\u00d4NG TY TH\u00c0NH VI\u00caN - INTIMEX GROUP\",\"isPartOf\":{\"@id\":\"https:\/\/www.intimexcoffee.com.vn\/#website\"},\"datePublished\":\"2021-10-29T10:22:53+00:00\",\"dateModified\":\"2022-02-28T04:03:34+00:00\",\"description\":\"We are proud to be the leading one with the annual export volume of 450,000 tons green coffee bean. Up to now, we are operating 13 green coffee bean processing factories and 1 instant coffee processing factory across different key regions in Vietnam\",\"breadcrumb\":{\"@id\":\"https:\/\/www.intimexcoffee.com.vn\/vi\/cong-ty\/#breadcrumb\"},\"inLanguage\":\"vi-VN\",\"potentialAction\":[{\"@type\":\"ReadAction\",\"target\":[\"https:\/\/www.intimexcoffee.com.vn\/vi\/cong-ty\/\"]}]},{\"@type\":\"BreadcrumbList\",\"@id\":\"https:\/\/www.intimexcoffee.com.vn\/vi\/cong-ty\/#breadcrumb\",\"itemListElement\":[{\"@type\":\"ListItem\",\"position\":1,\"name\":\"Home\",\"item\":\"https:\/\/www.intimexcoffee.com.vn\/vi\/\"},{\"@type\":\"ListItem\",\"position\":2,\"name\":\"C\u00d4NG TY TH\u00c0NH VI\u00caN\"}]},{\"@type\":\"WebSite\",\"@id\":\"https:\/\/www.intimexcoffee.com.vn\/#website\",\"url\":\"https:\/\/www.intimexcoffee.com.vn\/\",\"name\":\"INTIMEX GROUP\",\"description\":\"\",\"publisher\":{\"@id\":\"https:\/\/www.intimexcoffee.com.vn\/#organization\"},\"potentialAction\":[{\"@type\":\"SearchAction\",\"target\":{\"@type\":\"EntryPoint\",\"urlTemplate\":\"https:\/\/www.intimexcoffee.com.vn\/?s={search_term_string}\"},\"query-input\":{\"@type\":\"PropertyValueSpecification\",\"valueRequired\":true,\"valueName\":\"search_term_string\"}}],\"inLanguage\":\"vi-VN\"},{\"@type\":\"Organization\",\"@id\":\"https:\/\/www.intimexcoffee.com.vn\/#organization\",\"name\":\"INTIMEX GROUP\",\"url\":\"https:\/\/www.intimexcoffee.com.vn\/\",\"logo\":{\"@type\":\"ImageObject\",\"inLanguage\":\"vi-VN\",\"@id\":\"https:\/\/www.intimexcoffee.com.vn\/#\/schema\/logo\/image\/\",\"url\":\"https:\/\/www.intimexcoffee.com.vn\/wp-content\/uploads\/2021\/12\/cropped-logo-intimex-group-512x512-01.png\",\"contentUrl\":\"https:\/\/www.intimexcoffee.com.vn\/wp-content\/uploads\/2021\/12\/cropped-logo-intimex-group-512x512-01.png\",\"width\":512,\"height\":512,\"caption\":\"INTIMEX GROUP\"},\"image\":{\"@id\":\"https:\/\/www.intimexcoffee.com.vn\/#\/schema\/logo\/image\/\"}}]}<\/script>\n<!-- \/ Yoast SEO plugin. -->","yoast_head_json":{"title":"C\u00d4NG TY TH\u00c0NH VI\u00caN - INTIMEX GROUP","description":"We are proud to be the leading one with the annual export volume of 450,000 tons green coffee bean. Up to now, we are operating 13 green coffee bean processing factories and 1 instant coffee processing factory across different key regions in Vietnam","robots":{"index":"index","follow":"follow","max-snippet":"max-snippet:-1","max-image-preview":"max-image-preview:large","max-video-preview":"max-video-preview:-1"},"canonical":"https:\/\/www.intimexcoffee.com.vn\/vi\/cong-ty\/","og_locale":"vi_VN","og_type":"article","og_title":"C\u00d4NG TY TH\u00c0NH VI\u00caN - INTIMEX GROUP","og_description":"We are proud to be the leading one with the annual export volume of 450,000 tons green coffee bean. Up to now, we are operating 13 green coffee bean processing factories and 1 instant coffee processing factory across different key regions in Vietnam","og_url":"https:\/\/www.intimexcoffee.com.vn\/vi\/cong-ty\/","og_site_name":"INTIMEX GROUP","article_modified_time":"2022-02-28T04:03:34+00:00","twitter_card":"summary_large_image","twitter_misc":{"Est. reading time":"8 minutes"},"schema":{"@context":"https:\/\/schema.org","@graph":[{"@type":"WebPage","@id":"https:\/\/www.intimexcoffee.com.vn\/vi\/cong-ty\/","url":"https:\/\/www.intimexcoffee.com.vn\/vi\/cong-ty\/","name":"C\u00d4NG TY TH\u00c0NH VI\u00caN - INTIMEX GROUP","isPartOf":{"@id":"https:\/\/www.intimexcoffee.com.vn\/#website"},"datePublished":"2021-10-29T10:22:53+00:00","dateModified":"2022-02-28T04:03:34+00:00","description":"We are proud to be the leading one with the annual export volume of 450,000 tons green coffee bean. Up to now, we are operating 13 green coffee bean processing factories and 1 instant coffee processing factory across different key regions in Vietnam","breadcrumb":{"@id":"https:\/\/www.intimexcoffee.com.vn\/vi\/cong-ty\/#breadcrumb"},"inLanguage":"vi-VN","potentialAction":[{"@type":"ReadAction","target":["https:\/\/www.intimexcoffee.com.vn\/vi\/cong-ty\/"]}]},{"@type":"BreadcrumbList","@id":"https:\/\/www.intimexcoffee.com.vn\/vi\/cong-ty\/#breadcrumb","itemListElement":[{"@type":"ListItem","position":1,"name":"Home","item":"https:\/\/www.intimexcoffee.com.vn\/vi\/"},{"@type":"ListItem","position":2,"name":"C\u00d4NG TY TH\u00c0NH VI\u00caN"}]},{"@type":"WebSite","@id":"https:\/\/www.intimexcoffee.com.vn\/#website","url":"https:\/\/www.intimexcoffee.com.vn\/","name":"INTIMEX GROUP","description":"","publisher":{"@id":"https:\/\/www.intimexcoffee.com.vn\/#organization"},"potentialAction":[{"@type":"SearchAction","target":{"@type":"EntryPoint","urlTemplate":"https:\/\/www.intimexcoffee.com.vn\/?s={search_term_string}"},"query-input":{"@type":"PropertyValueSpecification","valueRequired":true,"valueName":"search_term_string"}}],"inLanguage":"vi-VN"},{"@type":"Organization","@id":"https:\/\/www.intimexcoffee.com.vn\/#organization","name":"INTIMEX GROUP","url":"https:\/\/www.intimexcoffee.com.vn\/","logo":{"@type":"ImageObject","inLanguage":"vi-VN","@id":"https:\/\/www.intimexcoffee.com.vn\/#\/schema\/logo\/image\/","url":"https:\/\/www.intimexcoffee.com.vn\/wp-content\/uploads\/2021\/12\/cropped-logo-intimex-group-512x512-01.png","contentUrl":"https:\/\/www.intimexcoffee.com.vn\/wp-content\/uploads\/2021\/12\/cropped-logo-intimex-group-512x512-01.png","width":512,"height":512,"caption":"INTIMEX GROUP"},"image":{"@id":"https:\/\/www.intimexcoffee.com.vn\/#\/schema\/logo\/image\/"}}]}},"_links":{"self":[{"href":"https:\/\/www.intimexcoffee.com.vn\/vi\/wp-json\/wp\/v2\/pages\/1534"}],"collection":[{"href":"https:\/\/www.intimexcoffee.com.vn\/vi\/wp-json\/wp\/v2\/pages"}],"about":[{"href":"https:\/\/www.intimexcoffee.com.vn\/vi\/wp-json\/wp\/v2\/types\/page"}],"author":[{"embeddable":true,"href":"https:\/\/www.intimexcoffee.com.vn\/vi\/wp-json\/wp\/v2\/users\/1"}],"replies":[{"embeddable":true,"href":"https:\/\/www.intimexcoffee.com.vn\/vi\/wp-json\/wp\/v2\/comments?post=1534"}],"version-history":[{"count":7,"href":"https:\/\/www.intimexcoffee.com.vn\/vi\/wp-json\/wp\/v2\/pages\/1534\/revisions"}],"predecessor-version":[{"id":1960,"href":"https:\/\/www.intimexcoffee.com.vn\/vi\/wp-json\/wp\/v2\/pages\/1534\/revisions\/1960"}],"wp:attachment":[{"href":"https:\/\/www.intimexcoffee.com.vn\/vi\/wp-json\/wp\/v2\/media?parent=1534"}],"curies":[{"name":"wp","href":"https:\/\/api.w.org\/{rel}","templated":true}]}}